{"id":43,"date":"2026-02-21T16:25:37","date_gmt":"2026-02-21T15:25:37","guid":{"rendered":"https:\/\/imexcomed.com.bo\/?page_id=43"},"modified":"2026-04-10T09:18:20","modified_gmt":"2026-04-10T13:18:20","slug":"historia","status":"publish","type":"page","link":"https:\/\/imexcomed.com.bo\/index.php\/historia\/","title":{"rendered":"Historia"},"content":{"rendered":"<div class=\"et_pb_section_0 et_pb_section et_section_regular et_block_section\"><\/div>\n\n<div class=\"et_pb_section_1 et_pb_section et_section_regular et_block_section\">\n<div class=\"et_pb_row_0 et_pb_row et_block_row\">\n<div class=\"et_pb_column_0 et_pb_column et_pb_column_1_3 et_block_column et_pb_css_mix_blend_mode_passthrough testimonios preset--module--divi-column--699ca9bff37bc\">\n<div class=\"et_pb_text_0 et_pb_text et_pb_bg_layout_light et_pb_module et_block_module preset--group--divi-text--divi-font-body--h19rs5u--default preset--group--divi-text--divi-font-body--h1yjkjr--default preset--module--divi-text--699ca9bff37ce\"><div class=\"et_pb_text_inner\"><table border=\"1\" style=\"width: 100%; border-collapse: collapse; border-style: hidden; height: 18px;\">\n<tbody>\n<tr style=\"height: 18px;\">\n<td style=\"width: 10%; padding-left: 0%; padding-right: 0%; border-style: none; text-align: right; height: 18px;\"><img loading=\"lazy\" decoding=\"async\" src=\"https:\/\/imexcomed.com.bo\/wp-content\/uploads\/2026\/03\/flechaverde-down.png\" width=\"25\" height=\"17\" alt=\"\" class=\"wp-image-770 aligncenter size-full\" \/><\/td>\n<td style=\"width: 80%; padding-left: 0%; border-style: none; height: 18px;\">Historia<\/td>\n<\/tr>\n<\/tbody>\n<\/table>\n<h2><\/h2>\n<\/div><\/div>\n<\/div>\n\n<div class=\"et_pb_column_1 et_pb_column et_pb_column_1_3 et_block_column et_pb_css_mix_blend_mode_passthrough testimonios preset--module--divi-column--699ca9bff37bc\">\n<div class=\"et_pb_text_1 et_pb_text et_pb_bg_layout_light et_pb_module et_block_module preset--group--divi-text--divi-font-body--h19rs5u--default preset--group--divi-text--divi-font-body--h1yjkjr--default preset--module--divi-text--699ca9bff37ce\"><div class=\"et_pb_text_inner\"><table border=\"1\" style=\"height: 42px; width: 84.8429%; border-collapse: collapse; border-style: hidden;\" height=\"42\">\n<tbody>\n<tr>\n<td style=\"width: 100%; border-style: none;\">\n<h2 style=\"text-align: right;\">Luis Monje<\/h2>\n<p style=\"text-align: right;\">Fundador IMEXCOMED<\/p>\n<\/td>\n<\/tr>\n<\/tbody>\n<\/table>\n<\/div><\/div>\n<\/div>\n\n<div class=\"et_pb_column_2 et_pb_column et_pb_column_1_3 et-last-child et_block_column et_pb_css_mix_blend_mode_passthrough testimonios preset--module--divi-column--699ca9bff37bc\">\n<div class=\"et_pb_image_0 et_pb_image et_pb_module et_block_module\"><span class=\"et_pb_image_wrap\"><img loading=\"lazy\" decoding=\"async\" src=\"https:\/\/imexcomed.com.bo\/wp-content\/uploads\/2026\/02\/Luis-Monje.png\" width=\"375\" height=\"375\" srcset=\"https:\/\/imexcomed.com.bo\/wp-content\/uploads\/2026\/02\/Luis-Monje.png 375w, https:\/\/imexcomed.com.bo\/wp-content\/uploads\/2026\/02\/Luis-Monje-300x300.png 300w, https:\/\/imexcomed.com.bo\/wp-content\/uploads\/2026\/02\/Luis-Monje-150x150.png 150w\" sizes=\"(max-width: 375px) 100vw, 375px\" class=\"wp-image-309\" title=\"Luis Monje\" \/><\/span><\/div>\n<\/div>\n<\/div>\n<\/div>\n\n<div class=\"et_pb_section_2 et_pb_section et_section_regular et_block_section\">\n<div class=\"et_pb_row_1 et_pb_row et_block_row\">\n<div class=\"et_pb_column_3 et_pb_column et_pb_column_3_5 et_block_column et_pb_css_mix_blend_mode_passthrough testimonios preset--module--divi-column--699ca9bff37bc\">\n<div class=\"et_pb_text_2 et_pb_text et_pb_bg_layout_light et_pb_module et_block_module preset--group--divi-text--divi-font-body--h19rs5u--default preset--group--divi-text--divi-font-body--h1yjkjr--default preset--module--divi-text--699ca9bff37ce\"><div class=\"et_pb_text_inner\"><p>No existe nada m\u00e1s Econ\u00f3mico<\/p>\n<p>que Alta Calidad...<\/p>\n<\/div><\/div>\n\n<div class=\"et_pb_text_3 et_pb_text et_pb_bg_layout_light et_pb_module et_block_module preset--group--divi-text--divi-font-body--h19rs5u--default preset--group--divi-text--divi-font-body--h1yjkjr--default preset--module--divi-text--699ca9bff37ce\"><div class=\"et_pb_text_inner\"><p style=\"text-align: justify;\">Fundada el 1ro. de Abril de 1970, IMEXCOM naci\u00f3 con el objetivo de importar a nuestro pa\u00eds Material de Laboratorio, Reactivos y algunos Insumos Hospitalarios.<\/p>\n<p style=\"text-align: justify;\">Con el correr de los a\u00f1os IMEXCOM se fue afianzando como empresa, adquiriendo mayor conocimiento y adentr\u00e1ndose mucho m\u00e1s en el rubro M\u00e9dico Hospitalario. El contacto con varias empresas extranjeras ampliaron la visi\u00f3n y el futuro de la empresa.<\/p>\n<p style=\"text-align: justify;\">Con el conocimiento adquirido del Mercado Boliviano, sus necesidades y el contacto con empresas l\u00edderes en el mercado mundial, IMEXCOM en el a\u00f1o 1985 decide especializar su enfoque y \u00fanicamente se dedica a la Importaci\u00f3n y Comercializaci\u00f3n de Material M\u00e9dico Quir\u00fargico.<\/p>\n<p style=\"text-align: justify;\">En el a\u00f1o 1996 con el ingreso de nuevos socios y con Representaciones Exclusivas Consolidadas, se funda IMEXCOMED S.R.L. una empresa familiar dedicada a la Importaci\u00f3n y Comercializaci\u00f3n de Equipo, Instrumental e Insumo M\u00e9dico de reconocidas marcas a nivel Mundial.<\/p>\n<\/div><\/div>\n<\/div>\n\n<div class=\"et_pb_column_4 et_pb_column et_pb_column_2_5 et-last-child et_block_column et_pb_css_mix_blend_mode_passthrough testimonios preset--module--divi-column--699ca9bff37bc\">\n<div class=\"et_pb_text_4 et_pb_text et_pb_bg_layout_light et_pb_module et_block_module preset--group--divi-text--divi-font-body--h19rs5u--default preset--group--divi-text--divi-font-body--h1yjkjr--default preset--module--divi-text--699ca9bff37ce\"><div class=\"et_pb_text_inner\"><table border=\"1\" style=\"width: 95.4126%; border-collapse: collapse; border-style: none; height: 59px;\">\n<tbody>\n<tr style=\"height: 24px;\">\n<td style=\"width: 10%; padding-right: 5px; border-style: none; height: 12px; text-align: right;\"><img loading=\"lazy\" decoding=\"async\" src=\"https:\/\/imexcomed.com.bo\/wp-content\/uploads\/2026\/03\/flecha-verde-left.png\" width=\"14\" height=\"21\" alt=\"\" class=\"wp-image-771 aligncenter size-full\" \/><\/td>\n<td style=\"width: 80%; padding-left: 0%; border-style: none none solid; border-bottom-width: 1px; border-bottom-color: #cccccc; height: 25px;\"><a href=\"https:\/\/imexcomed.com.bo\/index.php\/filosofia-y-valores\/\">Filosof\u00eda y Valores<\/a><\/td>\n<\/tr>\n<tr style=\"height: 25px;\">\n<td style=\"width: 10%; padding-right: 5px; border-style: none; height: 28px; text-align: right;\"><img loading=\"lazy\" decoding=\"async\" src=\"https:\/\/imexcomed.com.bo\/wp-content\/uploads\/2026\/03\/flecha-verde-left.png\" width=\"14\" height=\"21\" alt=\"\" class=\"wp-image-771 aligncenter size-full\" \/><\/td>\n<td style=\"width: 80%; padding-left: 0%; border-style: none none solid; border-bottom-width: 1px; border-bottom-color: #cccccc; height: 25px;\"><a href=\"https:\/\/imexcomed.com.bo\/index.php\/representaciones\/\">Representaciones<\/a><\/td>\n<\/tr>\n<\/tbody>\n<\/table>\n<\/div><\/div>\n<\/div>\n<\/div>\n<\/div>\n\n<div class=\"et_pb_section_3 et_pb_section et_section_regular et_flex_section\"><\/div>\n\n<div class=\"et_pb_section_4 et_pb_section et_section_regular et_block_section\">\n<div class=\"et_pb_row_2 et_pb_row et_flex_row\">\n<div class=\"et_pb_column_5 et_pb_column et-last-child et_flex_column et_pb_css_mix_blend_mode_passthrough et_flex_column_24_24 et_flex_column_24_24_tablet et_flex_column_24_24_phone\">\n<div class=\"et_pb_image_1 et_pb_image et_pb_module et_block_module\"><span class=\"et_pb_image_wrap\"><img loading=\"lazy\" decoding=\"async\" src=\"https:\/\/imexcomed.com.bo\/wp-content\/uploads\/2026\/02\/Luis-Monje.png\" width=\"375\" height=\"375\" srcset=\"https:\/\/imexcomed.com.bo\/wp-content\/uploads\/2026\/02\/Luis-Monje.png 375w, https:\/\/imexcomed.com.bo\/wp-content\/uploads\/2026\/02\/Luis-Monje-300x300.png 300w, https:\/\/imexcomed.com.bo\/wp-content\/uploads\/2026\/02\/Luis-Monje-150x150.png 150w\" sizes=\"(max-width: 375px) 100vw, 375px\" class=\"wp-image-309\" title=\"Luis Monje\" \/><\/span><\/div>\n\n<div class=\"et_pb_text_5 et_pb_text et_pb_bg_layout_light et_pb_module et_block_module preset--group--divi-text--divi-font-body--h19rs5u--default preset--group--divi-text--divi-font-body--h1yjkjr--default preset--module--divi-text--699ca9bff37ce\"><div class=\"et_pb_text_inner\"><h2 style=\"text-align: center;\">Luis Monje<\/h2>\n<p style=\"text-align: center;\">Fundador IMEXCOMED<\/p>\n<\/div><\/div>\n\n<div class=\"et_pb_text_6 et_pb_text et_pb_bg_layout_light et_pb_module et_flex_module preset--group--divi-text--divi-font-body--h19rs5u--default preset--group--divi-text--divi-font-body--h1yjkjr--default\"><div class=\"et_pb_text_inner\"><h1 style=\"text-align: center;\">No existe nada m\u00e1s Econ\u00f3mico que Alta Calidad<\/h1>\n<\/div><\/div>\n\n<div class=\"et_pb_text_7 et_pb_text et_pb_bg_layout_light et_pb_module et_flex_module preset--group--divi-text--divi-font-body--h19rs5u--default preset--group--divi-text--divi-font-body--h1yjkjr--default\"><div class=\"et_pb_text_inner\"><p style=\"text-align: justify;\">Fundada el 1ro. de Abril de 1970, IMEXCOM naci\u00f3 con el objetivo de importar a nuestro pa\u00eds Material de Laboratorio, Reactivos y algunos Insumos Hospitalarios.<\/p>\n<p style=\"text-align: justify;\">Con el correr de los a\u00f1os IMEXCOM se fue afianzando como empresa, adquiriendo mayor conocimiento y adentr\u00e1ndose mucho m\u00e1s en el rubro M\u00e9dico Hospitalario. El contacto con varias empresas extranjeras ampliaron la visi\u00f3n y el futuro de la empresa.<\/p>\n<p style=\"text-align: justify;\">Con el conocimiento adquirido del Mercado Boliviano, sus necesidades y el contacto con empresas l\u00edderes en el mercado mundial, IMEXCOM en el a\u00f1o 1985 decide especializar su enfoque y \u00fanicamente se dedica a la Importaci\u00f3n y Comercializaci\u00f3n de Material M\u00e9dico Quir\u00fargico.<\/p>\n<p style=\"text-align: justify;\">En el a\u00f1o 1996 con el ingreso de nuevos socios y con Representaciones Exclusivas Consolidadas, se funda IMEXCOMED S.R.L. una empresa familiar dedicada a la Importaci\u00f3n y Comercializaci\u00f3n de Equipo, Instrumental e Insumo M\u00e9dico de reconocidas marcas a nivel Mundial.<\/p>\n<\/div><\/div>\n<\/div>\n<\/div>\n<\/div>\n\n<div class=\"et_pb_section_5 et_pb_section et_section_regular et_block_section\">\n<div class=\"et_pb_row_3 et_pb_row et_block_row\">\n<div class=\"et_pb_column_6 et_pb_column et_pb_column_1_3 et_block_column et_pb_css_mix_blend_mode_passthrough testimonios preset--module--divi-column--699ca9bff37bc\">\n<div class=\"et_pb_image_2 et_pb_image et_pb_module et_block_module\"><span class=\"et_pb_image_wrap\"><img loading=\"lazy\" decoding=\"async\" src=\"https:\/\/imexcomed.com.bo\/wp-content\/uploads\/2026\/02\/foto-almacenaje.png\" width=\"290\" height=\"325\" srcset=\"https:\/\/imexcomed.com.bo\/wp-content\/uploads\/2026\/02\/foto-almacenaje.png 290w, https:\/\/imexcomed.com.bo\/wp-content\/uploads\/2026\/02\/foto-almacenaje-268x300.png 268w\" sizes=\"(max-width: 290px) 100vw, 290px\" class=\"wp-image-310\" title=\"foto almacenaje\" \/><\/span><\/div>\n\n<div class=\"et_pb_text_8 et_pb_text et_pb_bg_layout_light et_pb_module et_block_module preset--group--divi-text--divi-font-body--h19rs5u--default preset--group--divi-text--divi-font-body--h1yjkjr--default preset--module--divi-text--699ca9bff37ce\"><div class=\"et_pb_text_inner\"><h2>Almacenaje<\/h2>\n<p style=\"text-align: justify;\">Nuestro almac\u00e9n cumple con todas las normas establecidas en nuestro pa\u00eds. La infraestructura y el espacio f\u00edsico responden a las necesidades de almacenamiento de acuerdo al volumen de producto manejado.<\/p>\n<\/div><\/div>\n<\/div>\n\n<div class=\"et_pb_column_7 et_pb_column et_pb_column_1_3 et_block_column et_pb_css_mix_blend_mode_passthrough testimonios preset--module--divi-column--699ca9bff37bc\">\n<div class=\"et_pb_image_3 et_pb_image et_pb_module et_block_module\"><span class=\"et_pb_image_wrap\"><img loading=\"lazy\" decoding=\"async\" src=\"https:\/\/imexcomed.com.bo\/wp-content\/uploads\/2026\/02\/Foto-distribucion.png\" width=\"293\" height=\"326\" srcset=\"https:\/\/imexcomed.com.bo\/wp-content\/uploads\/2026\/02\/Foto-distribucion.png 293w, https:\/\/imexcomed.com.bo\/wp-content\/uploads\/2026\/02\/Foto-distribucion-270x300.png 270w\" sizes=\"(max-width: 293px) 100vw, 293px\" class=\"wp-image-311\" title=\"Foto distribucion\" \/><\/span><\/div>\n\n<div class=\"et_pb_text_9 et_pb_text et_pb_bg_layout_light et_pb_module et_block_module preset--group--divi-text--divi-font-body--h19rs5u--default preset--group--divi-text--divi-font-body--h1yjkjr--default preset--module--divi-text--699ca9bff37ce\"><div class=\"et_pb_text_inner\"><h2>Distribuci\u00f3n<\/h2>\n<p style=\"text-align: justify;\">Distribuci\u00f3n Contamos con todos los procedimientos operativos para un correcto manejo estandarizado del almacenaje y la distribuci\u00f3n.<\/p>\n<\/div><\/div>\n<\/div>\n\n<div class=\"et_pb_column_8 et_pb_column et_pb_column_1_3 et-last-child et_block_column et_pb_column_empty et_pb_css_mix_blend_mode_passthrough testimonios preset--module--divi-column--699ca9bff37bc\"><\/div>\n<\/div>\n<\/div>","protected":false},"excerpt":{"rendered":"","protected":false},"author":2,"featured_media":0,"parent":0,"menu_order":0,"comment_status":"closed","ping_status":"closed","template":"","meta":{"footnotes":""},"class_list":["post-43","page","type-page","status-publish","hentry"],"_links":{"self":[{"href":"https:\/\/imexcomed.com.bo\/index.php\/wp-json\/wp\/v2\/pages\/43","targetHints":{"allow":["GET"]}}],"collection":[{"href":"https:\/\/imexcomed.com.bo\/index.php\/wp-json\/wp\/v2\/pages"}],"about":[{"href":"https:\/\/imexcomed.com.bo\/index.php\/wp-json\/wp\/v2\/types\/page"}],"author":[{"embeddable":true,"href":"https:\/\/imexcomed.com.bo\/index.php\/wp-json\/wp\/v2\/users\/2"}],"replies":[{"embeddable":true,"href":"https:\/\/imexcomed.com.bo\/index.php\/wp-json\/wp\/v2\/comments?post=43"}],"version-history":[{"count":44,"href":"https:\/\/imexcomed.com.bo\/index.php\/wp-json\/wp\/v2\/pages\/43\/revisions"}],"predecessor-version":[{"id":1607,"href":"https:\/\/imexcomed.com.bo\/index.php\/wp-json\/wp\/v2\/pages\/43\/revisions\/1607"}],"wp:attachment":[{"href":"https:\/\/imexcomed.com.bo\/index.php\/wp-json\/wp\/v2\/media?parent=43"}],"curies":[{"name":"wp","href":"https:\/\/api.w.org\/{rel}","templated":true}]}}