{"id":45,"date":"2026-02-21T16:25:37","date_gmt":"2026-02-21T15:25:37","guid":{"rendered":"https:\/\/imexcomed.com.bo\/?page_id=45"},"modified":"2026-04-08T11:18:09","modified_gmt":"2026-04-08T15:18:09","slug":"filosofia-y-valores","status":"publish","type":"page","link":"https:\/\/imexcomed.com.bo\/index.php\/filosofia-y-valores\/","title":{"rendered":"Filosof\u00eda y Valores"},"content":{"rendered":"<div class=\"et_pb_section_0 et_pb_section et_section_regular et_block_section\"><\/div>\n\n<div class=\"et_pb_section_1 et_pb_section et_section_regular et_block_section\">\n<div class=\"et_pb_row_0 et_pb_row et_block_row\">\n<div class=\"et_pb_column_0 et_pb_column et_pb_column_1_3 et_block_column et_pb_css_mix_blend_mode_passthrough testimonios preset--module--divi-column--699cafc2cc9f6\">\n<div class=\"et_pb_text_0 et_pb_text et_pb_bg_layout_light et_pb_module et_block_module preset--group--divi-text--divi-font-body--h19rs5u--default preset--group--divi-text--divi-font-body--h1yjkjr--default preset--module--divi-text--699cafc2cca03\"><div class=\"et_pb_text_inner\"><table border=\"1\" style=\"width: 100%; border-collapse: collapse; border-style: hidden;\">\n<tbody>\n<tr>\n<td style=\"width: 10%; padding-left: 0%; padding-right: 0%; border-style: none; text-align: right;\"><img loading=\"lazy\" decoding=\"async\" src=\"https:\/\/imexcomed.com.bo\/wp-content\/uploads\/2026\/03\/flechaverde-down.png\" width=\"25\" height=\"17\" alt=\"\" class=\"wp-image-770 aligncenter size-full\" \/><\/td>\n<td style=\"width: 80%; padding-left: 0%; padding-rigth: 0%; border-style: none;\">Filosof\u00eda y Valores<\/td>\n<\/tr>\n<\/tbody>\n<\/table>\n<h2><\/h2>\n<\/div><\/div>\n<\/div>\n\n<div class=\"et_pb_column_1 et_pb_column et_pb_column_1_3 et_block_column et_pb_column_empty et_pb_css_mix_blend_mode_passthrough testimonios preset--module--divi-column--699cafc2cc9f6\"><\/div>\n\n<div class=\"et_pb_column_2 et_pb_column et_pb_column_1_3 et-last-child et_block_column et_pb_css_mix_blend_mode_passthrough testimonios preset--module--divi-column--699cafc2cc9f6\">\n<div class=\"et_pb_image_0 et_pb_image et_pb_module et_block_module\"><span class=\"et_pb_image_wrap\"><img loading=\"lazy\" decoding=\"async\" src=\"https:\/\/imexcomed.com.bo\/wp-content\/uploads\/2026\/02\/Filosofia-valores-circular.png\" width=\"375\" height=\"375\" srcset=\"https:\/\/imexcomed.com.bo\/wp-content\/uploads\/2026\/02\/Filosofia-valores-circular.png 375w, https:\/\/imexcomed.com.bo\/wp-content\/uploads\/2026\/02\/Filosofia-valores-circular-300x300.png 300w, https:\/\/imexcomed.com.bo\/wp-content\/uploads\/2026\/02\/Filosofia-valores-circular-150x150.png 150w\" sizes=\"(max-width: 375px) 100vw, 375px\" class=\"wp-image-317\" title=\"Filosofia valores circular\" \/><\/span><\/div>\n<\/div>\n<\/div>\n<\/div>\n\n<div class=\"et_pb_section_2 et_pb_section et_section_regular et_block_section\">\n<div class=\"et_pb_row_1 et_pb_row et_block_row\">\n<div class=\"et_pb_column_3 et_pb_column et_pb_column_3_5 et_block_column et_pb_css_mix_blend_mode_passthrough testimonios preset--module--divi-column--699cafc2cc9f6\">\n<div class=\"et_pb_text_1 et_pb_text et_pb_bg_layout_light et_pb_module et_block_module preset--group--divi-text--divi-font-body--h19rs5u--default preset--group--divi-text--divi-font-body--h1yjkjr--default preset--module--divi-text--699cafc2cca03\"><div class=\"et_pb_text_inner\"><p>Un Equipo, una Familia<\/p>\n<\/div><\/div>\n\n<div class=\"et_pb_text_2 et_pb_text et_pb_bg_layout_light et_pb_module et_block_module preset--group--divi-text--divi-font-body--h19rs5u--default preset--group--divi-text--divi-font-body--h1yjkjr--default preset--module--divi-text--699cafc2cca03\"><div class=\"et_pb_text_inner\"><p style=\"text-align: justify;\">Somos un Equipo Multidiciplinario de Ejecutivos Comerciales, profesionales en Mercadeo y Ventas, Instrumentadoras Quir\u00fagicas, Ingenieros Biom\u00e9dicos, etc. Dispuestos a brindar a nuestros clientes una gamma de Servicios Integrales.<\/p>\n<p style=\"text-align: justify;\">Nuestro objetivo es contribuir a mejorar la Salud de la poblaci\u00f3n de nuestro pa\u00eds brindando soluciones m\u00e9dicas mediante la provisi\u00f3n de Equipo, Instrumental e insumo m\u00e9dico de alta Calidad sumada una amplia gama de servicios que proporciona los profesionales de la salud las herramientas id\u00f3neas para proteger y mejorar la salud de las personas<\/p>\n<\/div><\/div>\n<\/div>\n\n<div class=\"et_pb_column_4 et_pb_column et_pb_column_2_5 et-last-child et_block_column et_pb_css_mix_blend_mode_passthrough testimonios preset--module--divi-column--699cafc2cc9f6\">\n<div class=\"et_pb_text_3 et_pb_text et_pb_bg_layout_light et_pb_module et_block_module preset--group--divi-text--divi-font-body--h19rs5u--default preset--group--divi-text--divi-font-body--h1yjkjr--default preset--module--divi-text--699cafc2cca03\"><div class=\"et_pb_text_inner\"><table border=\"1\" style=\"width: 95.4126%; border-collapse: collapse; border-style: none; height: 59px;\">\n<tbody>\n<tr style=\"height: 24px;\">\n<td style=\"width: 10%; padding-right: 5px; border-style: none; height: 12px; text-align: right;\"><img loading=\"lazy\" decoding=\"async\" src=\"https:\/\/imexcomed.com.bo\/wp-content\/uploads\/2026\/03\/flecha-verde-left.png\" width=\"14\" height=\"21\" alt=\"\" class=\"wp-image-771 aligncenter size-full\" \/><\/td>\n<td style=\"width: 80%; padding-left: 0%; border-style: none none solid; border-bottom-width: 1px; border-bottom-color: #cccccc; height: 25px;\"><a href=\"https:\/\/imexcomed.com.bo\/index.php\/historia\/\">Historia<\/a><\/td>\n<\/tr>\n<tr style=\"height: 25px;\">\n<td style=\"width: 10%; padding-right: 5px; border-style: none; height: 28px; text-align: right;\"><img loading=\"lazy\" decoding=\"async\" src=\"https:\/\/imexcomed.com.bo\/wp-content\/uploads\/2026\/03\/flecha-verde-left.png\" width=\"14\" height=\"21\" alt=\"\" class=\"wp-image-771 aligncenter size-full\" \/><\/td>\n<td style=\"width: 80%; padding-left: 0%; border-style: none none solid; border-bottom-width: 1px; border-bottom-color: #cccccc; height: 25px;\"><a href=\"https:\/\/imexcomed.com.bo\/index.php\/representaciones\/\">Representaciones<\/a><\/td>\n<\/tr>\n<\/tbody>\n<\/table>\n<\/div><\/div>\n<\/div>\n<\/div>\n<\/div>\n\n<div class=\"et_pb_section_3 et_pb_section et_section_regular et_flex_section\"><\/div>\n\n<div class=\"et_pb_section_4 et_pb_section et_section_regular et_block_section\">\n<div class=\"et_pb_row_2 et_pb_row et_flex_row\">\n<div class=\"et_pb_column_5 et_pb_column et-last-child et_flex_column et_pb_css_mix_blend_mode_passthrough et_flex_column_24_24 et_flex_column_24_24_tablet et_flex_column_24_24_phone\">\n<div class=\"et_pb_image_1 et_pb_image et_pb_module et_block_module\"><span class=\"et_pb_image_wrap\"><img loading=\"lazy\" decoding=\"async\" src=\"https:\/\/imexcomed.com.bo\/wp-content\/uploads\/2026\/02\/Filosofia-valores-circular.png\" title=\"Filosofia-valores-circular\" width=\"375\" height=\"375\" srcset=\"https:\/\/imexcomed.com.bo\/wp-content\/uploads\/2026\/02\/Filosofia-valores-circular.png 375w, https:\/\/imexcomed.com.bo\/wp-content\/uploads\/2026\/02\/Filosofia-valores-circular-300x300.png 300w, https:\/\/imexcomed.com.bo\/wp-content\/uploads\/2026\/02\/Filosofia-valores-circular-150x150.png 150w\" sizes=\"(max-width: 375px) 100vw, 375px\" class=\"wp-image-317\" \/><\/span><\/div>\n\n<div class=\"et_pb_text_4 et_pb_text et_pb_bg_layout_light et_pb_module et_flex_module preset--group--divi-text--divi-font-body--h19rs5u--default preset--group--divi-text--divi-font-body--h1yjkjr--default\"><div class=\"et_pb_text_inner\"><h1 style=\"text-align: center;\">Un Equipo, una Familia<\/h1>\n<\/div><\/div>\n\n<div class=\"et_pb_text_5 et_pb_text et_pb_bg_layout_light et_pb_module et_flex_module preset--group--divi-text--divi-font-body--h19rs5u--default preset--group--divi-text--divi-font-body--h1yjkjr--default\"><div class=\"et_pb_text_inner\"><p style=\"text-align: justify;\">Somos un Equipo Multidiciplinario de Ejecutivos Comerciales, profesionales en Mercadeo y Ventas, Instrumentadoras Quir\u00fagicas, Ingenieros Biom\u00e9dicos, etc. Dispuestos a brindar a nuestros clientes una gamma de Servicios Integrales.<\/p>\n<p style=\"text-align: justify;\">Nuestro objetivo es contribuir a mejorar la Salud de la poblaci\u00f3n de nuestro pa\u00eds brindando soluciones m\u00e9dicas mediante la provisi\u00f3n de Equipo, Instrumental e insumo m\u00e9dico de alta Calidad sumada una amplia gama de servicios que proporciona los profesionales de la salud las herramientas id\u00f3neas para proteger y mejorar la salud de las personas<\/p>\n<\/div><\/div>\n<\/div>\n<\/div>\n<\/div>\n\n<div class=\"et_pb_section_5 et_pb_section et_section_regular et_block_section\">\n<div class=\"et_pb_row_3 et_pb_row et_block_row\">\n<div class=\"et_pb_column_6 et_pb_column et_pb_column_1_3 et_block_column et_pb_css_mix_blend_mode_passthrough testimonios preset--module--divi-column--699cc093f0daf\">\n<div class=\"et_pb_image_2 et_pb_image et_pb_module et_block_module\"><span class=\"et_pb_image_wrap\"><img loading=\"lazy\" decoding=\"async\" src=\"https:\/\/imexcomed.com.bo\/wp-content\/uploads\/2026\/03\/circulo-valores.png\" title=\"circulo valores\" width=\"385\" height=\"288\" srcset=\"https:\/\/imexcomed.com.bo\/wp-content\/uploads\/2026\/03\/circulo-valores.png 385w, https:\/\/imexcomed.com.bo\/wp-content\/uploads\/2026\/03\/circulo-valores-300x224.png 300w\" sizes=\"(max-width: 385px) 100vw, 385px\" class=\"wp-image-973\" \/><\/span><\/div>\n<\/div>\n\n<div class=\"et_pb_column_7 et_pb_column et_pb_column_1_3 et_block_column et_pb_css_mix_blend_mode_passthrough testimonios preset--module--divi-column--699cc093f0daf\">\n<div class=\"et_pb_text_6 et_pb_text et_pb_bg_layout_light et_pb_module et_block_module preset--group--divi-text--divi-font-body--h19rs5u--default preset--group--divi-text--divi-font-body--h1yjkjr--default preset--module--divi-text--699cc093f0dc0\"><div class=\"et_pb_text_inner\"><p>Con sede principal en la Ciudad de La Paz, IMEXCOMED S.R.L. tiene oficinas propias en las ciudades de Cochabamba y Santa Cruz.<\/p>\n<\/div><\/div>\n<\/div>\n\n<div class=\"et_pb_column_8 et_pb_column et_pb_column_1_3 et-last-child et_block_column et_pb_css_mix_blend_mode_passthrough testimonios preset--module--divi-column--699cc093f0daf\">\n<div class=\"et_pb_image_3 et_pb_image et_pb_module et_block_module\"><span class=\"et_pb_image_wrap\"><img loading=\"lazy\" decoding=\"async\" src=\"https:\/\/imexcomed.com.bo\/wp-content\/uploads\/2026\/02\/Mapa-Bolivia.png\" width=\"393\" height=\"185\" srcset=\"https:\/\/imexcomed.com.bo\/wp-content\/uploads\/2026\/02\/Mapa-Bolivia.png 393w, https:\/\/imexcomed.com.bo\/wp-content\/uploads\/2026\/02\/Mapa-Bolivia-300x141.png 300w\" sizes=\"(max-width: 393px) 100vw, 393px\" class=\"wp-image-304\" title=\"Mapa Bolivia\" \/><\/span><\/div>\n<\/div>\n<\/div>\n<\/div>","protected":false},"excerpt":{"rendered":"","protected":false},"author":2,"featured_media":0,"parent":0,"menu_order":0,"comment_status":"closed","ping_status":"closed","template":"","meta":{"footnotes":""},"class_list":["post-45","page","type-page","status-publish","hentry"],"_links":{"self":[{"href":"https:\/\/imexcomed.com.bo\/index.php\/wp-json\/wp\/v2\/pages\/45","targetHints":{"allow":["GET"]}}],"collection":[{"href":"https:\/\/imexcomed.com.bo\/index.php\/wp-json\/wp\/v2\/pages"}],"about":[{"href":"https:\/\/imexcomed.com.bo\/index.php\/wp-json\/wp\/v2\/types\/page"}],"author":[{"embeddable":true,"href":"https:\/\/imexcomed.com.bo\/index.php\/wp-json\/wp\/v2\/users\/2"}],"replies":[{"embeddable":true,"href":"https:\/\/imexcomed.com.bo\/index.php\/wp-json\/wp\/v2\/comments?post=45"}],"version-history":[{"count":16,"href":"https:\/\/imexcomed.com.bo\/index.php\/wp-json\/wp\/v2\/pages\/45\/revisions"}],"predecessor-version":[{"id":1589,"href":"https:\/\/imexcomed.com.bo\/index.php\/wp-json\/wp\/v2\/pages\/45\/revisions\/1589"}],"wp:attachment":[{"href":"https:\/\/imexcomed.com.bo\/index.php\/wp-json\/wp\/v2\/media?parent=45"}],"curies":[{"name":"wp","href":"https:\/\/api.w.org\/{rel}","templated":true}]}}