{"id":493,"date":"2026-02-27T21:12:50","date_gmt":"2026-02-28T02:12:50","guid":{"rendered":"https:\/\/imexcomed.com.bo\/?page_id=493"},"modified":"2026-04-21T00:14:13","modified_gmt":"2026-04-21T04:14:13","slug":"limpieza-y-desinfeccion","status":"publish","type":"page","link":"https:\/\/imexcomed.com.bo\/index.php\/limpieza-y-desinfeccion\/","title":{"rendered":"Limpieza y desinfecci\u00f3n"},"content":{"rendered":"<div class=\"et_pb_section_0 et_pb_section et_section_regular et_block_section\">\n<div class=\"et_pb_row_0 et_pb_row et_flex_row\">\n<div class=\"et_pb_column_0 et_pb_column et_flex_column et_pb_css_mix_blend_mode_passthrough et_flex_column_18_24 et_flex_column_18_24_tablet et_flex_column_24_24_phone\">\n<div class=\"et_pb_text_0 et_pb_text et_pb_bg_layout_light et_pb_module et_block_module preset--module--divi-text--699cb4dcd6faa\"><div class=\"et_pb_text_inner\"><h2>LIMPIEZA Y DESINFECCION<\/h2>\n<ul>\n<li style=\"text-align: justify;\"><strong><img loading=\"lazy\" decoding=\"async\" src=\"https:\/\/imexcomed.com.bo\/wp-content\/uploads\/2026\/04\/Reprocesamiento-limpieza-y-desinfeccion.jpg\" width=\"410\" height=\"280\" alt=\"\" class=\"wp-image-1657 alignright size-full\" srcset=\"https:\/\/imexcomed.com.bo\/wp-content\/uploads\/2026\/04\/Reprocesamiento-limpieza-y-desinfeccion.jpg 410w, https:\/\/imexcomed.com.bo\/wp-content\/uploads\/2026\/04\/Reprocesamiento-limpieza-y-desinfeccion-300x205.jpg 300w\" sizes=\"(max-width: 410px) 100vw, 410px\" \/>Lavadoras Termo-Desinfectadoras:<\/strong> Ideales para la limpieza de instrumental quir\u00fargico, nuestras lavadoras desinfectadoras garantizan seguridad y eficiencia en su centro de salud. Desinfectar su equipo m\u00e9dico con las lavadoras desinfectadoras m\u00e9dicas de Belimed le asegura la seguridad y eficacia m\u00e9dica para los pacientes y el personal. La amplia variedad de tama\u00f1os y capacidades de carga est\u00e1 dise\u00f1ada para satisfacer todas sus necesidades. Adem\u00e1s, ofrecemos soluciones avanzadas de tecnolog\u00eda sanitaria digital que permiten el reprocesamiento sin inconvenientes de dispositivos m\u00e9dicos en los centros de atenci\u00f3n sanitaria, liderando as\u00ed el camino hacia el desarrollo de hospitales inteligentes.\n<ul>\n<li style=\"text-align: justify;\">WD 290 IQ: La lavadora desinfectadora WD 290 IQ es la soluci\u00f3n inteligente para el reprocesamiento de instrumentos en su CSSD. Equipada con una gran capacidad de m\u00e1quina y la \u00faltima tecnolog\u00eda de control digital.<\/li>\n<li style=\"text-align: justify;\">WD 290: El WD 290: es ideal para su gran CSSD, donde el rendimiento constante, el alto rendimiento, la eficiencia y las soluciones de automatizaci\u00f3n personalizadas permitir\u00e1n que su departamento...<\/li>\n<li style=\"text-align: justify;\">WD 200: Ahorra espacio, es r\u00e1pida, fiable y f\u00e1cil de usar: la lavadora desinfectadora WD 200 de Belimed con puertas de cristal batientes manuales ofrece una excelente relaci\u00f3n calidad-precio.<\/li>\n<li style=\"text-align: justify;\">WD 390: La Lavadora Desinfectadora multic\u00e1mara WD 390 de Belimed ofrece alto rendimiento, confiabilidad y automatizaci\u00f3n total para aumentar la capacidad y mejorar el flujo de trabajo.<\/li>\n<li style=\"text-align: justify;\">Sistemas de Automatizaci\u00f3n WA 290: Los sistemas de automatizaci\u00f3n WA 290 coordinan de forma inteligente los procesos de carga y descarga entre las distintas zonas de higiene. Este enfoque permite maximizar el rendimiento, ya que minimiza el tiempo de inactividad y reduce la carga de trabajo del personal.<\/li>\n<li style=\"text-align: justify;\">Estantes para Lavado: Belimed ofrece una amplia gama de auxiliares para instrumentos de cirug\u00eda general y m\u00ednimamente invasiva, tubos de anestesia, zapatos para quir\u00f3fano, contenedores, biberones y diversas aplicaciones de laboratorio.<strong><a href=\"https:\/\/imexcomed.com.bo\/index.php\/reprocesamiento-de-material-esteril\/\"><\/a><\/strong><\/li>\n<\/ul>\n<\/li>\n<\/ul>\n<\/div><\/div>\n\n<div class=\"et_pb_module et_pb_button_module_wrapper et_pb_button_0_wrapper\"><a class=\"et_pb_button_0 et_pb_button et_pb_bg_layout_light et_pb_module et_flex_module\" href=\"https:\/\/imexcomed.com.bo\/index.php\/reprocesamiento-de-material-esteril\/#Limpieza_y_desinfeccion\">Retornar<\/a><\/div>\n<\/div>\n\n<div class=\"et_pb_column_1 et_pb_column et-last-child et_flex_column et_pb_css_mix_blend_mode_passthrough et_flex_column_6_24 et_flex_column_6_24_tablet et_flex_column_24_24_phone\">\n<div class=\"et_pb_text_1 et_pb_text et_pb_bg_layout_light et_pb_module et_block_module preset--module--divi-text--699cb4dcd6faa\"><div class=\"et_pb_text_inner\"><table border=\"1\" style=\"width: 100%; border-collapse: collapse; border-style: none; height: 249px;\">\n<tbody>\n<tr style=\"height: 24px;\">\n<td style=\"width: 10%; padding-right: 5px; border-style: none; height: 28px; text-align: right;\"><img loading=\"lazy\" decoding=\"async\" src=\"https:\/\/imexcomed.com.bo\/wp-content\/uploads\/2026\/02\/flecha-verde.png\" width=\"9\" height=\"14\" alt=\"\" class=\"wp-image-242030 aligncenter size-full\" \/><\/td>\n<td style=\"width: 80%; padding-left: 0%; border-style: none none solid; border-bottom-width: 1px; border-bottom-color: #cccccc; height: 24px;\"><a href=\"https:\/\/imexcomed.com.bo\/index.php\/cirugia-minimamente-invasiva\/\">Cirug\u00eda M\u00ednimamente Invasiva<\/a><\/td>\n<\/tr>\n<tr style=\"height: 25px;\">\n<td style=\"width: 10%; padding-right: 5px; border-style: none; height: 28px; text-align: right;\"><img loading=\"lazy\" decoding=\"async\" src=\"https:\/\/imexcomed.com.bo\/wp-content\/uploads\/2026\/02\/flecha-verde.png\" width=\"9\" height=\"14\" alt=\"\" class=\"wp-image-242030 aligncenter size-full\" \/><\/td>\n<td style=\"width: 80%; padding-left: 0%; border-style: none none solid; border-bottom-width: 1px; border-bottom-color: #cccccc; height: 25px;\"><a href=\"https:\/\/imexcomed.com.bo\/index.php\/instrumentos-quirurgicos-y-sistemas-de-contenedores-esteriles\/\">Instrumentos Quir\u00fargicos y Sistemas de Contenedores Est\u00e9riles<\/a><\/td>\n<\/tr>\n<tr style=\"height: 25px;\">\n<td style=\"width: 10%; padding-right: 5px; border-style: none; height: 28px; text-align: right;\"><img loading=\"lazy\" decoding=\"async\" src=\"https:\/\/imexcomed.com.bo\/wp-content\/uploads\/2026\/02\/flecha-verde.png\" width=\"9\" height=\"14\" alt=\"\" class=\"wp-image-242030 aligncenter size-full\" \/><\/td>\n<td style=\"width: 80%; padding-left: 0%; border-style: none none solid; border-bottom-width: 1px; border-bottom-color: #cccccc; height: 25px;\"><a href=\"https:\/\/imexcomed.com.bo\/index.php\/neurocirugia\/\">Neurocirug\u00eda<\/a><\/td>\n<\/tr>\n<tr style=\"height: 25px;\">\n<td style=\"width: 10%; padding-right: 5px; border-style: none; height: 28px; text-align: right;\"><img loading=\"lazy\" decoding=\"async\" src=\"https:\/\/imexcomed.com.bo\/wp-content\/uploads\/2026\/02\/flecha-verde.png\" width=\"9\" height=\"14\" alt=\"\" class=\"wp-image-242030 aligncenter size-full\" \/><\/td>\n<td style=\"width: 80%; padding-left: 0%; border-style: none none solid; border-bottom-width: 1px; border-bottom-color: #cccccc; height: 25px;\"><a href=\"https:\/\/imexcomed.com.bo\/index.php\/electrocirugia\/\">Electrocirug\u00eda<\/a><\/td>\n<\/tr>\n<tr style=\"height: 25px;\">\n<td style=\"width: 10%; padding-right: 5px; border-style: none; height: 28px; text-align: right;\"><img loading=\"lazy\" decoding=\"async\" src=\"https:\/\/imexcomed.com.bo\/wp-content\/uploads\/2026\/02\/flecha-verde.png\" width=\"9\" height=\"14\" alt=\"\" class=\"wp-image-242030 aligncenter size-full\" \/><\/td>\n<td style=\"width: 80%; padding-left: 0%; border-style: none none solid; border-bottom-width: 1px; border-bottom-color: #cccccc; height: 25px;\"><a href=\"https:\/\/imexcomed.com.bo\/index.php\/suturas-y-especialidades-quirurgicas\/\">Suturas y Especialidades Quir\u00fargicas<\/a><\/td>\n<\/tr>\n<tr style=\"height: 25px;\">\n<td style=\"width: 10%; padding-right: 5px; border-style: none; height: 28px; text-align: right;\"><img loading=\"lazy\" decoding=\"async\" src=\"https:\/\/imexcomed.com.bo\/wp-content\/uploads\/2026\/02\/flecha-verde.png\" width=\"9\" height=\"14\" alt=\"\" class=\"wp-image-242030 aligncenter size-full\" \/><\/td>\n<td style=\"width: 80%; padding-left: 0%; border-style: none none solid; border-bottom-width: 1px; border-bottom-color: #cccccc; height: 25px;\"><a href=\"https:\/\/imexcomed.com.bo\/index.php\/oncologia\/\">Oncolog\u00eda<\/a><\/td>\n<\/tr>\n<tr style=\"height: 25px;\">\n<td style=\"width: 10%; padding-right: 5px; border-style: none; height: 28px; text-align: right;\"><img loading=\"lazy\" decoding=\"async\" src=\"https:\/\/imexcomed.com.bo\/wp-content\/uploads\/2026\/02\/flecha-verde.png\" width=\"9\" height=\"14\" alt=\"\" class=\"wp-image-242030 aligncenter size-full\" \/><\/td>\n<td style=\"width: 80%; padding-left: 0%; border-style: none none solid; border-bottom-width: 1px; border-bottom-color: #cccccc; height: 25px;\"><a href=\"https:\/\/imexcomed.com.bo\/index.php\/cirugia-ortopedica\/\">Cirug\u00eda Ortop\u00e9dica<\/a><\/td>\n<\/tr>\n<tr style=\"height: 25px;\">\n<td style=\"width: 10%; padding-right: 5px; border-style: none; height: 28px; text-align: right;\"><img loading=\"lazy\" decoding=\"async\" src=\"https:\/\/imexcomed.com.bo\/wp-content\/uploads\/2026\/02\/flecha-verde.png\" width=\"9\" height=\"14\" alt=\"\" class=\"wp-image-242030 aligncenter size-full\" \/><\/td>\n<td style=\"width: 80%; padding-left: 0%; border-style: none none solid; border-bottom-width: 1px; border-bottom-color: #cccccc; height: 25px;\"><a href=\"https:\/\/imexcomed.com.bo\/index.php\/cirugia-de-columna\/\">Cirug\u00eda de Columna<\/a><\/td>\n<\/tr>\n<tr style=\"height: 25px;\">\n<td style=\"width: 10%; padding-right: 5px; border-style: none; height: 28px; text-align: right;\"><img loading=\"lazy\" decoding=\"async\" src=\"https:\/\/imexcomed.com.bo\/wp-content\/uploads\/2026\/02\/flecha-verde.png\" width=\"9\" height=\"14\" alt=\"\" class=\"wp-image-242030 aligncenter size-full\" \/><\/td>\n<td style=\"width: 80%; padding-left: 0%; border-style: none none solid; border-bottom-width: 1px; border-bottom-color: #cccccc; height: 25px;\"><a href=\"https:\/\/imexcomed.com.bo\/index.php\/reprocesamiento-de-material-esteril\/\">Reprocesamiento de Material Est\u00e9ril<\/a><\/td>\n<\/tr>\n<tr style=\"height: 25px;\">\n<td style=\"width: 10%; padding-right: 5px; border-style: none; height: 28px; text-align: right;\"><img loading=\"lazy\" decoding=\"async\" src=\"https:\/\/imexcomed.com.bo\/wp-content\/uploads\/2026\/02\/flecha-verde.png\" width=\"9\" height=\"14\" alt=\"\" class=\"wp-image-242030 aligncenter size-full\" \/><\/td>\n<td style=\"width: 80%; padding-left: 0%; border-style: none none solid; border-bottom-width: 1px; border-bottom-color: #cccccc; height: 25px;\"><a href=\"https:\/\/imexcomed.com.bo\/index.php\/mobiliario\/\">Mobiliario<\/a><\/td>\n<\/tr>\n<\/tbody>\n<\/table>\n<\/div><\/div>\n<\/div>\n<\/div>\n<\/div>","protected":false},"excerpt":{"rendered":"","protected":false},"author":2,"featured_media":0,"parent":0,"menu_order":0,"comment_status":"closed","ping_status":"closed","template":"","meta":{"footnotes":""},"class_list":["post-493","page","type-page","status-publish","hentry"],"_links":{"self":[{"href":"https:\/\/imexcomed.com.bo\/index.php\/wp-json\/wp\/v2\/pages\/493","targetHints":{"allow":["GET"]}}],"collection":[{"href":"https:\/\/imexcomed.com.bo\/index.php\/wp-json\/wp\/v2\/pages"}],"about":[{"href":"https:\/\/imexcomed.com.bo\/index.php\/wp-json\/wp\/v2\/types\/page"}],"author":[{"embeddable":true,"href":"https:\/\/imexcomed.com.bo\/index.php\/wp-json\/wp\/v2\/users\/2"}],"replies":[{"embeddable":true,"href":"https:\/\/imexcomed.com.bo\/index.php\/wp-json\/wp\/v2\/comments?post=493"}],"version-history":[{"count":8,"href":"https:\/\/imexcomed.com.bo\/index.php\/wp-json\/wp\/v2\/pages\/493\/revisions"}],"predecessor-version":[{"id":1671,"href":"https:\/\/imexcomed.com.bo\/index.php\/wp-json\/wp\/v2\/pages\/493\/revisions\/1671"}],"wp:attachment":[{"href":"https:\/\/imexcomed.com.bo\/index.php\/wp-json\/wp\/v2\/media?parent=493"}],"curies":[{"name":"wp","href":"https:\/\/api.w.org\/{rel}","templated":true}]}}