{"id":502,"date":"2026-02-27T21:24:05","date_gmt":"2026-02-28T02:24:05","guid":{"rendered":"https:\/\/imexcomed.com.bo\/?page_id=502"},"modified":"2026-04-21T00:15:01","modified_gmt":"2026-04-21T04:15:01","slug":"esterilizacion","status":"publish","type":"page","link":"https:\/\/imexcomed.com.bo\/index.php\/esterilizacion\/","title":{"rendered":"Esterilizaci\u00f3n"},"content":{"rendered":"<div class=\"et_pb_section_0 et_pb_section et_section_regular et_block_section\">\n<div class=\"et_pb_row_0 et_pb_row et_flex_row\">\n<div class=\"et_pb_column_0 et_pb_column et_flex_column et_pb_css_mix_blend_mode_passthrough et_flex_column_18_24 et_flex_column_18_24_tablet et_flex_column_24_24_phone\">\n<div class=\"et_pb_text_0 et_pb_text et_pb_bg_layout_light et_pb_module et_block_module preset--module--divi-text--699cb4dcd6faa\"><div class=\"et_pb_text_inner\"><h2>ESTERILIZACION<\/h2>\n<ul>\n<li style=\"text-align: justify;\"><img loading=\"lazy\" decoding=\"async\" src=\"https:\/\/imexcomed.com.bo\/wp-content\/uploads\/2026\/04\/Reprocesamiento-esterilizacion.jpg\" width=\"410\" height=\"280\" alt=\"\" class=\"wp-image-1655 alignright size-full\" srcset=\"https:\/\/imexcomed.com.bo\/wp-content\/uploads\/2026\/04\/Reprocesamiento-esterilizacion.jpg 410w, https:\/\/imexcomed.com.bo\/wp-content\/uploads\/2026\/04\/Reprocesamiento-esterilizacion-300x205.jpg 300w\" sizes=\"(max-width: 410px) 100vw, 410px\" \/>\u00bfEst\u00e1 buscando un esterilizador a vapor? Belimed fabrica una amplia gama de esterilizadores y evaluadores fiables y eficientes, que adapta a las necesidades individuales de cada estaci\u00f3n de esterilizaci\u00f3n. Nuestros esterilizadores a vapor se destacan en la industria por su dise\u00f1o moderno que ahorra espacio, el uso econ\u00f3mico de los recursos y la conectividad perfecta para estaciones de esterilizaci\u00f3n completamente digitales.<\/li>\n<li style=\"text-align: justify;\">Ofrecemos dos versiones: el esterilizador a vapor MST-V con puertas corredizas verticales con una capacidad de 4 a 12 unidades est\u00e9riles, y el esterilizador a vapor MST-H con puertas corredizas horizontales con una capacidad de 9 a 18 unidades est\u00e9riles. Independientemente del esterilizador a vapor que elija, ambas versiones tienen una funci\u00f3n de ahorro de agua integrada con una bomba de vac\u00edo de alta eficiencia y una funci\u00f3n de inicio y espera autom\u00e1ticos como caracter\u00edsticas est\u00e1ndar. Para mejorar a\u00fan m\u00e1s el flujo del proceso y reducir el uso de consumibles, Belimed ofrece la prueba Bowie-Dick integrada como opci\u00f3n para ambas versiones.\n<ul>\n<li>MST-V: El esterilizador hospitalario MST-V con puertas corredizas verticales ofrece las mejores condiciones para la esterilizaci\u00f3n profesional de dispositivos m\u00e9dicos en el CSSD.<\/li>\n<li>MST-H: Los esterilizadores a vapor MST-H con puertas corredizas horizontales logran un alto rendimiento, eficiencia de recursos y rentabilidad.<\/li>\n<li>Versi\u00f3n MST-H Ground Loader: La versi\u00f3n MST-H GR est\u00e1 dise\u00f1ada espec\u00edficamente para satisfacer la necesidad de una carga y descarga eficiente y sin problemas a nivel del suelo, eliminando as\u00ed la necesidad de una recarga engorrosa desde un carro de transporte.<\/li>\n<\/ul>\n<\/li>\n<\/ul>\n<\/div><\/div>\n\n<div class=\"et_pb_module et_pb_button_module_wrapper et_pb_button_0_wrapper\"><a class=\"et_pb_button_0 et_pb_button et_pb_bg_layout_light et_pb_module et_flex_module\" href=\"https:\/\/imexcomed.com.bo\/index.php\/reprocesamiento-de-material-esteril\/#esterilizacion\">Retornar<\/a><\/div>\n<\/div>\n\n<div class=\"et_pb_column_1 et_pb_column et-last-child et_flex_column et_pb_css_mix_blend_mode_passthrough et_flex_column_6_24 et_flex_column_6_24_tablet et_flex_column_24_24_phone\">\n<div class=\"et_pb_text_1 et_pb_text et_pb_bg_layout_light et_pb_module et_block_module preset--module--divi-text--699cb4dcd6faa\"><div class=\"et_pb_text_inner\"><table border=\"1\" style=\"width: 100%; border-collapse: collapse; border-style: none; height: 249px;\">\n<tbody>\n<tr style=\"height: 24px;\">\n<td style=\"width: 10%; padding-right: 5px; border-style: none; height: 28px; text-align: right;\"><img loading=\"lazy\" decoding=\"async\" src=\"https:\/\/imexcomed.com.bo\/wp-content\/uploads\/2026\/02\/flecha-verde.png\" width=\"9\" height=\"14\" alt=\"\" class=\"wp-image-242030 aligncenter size-full\" \/><\/td>\n<td style=\"width: 80%; padding-left: 0%; border-style: none none solid; border-bottom-width: 1px; border-bottom-color: #cccccc; height: 24px;\"><a href=\"https:\/\/imexcomed.com.bo\/index.php\/cirugia-minimamente-invasiva\/\">Cirug\u00eda M\u00ednimamente Invasiva<\/a><\/td>\n<\/tr>\n<tr style=\"height: 25px;\">\n<td style=\"width: 10%; padding-right: 5px; border-style: none; height: 28px; text-align: right;\"><img loading=\"lazy\" decoding=\"async\" src=\"https:\/\/imexcomed.com.bo\/wp-content\/uploads\/2026\/02\/flecha-verde.png\" width=\"9\" height=\"14\" alt=\"\" class=\"wp-image-242030 aligncenter size-full\" \/><\/td>\n<td style=\"width: 80%; padding-left: 0%; border-style: none none solid; border-bottom-width: 1px; border-bottom-color: #cccccc; height: 25px;\"><a href=\"https:\/\/imexcomed.com.bo\/index.php\/instrumentos-quirurgicos-y-sistemas-de-contenedores-esteriles\/\">Instrumentos Quir\u00fargicos y Sistemas de Contenedores Est\u00e9riles<\/a><\/td>\n<\/tr>\n<tr style=\"height: 25px;\">\n<td style=\"width: 10%; padding-right: 5px; border-style: none; height: 28px; text-align: right;\"><img loading=\"lazy\" decoding=\"async\" src=\"https:\/\/imexcomed.com.bo\/wp-content\/uploads\/2026\/02\/flecha-verde.png\" width=\"9\" height=\"14\" alt=\"\" class=\"wp-image-242030 aligncenter size-full\" \/><\/td>\n<td style=\"width: 80%; padding-left: 0%; border-style: none none solid; border-bottom-width: 1px; border-bottom-color: #cccccc; height: 25px;\"><a href=\"https:\/\/imexcomed.com.bo\/index.php\/neurocirugia\/\">Neurocirug\u00eda<\/a><\/td>\n<\/tr>\n<tr style=\"height: 25px;\">\n<td style=\"width: 10%; padding-right: 5px; border-style: none; height: 28px; text-align: right;\"><img loading=\"lazy\" decoding=\"async\" src=\"https:\/\/imexcomed.com.bo\/wp-content\/uploads\/2026\/02\/flecha-verde.png\" width=\"9\" height=\"14\" alt=\"\" class=\"wp-image-242030 aligncenter size-full\" \/><\/td>\n<td style=\"width: 80%; padding-left: 0%; border-style: none none solid; border-bottom-width: 1px; border-bottom-color: #cccccc; height: 25px;\"><a href=\"https:\/\/imexcomed.com.bo\/index.php\/electrocirugia\/\">Electrocirug\u00eda<\/a><\/td>\n<\/tr>\n<tr style=\"height: 25px;\">\n<td style=\"width: 10%; padding-right: 5px; border-style: none; height: 28px; text-align: right;\"><img loading=\"lazy\" decoding=\"async\" src=\"https:\/\/imexcomed.com.bo\/wp-content\/uploads\/2026\/02\/flecha-verde.png\" width=\"9\" height=\"14\" alt=\"\" class=\"wp-image-242030 aligncenter size-full\" \/><\/td>\n<td style=\"width: 80%; padding-left: 0%; border-style: none none solid; border-bottom-width: 1px; border-bottom-color: #cccccc; height: 25px;\"><a href=\"https:\/\/imexcomed.com.bo\/index.php\/suturas-y-especialidades-quirurgicas\/\">Suturas y Especialidades Quir\u00fargicas<\/a><\/td>\n<\/tr>\n<tr style=\"height: 25px;\">\n<td style=\"width: 10%; padding-right: 5px; border-style: none; height: 28px; text-align: right;\"><img loading=\"lazy\" decoding=\"async\" src=\"https:\/\/imexcomed.com.bo\/wp-content\/uploads\/2026\/02\/flecha-verde.png\" width=\"9\" height=\"14\" alt=\"\" class=\"wp-image-242030 aligncenter size-full\" \/><\/td>\n<td style=\"width: 80%; padding-left: 0%; border-style: none none solid; border-bottom-width: 1px; border-bottom-color: #cccccc; height: 25px;\"><a href=\"https:\/\/imexcomed.com.bo\/index.php\/oncologia\/\">Oncolog\u00eda<\/a><\/td>\n<\/tr>\n<tr style=\"height: 25px;\">\n<td style=\"width: 10%; padding-right: 5px; border-style: none; height: 28px; text-align: right;\"><img loading=\"lazy\" decoding=\"async\" src=\"https:\/\/imexcomed.com.bo\/wp-content\/uploads\/2026\/02\/flecha-verde.png\" width=\"9\" height=\"14\" alt=\"\" class=\"wp-image-242030 aligncenter size-full\" \/><\/td>\n<td style=\"width: 80%; padding-left: 0%; border-style: none none solid; border-bottom-width: 1px; border-bottom-color: #cccccc; height: 25px;\"><a href=\"https:\/\/imexcomed.com.bo\/index.php\/cirugia-ortopedica\/\">Cirug\u00eda Ortop\u00e9dica<\/a><\/td>\n<\/tr>\n<tr style=\"height: 25px;\">\n<td style=\"width: 10%; padding-right: 5px; border-style: none; height: 28px; text-align: right;\"><img loading=\"lazy\" decoding=\"async\" src=\"https:\/\/imexcomed.com.bo\/wp-content\/uploads\/2026\/02\/flecha-verde.png\" width=\"9\" height=\"14\" alt=\"\" class=\"wp-image-242030 aligncenter size-full\" \/><\/td>\n<td style=\"width: 80%; padding-left: 0%; border-style: none none solid; border-bottom-width: 1px; border-bottom-color: #cccccc; height: 25px;\"><a href=\"https:\/\/imexcomed.com.bo\/index.php\/cirugia-de-columna\/\">Cirug\u00eda de Columna<\/a><\/td>\n<\/tr>\n<tr style=\"height: 25px;\">\n<td style=\"width: 10%; padding-right: 5px; border-style: none; height: 28px; text-align: right;\"><img loading=\"lazy\" decoding=\"async\" src=\"https:\/\/imexcomed.com.bo\/wp-content\/uploads\/2026\/02\/flecha-verde.png\" width=\"9\" height=\"14\" alt=\"\" class=\"wp-image-242030 aligncenter size-full\" \/><\/td>\n<td style=\"width: 80%; padding-left: 0%; border-style: none none solid; border-bottom-width: 1px; border-bottom-color: #cccccc; height: 25px;\"><a href=\"https:\/\/imexcomed.com.bo\/index.php\/reprocesamiento-de-material-esteril\/\">Reprocesamiento de Material Est\u00e9ril<\/a><\/td>\n<\/tr>\n<tr style=\"height: 25px;\">\n<td style=\"width: 10%; padding-right: 5px; border-style: none; height: 28px; text-align: right;\"><img loading=\"lazy\" decoding=\"async\" src=\"https:\/\/imexcomed.com.bo\/wp-content\/uploads\/2026\/02\/flecha-verde.png\" width=\"9\" height=\"14\" alt=\"\" class=\"wp-image-242030 aligncenter size-full\" \/><\/td>\n<td style=\"width: 80%; padding-left: 0%; border-style: none none solid; border-bottom-width: 1px; border-bottom-color: #cccccc; height: 25px;\"><a href=\"https:\/\/imexcomed.com.bo\/index.php\/mobiliario\/\">Mobiliario<\/a><\/td>\n<\/tr>\n<\/tbody>\n<\/table>\n<\/div><\/div>\n<\/div>\n<\/div>\n<\/div>","protected":false},"excerpt":{"rendered":"","protected":false},"author":2,"featured_media":0,"parent":0,"menu_order":0,"comment_status":"closed","ping_status":"closed","template":"","meta":{"footnotes":""},"class_list":["post-502","page","type-page","status-publish","hentry"],"_links":{"self":[{"href":"https:\/\/imexcomed.com.bo\/index.php\/wp-json\/wp\/v2\/pages\/502","targetHints":{"allow":["GET"]}}],"collection":[{"href":"https:\/\/imexcomed.com.bo\/index.php\/wp-json\/wp\/v2\/pages"}],"about":[{"href":"https:\/\/imexcomed.com.bo\/index.php\/wp-json\/wp\/v2\/types\/page"}],"author":[{"embeddable":true,"href":"https:\/\/imexcomed.com.bo\/index.php\/wp-json\/wp\/v2\/users\/2"}],"replies":[{"embeddable":true,"href":"https:\/\/imexcomed.com.bo\/index.php\/wp-json\/wp\/v2\/comments?post=502"}],"version-history":[{"count":8,"href":"https:\/\/imexcomed.com.bo\/index.php\/wp-json\/wp\/v2\/pages\/502\/revisions"}],"predecessor-version":[{"id":1672,"href":"https:\/\/imexcomed.com.bo\/index.php\/wp-json\/wp\/v2\/pages\/502\/revisions\/1672"}],"wp:attachment":[{"href":"https:\/\/imexcomed.com.bo\/index.php\/wp-json\/wp\/v2\/media?parent=502"}],"curies":[{"name":"wp","href":"https:\/\/api.w.org\/{rel}","templated":true}]}}