{"id":527,"date":"2026-02-27T21:42:44","date_gmt":"2026-02-28T02:42:44","guid":{"rendered":"https:\/\/imexcomed.com.bo\/?page_id=527"},"modified":"2026-04-26T07:48:40","modified_gmt":"2026-04-26T11:48:40","slug":"smarthub","status":"publish","type":"page","link":"https:\/\/imexcomed.com.bo\/index.php\/smarthub\/","title":{"rendered":"SMARTHUB"},"content":{"rendered":"<div class=\"et_pb_section_0 et_pb_section et_section_regular et_block_section\">\n<div class=\"et_pb_row_0 et_pb_row et_flex_row\">\n<div class=\"et_pb_column_0 et_pb_column et_flex_column et_pb_css_mix_blend_mode_passthrough et_flex_column_18_24 et_flex_column_18_24_tablet et_flex_column_24_24_phone\">\n<div class=\"et_pb_text_0 et_pb_text et_pb_bg_layout_light et_pb_module et_block_module preset--module--divi-text--699cb4dcd6faa\"><div class=\"et_pb_text_inner\"><h2>SMARTHUB<\/h2>\n<h3>Su puerta de entrada a un CSSD inteligente<\/h3>\n<ul>\n<li style=\"text-align: justify;\"><img loading=\"lazy\" decoding=\"async\" src=\"https:\/\/imexcomed.com.bo\/wp-content\/uploads\/2026\/04\/Reprocesamiento-SMARTHUB.jpg\" width=\"410\" height=\"280\" alt=\"\" class=\"wp-image-1659 alignright size-full\" srcset=\"https:\/\/imexcomed.com.bo\/wp-content\/uploads\/2026\/04\/Reprocesamiento-SMARTHUB.jpg 410w, https:\/\/imexcomed.com.bo\/wp-content\/uploads\/2026\/04\/Reprocesamiento-SMARTHUB-300x205.jpg 300w\" sizes=\"(max-width: 410px) 100vw, 410px\" \/>La transformaci\u00f3n digital es una realidad fundamental para cualquier empresa en la actualidad. Belimed ofrece un conjunto de soluciones de software de calidad que generan un verdadero valor agregado para usted, su personal y sus pacientes.<\/li>\n<li style=\"text-align: justify;\">SmartHub es nuestro nuevo software que se ejecuta en las instalaciones o como una aplicaci\u00f3n en la nube. Captura todos los datos de la m\u00e1quina en tiempo real desde cualquier m\u00e1quina Belimed y los convierte en informaci\u00f3n \u00fatil y bien visualizada. SmartHub est\u00e1 dise\u00f1ado para beneficiar a todo el equipo de CSSD gracias a sus caracter\u00edsticas y actualizaciones en constante evoluci\u00f3n, como aprendizaje electr\u00f3nico, resoluci\u00f3n de problemas, etc.<\/li>\n<li style=\"text-align: justify;\">SmartHub Connect: Ofrece un panel de control que muestra informaci\u00f3n sobre las etapas del ciclo de la m\u00e1quina, lo que permite que todos los que trabajan en el CSSD est\u00e9n informados en todo momento. Funciona como una mesa giratoria de datos y es la base de un CSSD inteligente<\/li>\n<li style=\"text-align: justify;\">SmartHub Orbit: Despliega todo su potencial como aplicaci\u00f3n web: SmartHub Orbit. Se puede acceder a todos los datos relevantes de la m\u00e1quina y a los estados del ciclo desde cualquier dispositivo, desde cualquier lugar y en cualquier momento.<\/li>\n<li style=\"text-align: justify;\">Ciberseguridad completa: Como fabricantes de dispositivos m\u00e9dicos, tambi\u00e9n nos aseguramos de que los nuevos dispositivos sean eficaces y seguros contra los ciberataques, a la vez que sean f\u00e1ciles de usar.<\/li>\n<li style=\"text-align: justify;\">Como parte de la infraestructura cr\u00edtica, la ciberseguridad es nuestra m\u00e1xima prioridad. En Belimed hemos desarrollado los productos de software Connect basados \u200b\u200ben la norma IEC 82304-1 (software sanitario) y cada paso de desarrollo se prueba exhaustivamente de acuerdo con los cuadrantes de prueba \u00e1giles de Crispin\/Marick. Esto incluye pruebas de dispositivos y componentes, pruebas de funciones automatizadas, pruebas de simulaci\u00f3n y rendimiento, as\u00ed como pruebas manuales en un entorno de dispositivo real.<\/li>\n<li style=\"text-align: justify;\">Tipolog\u00eda de SmartHub:: SmartHub es m\u00e1s que una simple conexi\u00f3n: allanar\u00e1 el camino hacia un CSSD completamente digital.<strong><a href=\"https:\/\/imexcomed.com.bo\/index.php\/reprocesamiento-de-material-esteril\/\"><\/a><\/strong><\/li>\n<\/ul>\n<\/div><\/div>\n\n<div class=\"et_pb_module et_pb_button_module_wrapper et_pb_button_0_wrapper\"><a class=\"et_pb_button_0 et_pb_button et_pb_bg_layout_light et_pb_module et_flex_module\" href=\"https:\/\/imexcomed.com.bo\/index.php\/reprocesamiento-de-material-esteril\/#smarthub\">Retornar<\/a><\/div>\n<\/div>\n\n<div class=\"et_pb_column_1 et_pb_column et-last-child et_flex_column et_pb_css_mix_blend_mode_passthrough et_flex_column_6_24 et_flex_column_6_24_tablet et_flex_column_24_24_phone\">\n<div class=\"et_pb_text_1 et_pb_text et_pb_bg_layout_light et_pb_module et_block_module preset--module--divi-text--699cb4dcd6faa\"><div class=\"et_pb_text_inner\"><table border=\"1\" style=\"width: 100%; border-collapse: collapse; border-style: none; height: 249px;\">\n<tbody>\n<tr style=\"height: 24px;\">\n<td style=\"width: 10%; padding-right: 5px; border-style: none; height: 28px; text-align: right;\"><img loading=\"lazy\" decoding=\"async\" src=\"https:\/\/imexcomed.com.bo\/wp-content\/uploads\/2026\/02\/flecha-verde.png\" width=\"9\" height=\"14\" alt=\"\" class=\"wp-image-242030 aligncenter size-full\" \/><\/td>\n<td style=\"width: 80%; padding-left: 0%; border-style: none none solid; border-bottom-width: 1px; border-bottom-color: #cccccc; height: 24px;\"><a href=\"https:\/\/imexcomed.com.bo\/index.php\/cirugia-minimamente-invasiva\/\">Cirug\u00eda M\u00ednimamente Invasiva<\/a><\/td>\n<\/tr>\n<tr style=\"height: 25px;\">\n<td style=\"width: 10%; padding-right: 5px; border-style: none; height: 28px; text-align: right;\"><img loading=\"lazy\" decoding=\"async\" src=\"https:\/\/imexcomed.com.bo\/wp-content\/uploads\/2026\/02\/flecha-verde.png\" width=\"9\" height=\"14\" alt=\"\" class=\"wp-image-242030 aligncenter size-full\" \/><\/td>\n<td style=\"width: 80%; padding-left: 0%; border-style: none none solid; border-bottom-width: 1px; border-bottom-color: #cccccc; height: 25px;\"><a href=\"https:\/\/imexcomed.com.bo\/index.php\/instrumentos-quirurgicos-y-sistemas-de-contenedores-esteriles\/\">Instrumentos Quir\u00fargicos y Sistemas de Contenedores Est\u00e9riles<\/a><\/td>\n<\/tr>\n<tr style=\"height: 25px;\">\n<td style=\"width: 10%; padding-right: 5px; border-style: none; height: 28px; text-align: right;\"><img loading=\"lazy\" decoding=\"async\" src=\"https:\/\/imexcomed.com.bo\/wp-content\/uploads\/2026\/02\/flecha-verde.png\" width=\"9\" height=\"14\" alt=\"\" class=\"wp-image-242030 aligncenter size-full\" \/><\/td>\n<td style=\"width: 80%; padding-left: 0%; border-style: none none solid; border-bottom-width: 1px; border-bottom-color: #cccccc; height: 25px;\"><a href=\"https:\/\/imexcomed.com.bo\/index.php\/neurocirugia\/\">Neurocirug\u00eda<\/a><\/td>\n<\/tr>\n<tr style=\"height: 25px;\">\n<td style=\"width: 10%; padding-right: 5px; border-style: none; height: 28px; text-align: right;\"><img loading=\"lazy\" decoding=\"async\" src=\"https:\/\/imexcomed.com.bo\/wp-content\/uploads\/2026\/02\/flecha-verde.png\" width=\"9\" height=\"14\" alt=\"\" class=\"wp-image-242030 aligncenter size-full\" \/><\/td>\n<td style=\"width: 80%; padding-left: 0%; border-style: none none solid; border-bottom-width: 1px; border-bottom-color: #cccccc; height: 25px;\"><a href=\"https:\/\/imexcomed.com.bo\/index.php\/electrocirugia\/\">Electrocirug\u00eda<\/a><\/td>\n<\/tr>\n<tr style=\"height: 25px;\">\n<td style=\"width: 10%; padding-right: 5px; border-style: none; height: 28px; text-align: right;\"><img loading=\"lazy\" decoding=\"async\" src=\"https:\/\/imexcomed.com.bo\/wp-content\/uploads\/2026\/02\/flecha-verde.png\" width=\"9\" height=\"14\" alt=\"\" class=\"wp-image-242030 aligncenter size-full\" \/><\/td>\n<td style=\"width: 80%; padding-left: 0%; border-style: none none solid; border-bottom-width: 1px; border-bottom-color: #cccccc; height: 25px;\"><a href=\"https:\/\/imexcomed.com.bo\/index.php\/suturas-y-especialidades-quirurgicas\/\">Suturas y Especialidades Quir\u00fargicas<\/a><\/td>\n<\/tr>\n<tr style=\"height: 25px;\">\n<td style=\"width: 10%; padding-right: 5px; border-style: none; height: 28px; text-align: right;\"><img loading=\"lazy\" decoding=\"async\" src=\"https:\/\/imexcomed.com.bo\/wp-content\/uploads\/2026\/02\/flecha-verde.png\" width=\"9\" height=\"14\" alt=\"\" class=\"wp-image-242030 aligncenter size-full\" \/><\/td>\n<td style=\"width: 80%; padding-left: 0%; border-style: none none solid; border-bottom-width: 1px; border-bottom-color: #cccccc; height: 25px;\"><a href=\"https:\/\/imexcomed.com.bo\/index.php\/oncologia\/\">Oncolog\u00eda<\/a><\/td>\n<\/tr>\n<tr style=\"height: 25px;\">\n<td style=\"width: 10%; padding-right: 5px; border-style: none; height: 28px; text-align: right;\"><img loading=\"lazy\" decoding=\"async\" src=\"https:\/\/imexcomed.com.bo\/wp-content\/uploads\/2026\/02\/flecha-verde.png\" width=\"9\" height=\"14\" alt=\"\" class=\"wp-image-242030 aligncenter size-full\" \/><\/td>\n<td style=\"width: 80%; padding-left: 0%; border-style: none none solid; border-bottom-width: 1px; border-bottom-color: #cccccc; height: 25px;\"><a href=\"https:\/\/imexcomed.com.bo\/index.php\/cirugia-ortopedica\/\">Cirug\u00eda Ortop\u00e9dica<\/a><\/td>\n<\/tr>\n<tr style=\"height: 25px;\">\n<td style=\"width: 10%; padding-right: 5px; border-style: none; height: 28px; text-align: right;\"><img loading=\"lazy\" decoding=\"async\" src=\"https:\/\/imexcomed.com.bo\/wp-content\/uploads\/2026\/02\/flecha-verde.png\" width=\"9\" height=\"14\" alt=\"\" class=\"wp-image-242030 aligncenter size-full\" \/><\/td>\n<td style=\"width: 80%; padding-left: 0%; border-style: none none solid; border-bottom-width: 1px; border-bottom-color: #cccccc; height: 25px;\"><a href=\"https:\/\/imexcomed.com.bo\/index.php\/cirugia-de-columna\/\">Cirug\u00eda de Columna<\/a><\/td>\n<\/tr>\n<tr style=\"height: 25px;\">\n<td style=\"width: 10%; padding-right: 5px; border-style: none; height: 28px; text-align: right;\"><img loading=\"lazy\" decoding=\"async\" src=\"https:\/\/imexcomed.com.bo\/wp-content\/uploads\/2026\/02\/flecha-verde.png\" width=\"9\" height=\"14\" alt=\"\" class=\"wp-image-242030 aligncenter size-full\" \/><\/td>\n<td style=\"width: 80%; padding-left: 0%; border-style: none none solid; border-bottom-width: 1px; border-bottom-color: #cccccc; height: 25px;\"><a href=\"https:\/\/imexcomed.com.bo\/index.php\/reprocesamiento-de-material-esteril\/\">Reprocesamiento de Material Est\u00e9ril<\/a><\/td>\n<\/tr>\n<tr style=\"height: 25px;\">\n<td style=\"width: 10%; padding-right: 5px; border-style: none; height: 28px; text-align: right;\"><img loading=\"lazy\" decoding=\"async\" src=\"https:\/\/imexcomed.com.bo\/wp-content\/uploads\/2026\/02\/flecha-verde.png\" width=\"9\" height=\"14\" alt=\"\" class=\"wp-image-242030 aligncenter size-full\" \/><\/td>\n<td style=\"width: 80%; padding-left: 0%; border-style: none none solid; border-bottom-width: 1px; border-bottom-color: #cccccc; height: 25px;\"><a href=\"https:\/\/imexcomed.com.bo\/index.php\/mobiliario\/\">Mobiliario<\/a><\/td>\n<\/tr>\n<\/tbody>\n<\/table>\n<\/div><\/div>\n<\/div>\n<\/div>\n<\/div>","protected":false},"excerpt":{"rendered":"","protected":false},"author":2,"featured_media":0,"parent":0,"menu_order":0,"comment_status":"closed","ping_status":"closed","template":"","meta":{"footnotes":""},"class_list":["post-527","page","type-page","status-publish","hentry"],"_links":{"self":[{"href":"https:\/\/imexcomed.com.bo\/index.php\/wp-json\/wp\/v2\/pages\/527","targetHints":{"allow":["GET"]}}],"collection":[{"href":"https:\/\/imexcomed.com.bo\/index.php\/wp-json\/wp\/v2\/pages"}],"about":[{"href":"https:\/\/imexcomed.com.bo\/index.php\/wp-json\/wp\/v2\/types\/page"}],"author":[{"embeddable":true,"href":"https:\/\/imexcomed.com.bo\/index.php\/wp-json\/wp\/v2\/users\/2"}],"replies":[{"embeddable":true,"href":"https:\/\/imexcomed.com.bo\/index.php\/wp-json\/wp\/v2\/comments?post=527"}],"version-history":[{"count":10,"href":"https:\/\/imexcomed.com.bo\/index.php\/wp-json\/wp\/v2\/pages\/527\/revisions"}],"predecessor-version":[{"id":1674,"href":"https:\/\/imexcomed.com.bo\/index.php\/wp-json\/wp\/v2\/pages\/527\/revisions\/1674"}],"wp:attachment":[{"href":"https:\/\/imexcomed.com.bo\/index.php\/wp-json\/wp\/v2\/media?parent=527"}],"curies":[{"name":"wp","href":"https:\/\/api.w.org\/{rel}","templated":true}]}}