{"id":66,"date":"2026-02-21T17:41:38","date_gmt":"2026-02-21T16:41:38","guid":{"rendered":"https:\/\/imexcomed.com.bo\/?page_id=66"},"modified":"2026-04-08T12:32:47","modified_gmt":"2026-04-08T16:32:47","slug":"oncologia","status":"publish","type":"page","link":"https:\/\/imexcomed.com.bo\/index.php\/oncologia\/","title":{"rendered":"Oncolog\u00eda"},"content":{"rendered":"<div class=\"et_pb_section_0 et_pb_section et_section_regular et_block_section\">\n<div class=\"et_pb_row_0 et_pb_row et_block_row\">\n<div class=\"et_pb_column_0 et_pb_column et_pb_column_3_5 et_block_column et_pb_css_mix_blend_mode_passthrough testimonios preset--module--divi-column--699cb4dcd6f9d\">\n<div class=\"et_pb_text_0 et_pb_text et_pb_bg_layout_light et_pb_module et_block_module preset--group--divi-text--divi-font-body--h19rs5u--default preset--group--divi-text--divi-font-body--h1yjkjr--default preset--module--divi-text--699cb4dcd6faa\"><div class=\"et_pb_text_inner\"><table border=\"0\" style=\"width: 100%; border-style: hidden;\">\n<tbody>\n<tr>\n<td style=\"width: 15%; padding-top: 16px; vertical-align: top;\"><img loading=\"lazy\" decoding=\"async\" src=\"https:\/\/imexcomed.com.bo\/wp-content\/uploads\/2026\/03\/flecha-abajo-azul.png\" width=\"46\" height=\"31\" alt=\"\" class=\"wp-image-596 aligncenter size-full\" \/><\/td>\n<td style=\"padding-left: 0px;\">\n<h1>Oncolog\u00eda<\/h1>\n<p style=\"text-align: justify;\">El c\u00e1ncer es un diagn\u00f3stico complejo que plantea desaf\u00edos excepcionales para los pacientes y el personal sanitario, organizado en equipos interdisciplinarios. Para los onc\u00f3logos, enfermeros y farmac\u00e9uticos, el tratamiento del c\u00e1ncer tiene un enfoque diferente, pero todos est\u00e1n comprometidos con mejorar la calidad de vida de sus pacientes. Al desarrollar continuamente soluciones y servicios inteligentes e innovadores que simplifican y estandarizan los procedimientos, contribuimos a terapias m\u00e1s seguras.<\/p>\n<\/td>\n<\/tr>\n<\/tbody>\n<\/table>\n<\/div><\/div>\n<\/div>\n\n<div class=\"et_pb_column_1 et_pb_column et_pb_column_2_5 et-last-child et_block_column et_pb_column_empty et_pb_css_mix_blend_mode_passthrough testimonios preset--module--divi-column--699cb4dcd6f9d\"><\/div>\n<\/div>\n<\/div>\n\n<div class=\"et_pb_section_1 et_pb_section et_section_regular et_flex_section\">\n<div class=\"et_pb_row_1 et_pb_row et_flex_row\">\n<div class=\"et_pb_column_2 et_pb_column et_flex_column et_pb_css_mix_blend_mode_passthrough et_flex_column_18_24 et_flex_column_16_24_tablet et_flex_column_24_24_phone\">\n<div class=\"et_pb_row_2 et_pb_row et_pb_row_nested et_flex_row\">\n<div class=\"et_pb_column_3 et_pb_column et_flex_column et_pb_css_mix_blend_mode_passthrough et_flex_column_12_24 et_flex_column_12_24_tablet et_flex_column_24_24_phone\">\n<div class=\"et_pb_image_0 et_pb_image et_pb_module et_flex_module mi-contenedor\"><span class=\"et_pb_image_wrap\"><img loading=\"lazy\" decoding=\"async\" src=\"https:\/\/imexcomed.com.bo\/wp-content\/uploads\/2026\/03\/Celsite.png\" title=\"Celsite\" width=\"410\" height=\"280\" srcset=\"https:\/\/imexcomed.com.bo\/wp-content\/uploads\/2026\/03\/Celsite.png 410w, https:\/\/imexcomed.com.bo\/wp-content\/uploads\/2026\/03\/Celsite-300x205.png 300w\" sizes=\"(max-width: 410px) 100vw, 410px\" class=\"wp-image-1153\" \/><\/span><\/div>\n<\/div>\n\n<div class=\"et_pb_column_4 et_pb_column et-last-child et_flex_column et_pb_css_mix_blend_mode_passthrough et_flex_column_12_24 et_flex_column_12_24_tablet et_flex_column_24_24_phone\">\n<div class=\"et_pb_text_1 et_pb_text et_pb_bg_layout_light et_pb_module et_block_module preset--group--divi-text--divi-font-body--h19rs5u--default preset--group--divi-text--divi-font-body--h1yjkjr--default preset--module--divi-text--699cb4dcd6faa\"><div class=\"et_pb_text_inner\"><h2>Celsite<\/h2>\n<p style=\"text-align: justify;\">Un dispositivo de acceso vascular consiste en un cat\u00e9ter conectado a un reservorio. Se implanta subcut\u00e1neamente y se utiliza para administrar f\u00e1rmacos al torrente sangu\u00edneo. El acceso vascular se ha vuelto esencial para indicaciones de acceso venoso, arterial, peritoneal, pleural y espinal (epidural\/intratecal), y se recomienda para terapias a largo plazo de m\u00e1s de tres meses. Una de las principales razones para usar un acceso vascular es evitar al paciente inyecciones o infusiones repetidas en una vena perif\u00e9rica. El tiempo de implantaci\u00f3n del puerto depende de la duraci\u00f3n del tratamiento individual.<\/p>\n<p style=\"text-align: justify;\">Los principales tratamientos indicados para el acceso al puerto son los siguientes:<\/p>\n<ul>\n<li style=\"text-align: justify;\">Quimioterapia intravenosa<\/li>\n<li style=\"text-align: justify;\">Terapia antibi\u00f3tica intravenosa<\/li>\n<li style=\"text-align: justify;\">Nutrici\u00f3n parenteral total (NPT) a largo plazo<\/li>\n<li style=\"text-align: justify;\">Quimioterapia locorregional<\/li>\n<li style=\"text-align: justify;\">Drenaje de ascitis maligna (derrames peritoneales y pleurales)<\/li>\n<li style=\"text-align: justify;\">Tratamiento del dolor a largo plazo<\/li>\n<li style=\"text-align: justify;\">Inyecci\u00f3n a alta presi\u00f3n de medio de contraste cuando se realiza una tomograf\u00eda computarizada<\/li>\n<li style=\"text-align: justify;\">Transfusi\u00f3n de sangre y toma de muestras de sangre<\/li>\n<\/ul>\n<\/div><\/div>\n<\/div>\n<\/div>\n\n<div class=\"et_pb_row_3 et_pb_row et_pb_row_nested et_flex_row\">\n<div class=\"et_pb_column_5 et_pb_column et_flex_column et_pb_css_mix_blend_mode_passthrough et_flex_column_12_24 et_flex_column_12_24_tablet et_flex_column_24_24_phone\">\n<div class=\"et_pb_text_2 et_pb_text et_pb_bg_layout_light et_pb_module et_block_module preset--group--divi-text--divi-font-body--h19rs5u--default preset--group--divi-text--divi-font-body--h1yjkjr--default preset--module--divi-text--699cb4dcd6faa\"><div class=\"et_pb_text_inner\"><h2>Winged Surecan<\/h2>\n<p style=\"text-align: justify;\">Las agujas Surecan\u00ae Winged son agujas biseladas especiales con una placa de fijaci\u00f3n flexible y un tubo de extensi\u00f3n que incluye una pinza para una infusi\u00f3n prolongada de un m\u00e1ximo de siete d\u00edas. El tubo, sin DEHP ni l\u00e1tex, permite la inyecci\u00f3n de contraste de alta presi\u00f3n durante la tomograf\u00eda computarizada.<\/p>\n<p style=\"text-align: justify;\">La aguja no contiene l\u00e1tex ni DEHP.<\/p>\n<p style=\"text-align: justify;\">El conector en Y permite un acceso adicional.<\/p>\n<\/div><\/div>\n<\/div>\n\n<div class=\"et_pb_column_6 et_pb_column et-last-child et_flex_column et_pb_css_mix_blend_mode_passthrough et_flex_column_12_24 et_flex_column_12_24_tablet et_flex_column_24_24_phone\">\n<div class=\"et_pb_image_1 et_pb_image et_pb_module et_flex_module mi-contenedor\"><span class=\"et_pb_image_wrap\"><img loading=\"lazy\" decoding=\"async\" src=\"https:\/\/imexcomed.com.bo\/wp-content\/uploads\/2026\/03\/Winged.png\" title=\"Winged\" width=\"410\" height=\"280\" srcset=\"https:\/\/imexcomed.com.bo\/wp-content\/uploads\/2026\/03\/Winged.png 410w, https:\/\/imexcomed.com.bo\/wp-content\/uploads\/2026\/03\/Winged-300x205.png 300w\" sizes=\"(max-width: 410px) 100vw, 410px\" class=\"wp-image-1154\" \/><\/span><\/div>\n<\/div>\n<\/div>\n<\/div>\n\n<div class=\"et_pb_column_7 et_pb_column et-last-child et_flex_column et_pb_css_mix_blend_mode_passthrough et_flex_column_6_24 et_flex_column_8_24_tablet et_flex_column_24_24_phone\">\n<div class=\"et_pb_text_3 et_pb_text et_pb_bg_layout_light et_pb_module et_block_module preset--group--divi-text--divi-font-body--h19rs5u--default preset--group--divi-text--divi-font-body--h1yjkjr--default preset--module--divi-text--699cb4dcd6faa\"><div class=\"et_pb_text_inner\"><p>Tambi\u00e9n te puede interesar<\/p>\n<\/div><\/div>\n\n<div class=\"et_pb_text_4 et_pb_text et_pb_bg_layout_light et_pb_module et_block_module preset--group--divi-text--divi-font-body--h19rs5u--default preset--group--divi-text--divi-font-body--h1yjkjr--default preset--module--divi-text--699cb4dcd6faa\"><div class=\"et_pb_text_inner\"><table border=\"1\" style=\"width: 100%; border-collapse: collapse; border-style: none; height: 249px;\">\n<tbody>\n<tr style=\"height: 24px;\">\n<td style=\"width: 10%; padding-right: 5px; border-style: none; height: 28px; text-align: right;\"><img loading=\"lazy\" decoding=\"async\" src=\"https:\/\/imexcomed.com.bo\/wp-content\/uploads\/2026\/03\/flecha-verde-left.png\" width=\"14\" height=\"21\" alt=\"\" class=\"wp-image-771 aligncenter size-full\" \/><\/td>\n<td style=\"width: 80%; padding-left: 0%; border-style: none none solid; border-bottom-width: 1px; border-bottom-color: #cccccc; height: 24px;\"><a href=\"https:\/\/imexcomed.com.bo\/index.php\/cirugia-minimamente-invasiva\/\">Cirug\u00eda M\u00ednimamente Invasiva<\/a><\/td>\n<\/tr>\n<tr style=\"height: 25px;\">\n<td style=\"width: 10%; padding-right: 5px; border-style: none; height: 28px; text-align: right;\"><img loading=\"lazy\" decoding=\"async\" src=\"https:\/\/imexcomed.com.bo\/wp-content\/uploads\/2026\/03\/flecha-verde-left.png\" width=\"14\" height=\"21\" alt=\"\" class=\"wp-image-771 aligncenter size-full\" \/><\/td>\n<td style=\"width: 80%; padding-left: 0%; border-style: none none solid; border-bottom-width: 1px; border-bottom-color: #cccccc; height: 25px;\"><a href=\"https:\/\/imexcomed.com.bo\/index.php\/instrumentos-quirurgicos-y-sistemas-de-contenedores-esteriles\/\">Instrumentos Quir\u00fargicos y Sistemas de Contenedores Est\u00e9riles<\/a><\/td>\n<\/tr>\n<tr style=\"height: 25px;\">\n<td style=\"width: 10%; padding-right: 5px; border-style: none; height: 28px; text-align: right;\"><img loading=\"lazy\" decoding=\"async\" src=\"https:\/\/imexcomed.com.bo\/wp-content\/uploads\/2026\/03\/flecha-verde-left.png\" width=\"14\" height=\"21\" alt=\"\" class=\"wp-image-771 aligncenter size-full\" \/><\/td>\n<td style=\"width: 80%; padding-left: 0%; border-style: none none solid; border-bottom-width: 1px; border-bottom-color: #cccccc; height: 25px;\"><a href=\"https:\/\/imexcomed.com.bo\/index.php\/neurocirugia\/\">Neurocirug\u00eda<\/a><\/td>\n<\/tr>\n<tr style=\"height: 25px;\">\n<td style=\"width: 10%; padding-right: 5px; border-style: none; height: 28px; text-align: right;\"><img loading=\"lazy\" decoding=\"async\" src=\"https:\/\/imexcomed.com.bo\/wp-content\/uploads\/2026\/03\/flecha-verde-left.png\" width=\"14\" height=\"21\" alt=\"\" class=\"wp-image-771 aligncenter size-full\" \/><\/td>\n<td style=\"width: 80%; padding-left: 0%; border-style: none none solid; border-bottom-width: 1px; border-bottom-color: #cccccc; height: 25px;\"><a href=\"https:\/\/imexcomed.com.bo\/index.php\/electrocirugia\/\">Electrocirug\u00eda<\/a><\/td>\n<\/tr>\n<tr style=\"height: 25px;\">\n<td style=\"width: 10%; padding-right: 5px; border-style: none; height: 28px; text-align: right;\"><img loading=\"lazy\" decoding=\"async\" src=\"https:\/\/imexcomed.com.bo\/wp-content\/uploads\/2026\/03\/flecha-verde-left.png\" width=\"14\" height=\"21\" alt=\"\" class=\"wp-image-771 aligncenter size-full\" \/><\/td>\n<td style=\"width: 80%; padding-left: 0%; border-style: none none solid; border-bottom-width: 1px; border-bottom-color: #cccccc; height: 25px;\"><a href=\"https:\/\/imexcomed.com.bo\/index.php\/suturas-y-especialidades-quirurgicas\/\">Suturas y Especialidades Quir\u00fargicas<\/a><\/td>\n<\/tr>\n<tr style=\"height: 25px;\">\n<td style=\"width: 10%; padding-right: 5px; border-style: none; height: 28px; text-align: right;\"><img loading=\"lazy\" decoding=\"async\" src=\"https:\/\/imexcomed.com.bo\/wp-content\/uploads\/2026\/03\/flecha-verde-left.png\" width=\"14\" height=\"21\" alt=\"\" class=\"wp-image-771 aligncenter size-full\" \/><\/td>\n<td style=\"width: 80%; padding-left: 0%; border-style: none none solid; border-bottom-width: 1px; border-bottom-color: #cccccc; height: 25px;\"><a href=\"https:\/\/imexcomed.com.bo\/index.php\/oncologia\/\">Oncolog\u00eda<\/a><\/td>\n<\/tr>\n<tr style=\"height: 25px;\">\n<td style=\"width: 10%; padding-right: 5px; border-style: none; height: 28px; text-align: right;\"><img loading=\"lazy\" decoding=\"async\" src=\"https:\/\/imexcomed.com.bo\/wp-content\/uploads\/2026\/03\/flecha-verde-left.png\" width=\"14\" height=\"21\" alt=\"\" class=\"wp-image-771 aligncenter size-full\" \/><\/td>\n<td style=\"width: 80%; padding-left: 0%; border-style: none none solid; border-bottom-width: 1px; border-bottom-color: #cccccc; height: 25px;\"><a href=\"https:\/\/imexcomed.com.bo\/index.php\/cirugia-ortopedica\/\">Cirug\u00eda Ortop\u00e9dica<\/a><\/td>\n<\/tr>\n<tr style=\"height: 25px;\">\n<td style=\"width: 10%; padding-right: 5px; border-style: none; height: 28px; text-align: right;\"><img loading=\"lazy\" decoding=\"async\" src=\"https:\/\/imexcomed.com.bo\/wp-content\/uploads\/2026\/03\/flecha-verde-left.png\" width=\"14\" height=\"21\" alt=\"\" class=\"wp-image-771 aligncenter size-full\" \/><\/td>\n<td style=\"width: 80%; padding-left: 0%; border-style: none none solid; border-bottom-width: 1px; border-bottom-color: #cccccc; height: 25px;\"><a href=\"https:\/\/imexcomed.com.bo\/index.php\/cirugia-de-columna\/\">Cirug\u00eda de Columna<\/a><\/td>\n<\/tr>\n<tr style=\"height: 25px;\">\n<td style=\"width: 10%; padding-right: 5px; border-style: none; height: 28px; text-align: right;\"><img loading=\"lazy\" decoding=\"async\" src=\"https:\/\/imexcomed.com.bo\/wp-content\/uploads\/2026\/03\/flecha-verde-left.png\" width=\"14\" height=\"21\" alt=\"\" class=\"wp-image-771 aligncenter size-full\" \/><\/td>\n<td style=\"width: 80%; padding-left: 0%; border-style: none none solid; border-bottom-width: 1px; border-bottom-color: #cccccc; height: 25px;\"><a href=\"https:\/\/imexcomed.com.bo\/index.php\/reprocesamiento-de-material-esteril\/\">Reprocesamiento de Material Est\u00e9ril<\/a><\/td>\n<\/tr>\n<tr style=\"height: 25px;\">\n<td style=\"width: 10%; padding-right: 5px; border-style: none; height: 28px; text-align: right;\"><img loading=\"lazy\" decoding=\"async\" src=\"https:\/\/imexcomed.com.bo\/wp-content\/uploads\/2026\/03\/flecha-verde-left.png\" width=\"14\" height=\"21\" alt=\"\" class=\"wp-image-771 aligncenter size-full\" \/><\/td>\n<td style=\"width: 80%; padding-left: 0%; border-style: none none solid; border-bottom-width: 1px; border-bottom-color: #cccccc; height: 25px;\"><a href=\"https:\/\/imexcomed.com.bo\/index.php\/mobiliario\/\">Mobiliario<\/a><\/td>\n<\/tr>\n<\/tbody>\n<\/table>\n<p>\u00a0<\/p>\n<\/div><\/div>\n<\/div>\n<\/div>\n<\/div>\n\n<div class=\"et_pb_section_2 et_pb_section et_section_regular et_flex_section\"><\/div>\n\n<div class=\"et_pb_section_3 et_pb_section et_section_regular et_flex_section\">\n<div class=\"et_pb_row_4 et_pb_row et_flex_row\">\n<div class=\"et_pb_column_8 et_pb_column et-last-child et_flex_column et_pb_css_mix_blend_mode_passthrough et_flex_column_24_24 et_flex_column_24_24_tablet et_flex_column_24_24_phone\">\n<div class=\"et_pb_text_5 et_pb_text et_pb_bg_layout_light et_pb_module et_flex_module preset--group--divi-text--divi-font-body--h19rs5u--default preset--group--divi-text--divi-font-body--h1yjkjr--default\"><div class=\"et_pb_text_inner\"><h1>Oncolog\u00eda<\/h1>\n<p style=\"text-align: justify;\">El c\u00e1ncer es un diagn\u00f3stico complejo que plantea desaf\u00edos excepcionales para los pacientes y el personal sanitario, organizado en equipos interdisciplinarios. Para los onc\u00f3logos, enfermeros y farmac\u00e9uticos, el tratamiento del c\u00e1ncer tiene un enfoque diferente, pero todos est\u00e1n comprometidos con mejorar la calidad de vida de sus pacientes. Al desarrollar continuamente soluciones y servicios inteligentes e innovadores que simplifican y estandarizan los procedimientos, contribuimos a terapias m\u00e1s seguras.<\/p>\n<\/div><\/div>\n<\/div>\n<\/div>\n<\/div>\n\n<div class=\"et_pb_section_4 et_pb_section et_section_regular et_flex_section\">\n<div class=\"et_pb_row_5 et_pb_row et_pb_gutters1 et_block_row\">\n<div class=\"et_pb_column_9 et_pb_column et_pb_column_4_4 et-last-child et_block_column et_pb_css_mix_blend_mode_passthrough\">\n<div class=\"et_pb_image_2 et_pb_image et_pb_module et_flex_module mi-contenedor\"><span class=\"et_pb_image_wrap\"><img loading=\"lazy\" decoding=\"async\" src=\"https:\/\/imexcomed.com.bo\/wp-content\/uploads\/2026\/03\/Celsite.png\" title=\"Celsite\" width=\"410\" height=\"280\" srcset=\"https:\/\/imexcomed.com.bo\/wp-content\/uploads\/2026\/03\/Celsite.png 410w, https:\/\/imexcomed.com.bo\/wp-content\/uploads\/2026\/03\/Celsite-300x205.png 300w\" sizes=\"(max-width: 410px) 100vw, 410px\" class=\"wp-image-1153\" \/><\/span><\/div>\n\n<div class=\"et_pb_text_6 et_pb_text et_pb_bg_layout_light et_pb_module et_block_module preset--group--divi-text--divi-font-body--h19rs5u--default preset--group--divi-text--divi-font-body--h1yjkjr--default preset--module--divi-text--699cb4dcd6faa\"><div class=\"et_pb_text_inner\"><h2>Celsite<\/h2>\n<p style=\"text-align: justify;\">Un dispositivo de acceso vascular consiste en un cat\u00e9ter conectado a un reservorio. Se implanta subcut\u00e1neamente y se utiliza para administrar f\u00e1rmacos al torrente sangu\u00edneo. El acceso vascular se ha vuelto esencial para indicaciones de acceso venoso, arterial, peritoneal, pleural y espinal (epidural\/intratecal), y se recomienda para terapias a largo plazo de m\u00e1s de tres meses. Una de las principales razones para usar un acceso vascular es evitar al paciente inyecciones o infusiones repetidas en una vena perif\u00e9rica. El tiempo de implantaci\u00f3n del puerto depende de la duraci\u00f3n del tratamiento individual.<\/p>\n<p style=\"text-align: justify;\">Los principales tratamientos indicados para el acceso al puerto son los siguientes:<\/p>\n<ul>\n<li style=\"text-align: justify;\">Quimioterapia intravenosa<\/li>\n<li style=\"text-align: justify;\">Terapia antibi\u00f3tica intravenosa<\/li>\n<li style=\"text-align: justify;\">Nutrici\u00f3n parenteral total (NPT) a largo plazo<\/li>\n<li style=\"text-align: justify;\">Quimioterapia locorregional<\/li>\n<li style=\"text-align: justify;\">Drenaje de ascitis maligna (derrames peritoneales y pleurales)<\/li>\n<li style=\"text-align: justify;\">Tratamiento del dolor a largo plazo<\/li>\n<li style=\"text-align: justify;\">Inyecci\u00f3n a alta presi\u00f3n de medio de contraste cuando se realiza una tomograf\u00eda computarizada<\/li>\n<li style=\"text-align: justify;\">Transfusi\u00f3n de sangre y toma de muestras de sangre<\/li>\n<\/ul>\n<\/div><\/div>\n\n<div class=\"et_pb_image_3 et_pb_image et_pb_module et_flex_module mi-contenedor\"><span class=\"et_pb_image_wrap\"><img loading=\"lazy\" decoding=\"async\" src=\"https:\/\/imexcomed.com.bo\/wp-content\/uploads\/2026\/03\/Winged.png\" title=\"Winged\" width=\"410\" height=\"280\" srcset=\"https:\/\/imexcomed.com.bo\/wp-content\/uploads\/2026\/03\/Winged.png 410w, https:\/\/imexcomed.com.bo\/wp-content\/uploads\/2026\/03\/Winged-300x205.png 300w\" sizes=\"(max-width: 410px) 100vw, 410px\" class=\"wp-image-1154\" \/><\/span><\/div>\n\n<div class=\"et_pb_text_7 et_pb_text et_pb_bg_layout_light et_pb_module et_block_module preset--group--divi-text--divi-font-body--h19rs5u--default preset--group--divi-text--divi-font-body--h1yjkjr--default preset--module--divi-text--699cb4dcd6faa\"><div class=\"et_pb_text_inner\"><h2>Winged Surecan<\/h2>\n<p style=\"text-align: justify;\">Las agujas Surecan\u00ae Winged son agujas biseladas especiales con una placa de fijaci\u00f3n flexible y un tubo de extensi\u00f3n que incluye una pinza para una infusi\u00f3n prolongada de un m\u00e1ximo de siete d\u00edas. El tubo, sin DEHP ni l\u00e1tex, permite la inyecci\u00f3n de contraste de alta presi\u00f3n durante la tomograf\u00eda computarizada.<\/p>\n<p style=\"text-align: justify;\">La aguja no contiene l\u00e1tex ni DEHP.<\/p>\n<p style=\"text-align: justify;\">El conector en Y permite un acceso adicional.<\/p>\n<\/div><\/div>\n<\/div>\n<\/div>\n<\/div>","protected":false},"excerpt":{"rendered":"","protected":false},"author":2,"featured_media":0,"parent":0,"menu_order":0,"comment_status":"closed","ping_status":"closed","template":"","meta":{"footnotes":""},"class_list":["post-66","page","type-page","status-publish","hentry"],"_links":{"self":[{"href":"https:\/\/imexcomed.com.bo\/index.php\/wp-json\/wp\/v2\/pages\/66","targetHints":{"allow":["GET"]}}],"collection":[{"href":"https:\/\/imexcomed.com.bo\/index.php\/wp-json\/wp\/v2\/pages"}],"about":[{"href":"https:\/\/imexcomed.com.bo\/index.php\/wp-json\/wp\/v2\/types\/page"}],"author":[{"embeddable":true,"href":"https:\/\/imexcomed.com.bo\/index.php\/wp-json\/wp\/v2\/users\/2"}],"replies":[{"embeddable":true,"href":"https:\/\/imexcomed.com.bo\/index.php\/wp-json\/wp\/v2\/comments?post=66"}],"version-history":[{"count":25,"href":"https:\/\/imexcomed.com.bo\/index.php\/wp-json\/wp\/v2\/pages\/66\/revisions"}],"predecessor-version":[{"id":1595,"href":"https:\/\/imexcomed.com.bo\/index.php\/wp-json\/wp\/v2\/pages\/66\/revisions\/1595"}],"wp:attachment":[{"href":"https:\/\/imexcomed.com.bo\/index.php\/wp-json\/wp\/v2\/media?parent=66"}],"curies":[{"name":"wp","href":"https:\/\/api.w.org\/{rel}","templated":true}]}}