{"id":70,"date":"2026-02-21T17:41:38","date_gmt":"2026-02-21T16:41:38","guid":{"rendered":"https:\/\/imexcomed.com.bo\/?page_id=70"},"modified":"2026-04-08T12:33:57","modified_gmt":"2026-04-08T16:33:57","slug":"mobiliario","status":"publish","type":"page","link":"https:\/\/imexcomed.com.bo\/index.php\/mobiliario\/","title":{"rendered":"Mobiliario"},"content":{"rendered":"<div class=\"et_pb_section_0 et_pb_section et_section_regular et_block_section\">\n<div class=\"et_pb_row_0 et_pb_row et_block_row\">\n<div class=\"et_pb_column_0 et_pb_column et_pb_column_3_5 et_block_column et_pb_css_mix_blend_mode_passthrough testimonios preset--module--divi-column--699cb4dcd6f9d\">\n<div class=\"et_pb_text_0 et_pb_text et_pb_bg_layout_light et_pb_module et_block_module preset--group--divi-text--divi-font-body--h19rs5u--default preset--group--divi-text--divi-font-body--h1yjkjr--default preset--module--divi-text--699cb4dcd6faa\"><div class=\"et_pb_text_inner\"><table border=\"0\" style=\"width: 100%; border-style: hidden;\">\n<tbody>\n<tr>\n<td style=\"width: 15%; padding-top: 16px; vertical-align: top;\"><img loading=\"lazy\" decoding=\"async\" src=\"https:\/\/imexcomed.com.bo\/wp-content\/uploads\/2026\/03\/flechaverde-down.png\" width=\"39\" height=\"26\" alt=\"\" class=\"wp-image-770 aligncenter size-full\" \/><\/td>\n<td style=\"padding-left: 0px;\">\n<h1>Mobiliario<\/h1>\n<p style=\"text-align: justify;\">Tecnolog\u00eda que se adapta a las diferentes necesidades y procedimientos en hospitalizaci\u00f3n. Nuestras camas hospitalarias contribuyen a la pronta recuperaci\u00f3n del paciente y brindan apoyo al personal de cuidado de manera pr\u00e1ctica, segura, c\u00f3moda, f\u00e1cil de usar y duradera para garantizar la continuidad del servicio.<\/p>\n<\/td>\n<\/tr>\n<\/tbody>\n<\/table>\n<\/div><\/div>\n<\/div>\n\n<div class=\"et_pb_column_1 et_pb_column et_pb_column_2_5 et-last-child et_block_column et_pb_column_empty et_pb_css_mix_blend_mode_passthrough testimonios preset--module--divi-column--699cb4dcd6f9d\"><\/div>\n<\/div>\n<\/div>\n\n<div class=\"et_pb_section_1 et_pb_section et_section_regular et_flex_section\">\n<div class=\"et_pb_row_1 et_pb_row et_flex_row\">\n<div class=\"et_pb_column_2 et_pb_column et_flex_column et_pb_css_mix_blend_mode_passthrough et_flex_column_18_24 et_flex_column_16_24_tablet et_flex_column_24_24_phone\">\n<div class=\"et_pb_row_2 et_pb_row et_pb_row_nested et_flex_row\" id=\"camas\">\n<div class=\"et_pb_column_3 et_pb_column et_flex_column et_pb_css_mix_blend_mode_passthrough et_flex_column_12_24 et_flex_column_12_24_tablet et_flex_column_24_24_phone\">\n<div class=\"et_pb_image_0 et_pb_image et_pb_module et_block_module mi-contenedor\"><a href=\"https:\/\/imexcomed.com.bo\/index.php\/camas-hospitalarias\/\"><span class=\"et_pb_image_wrap\"><img loading=\"lazy\" decoding=\"async\" src=\"https:\/\/imexcomed.com.bo\/wp-content\/uploads\/2026\/03\/M1-CAMAS-HOSPITALARIAS.png\" title=\"M1 - CAMAS HOSPITALARIAS\" width=\"400\" height=\"400\" srcset=\"https:\/\/imexcomed.com.bo\/wp-content\/uploads\/2026\/03\/M1-CAMAS-HOSPITALARIAS.png 400w, https:\/\/imexcomed.com.bo\/wp-content\/uploads\/2026\/03\/M1-CAMAS-HOSPITALARIAS-300x300.png 300w, https:\/\/imexcomed.com.bo\/wp-content\/uploads\/2026\/03\/M1-CAMAS-HOSPITALARIAS-150x150.png 150w\" sizes=\"(max-width: 400px) 100vw, 400px\" class=\"wp-image-707\" \/><\/span><\/a><\/div>\n\n<div class=\"et_pb_text_1 et_pb_text et_pb_bg_layout_light et_pb_module et_flex_module preset--group--divi-text--divi-font-body--h19rs5u--default preset--group--divi-text--divi-font-body--h1yjkjr--default\"><div class=\"et_pb_text_inner\"><h2 style=\"text-align: center;\"><a href=\"https:\/\/imexcomed.com.bo\/index.php\/camas-hospitalarias\/\">Camas Hospitalarias<\/a><\/h2>\n<\/div><\/div>\n<\/div>\n\n<div class=\"et_pb_column_4 et_pb_column et-last-child et_flex_column et_pb_css_mix_blend_mode_passthrough et_flex_column_12_24 et_flex_column_12_24_tablet et_flex_column_24_24_phone\">\n<div class=\"et_pb_image_1 et_pb_image et_pb_module et_block_module mi-contenedor\"><a href=\"https:\/\/imexcomed.com.bo\/index.php\/camillas-hospitalarias\/\"><span class=\"et_pb_image_wrap\"><img loading=\"lazy\" decoding=\"async\" src=\"https:\/\/imexcomed.com.bo\/wp-content\/uploads\/2026\/03\/M2-CAMILLAS-HOSPITALARIAS.png\" title=\"M1 - CAMAS HOSPITALARIAS\" width=\"400\" height=\"400\" srcset=\"https:\/\/imexcomed.com.bo\/wp-content\/uploads\/2026\/03\/M2-CAMILLAS-HOSPITALARIAS.png 400w, https:\/\/imexcomed.com.bo\/wp-content\/uploads\/2026\/03\/M2-CAMILLAS-HOSPITALARIAS-300x300.png 300w, https:\/\/imexcomed.com.bo\/wp-content\/uploads\/2026\/03\/M2-CAMILLAS-HOSPITALARIAS-150x150.png 150w\" sizes=\"(max-width: 400px) 100vw, 400px\" class=\"wp-image-708\" \/><\/span><\/a><\/div>\n\n<div class=\"et_pb_text_2 et_pb_text et_pb_bg_layout_light et_pb_module et_flex_module preset--group--divi-text--divi-font-body--h19rs5u--default preset--group--divi-text--divi-font-body--h1yjkjr--default\"><div class=\"et_pb_text_inner\"><h2 style=\"text-align: center;\"><a href=\"https:\/\/imexcomed.com.bo\/index.php\/camillas-hospitalarias\/\">Camillas Hospitalarias<\/a><\/h2>\n<\/div><\/div>\n<\/div>\n<\/div>\n\n<div class=\"et_pb_row_3 et_pb_row et_pb_row_nested et_flex_row\" id=\"cunas\">\n<div class=\"et_pb_column_5 et_pb_column et_flex_column et_pb_css_mix_blend_mode_passthrough et_flex_column_12_24 et_flex_column_12_24_tablet et_flex_column_24_24_phone\">\n<div class=\"et_pb_image_2 et_pb_image et_pb_module et_block_module mi-contenedor\"><a href=\"https:\/\/imexcomed.com.bo\/index.php\/cunas-neonato\/\"><span class=\"et_pb_image_wrap\"><img loading=\"lazy\" decoding=\"async\" src=\"https:\/\/imexcomed.com.bo\/wp-content\/uploads\/2026\/03\/M3-CUNAS-NEONATO.png\" title=\"M3 - CUNAS NEONATO\" width=\"400\" height=\"400\" srcset=\"https:\/\/imexcomed.com.bo\/wp-content\/uploads\/2026\/03\/M3-CUNAS-NEONATO.png 400w, https:\/\/imexcomed.com.bo\/wp-content\/uploads\/2026\/03\/M3-CUNAS-NEONATO-300x300.png 300w, https:\/\/imexcomed.com.bo\/wp-content\/uploads\/2026\/03\/M3-CUNAS-NEONATO-150x150.png 150w\" sizes=\"(max-width: 400px) 100vw, 400px\" class=\"wp-image-709\" \/><\/span><\/a><\/div>\n\n<div class=\"et_pb_text_3 et_pb_text et_pb_bg_layout_light et_clickable et_pb_module et_flex_module preset--group--divi-text--divi-font-body--h19rs5u--default preset--group--divi-text--divi-font-body--h1yjkjr--default\"><div class=\"et_pb_text_inner\"><h2 style=\"text-align: center;\">Cunas Neonato<\/h2>\n<\/div><\/div>\n<\/div>\n\n<div class=\"et_pb_column_6 et_pb_column et-last-child et_flex_column et_pb_css_mix_blend_mode_passthrough et_flex_column_12_24 et_flex_column_12_24_tablet et_flex_column_24_24_phone\">\n<div class=\"et_pb_image_3 et_pb_image et_pb_module et_block_module mi-contenedor\"><a href=\"https:\/\/imexcomed.com.bo\/index.php\/mesas-para-examen\/\"><span class=\"et_pb_image_wrap\"><img loading=\"lazy\" decoding=\"async\" src=\"https:\/\/imexcomed.com.bo\/wp-content\/uploads\/2026\/03\/M4-MESAS-PARA-EXAMEN.png\" title=\"M4 - MESAS PARA EXAMEN\" width=\"400\" height=\"400\" srcset=\"https:\/\/imexcomed.com.bo\/wp-content\/uploads\/2026\/03\/M4-MESAS-PARA-EXAMEN.png 400w, https:\/\/imexcomed.com.bo\/wp-content\/uploads\/2026\/03\/M4-MESAS-PARA-EXAMEN-300x300.png 300w, https:\/\/imexcomed.com.bo\/wp-content\/uploads\/2026\/03\/M4-MESAS-PARA-EXAMEN-150x150.png 150w\" sizes=\"(max-width: 400px) 100vw, 400px\" class=\"wp-image-710\" \/><\/span><\/a><\/div>\n\n<div class=\"et_pb_text_4 et_pb_text et_pb_bg_layout_light et_clickable et_pb_module et_flex_module preset--group--divi-text--divi-font-body--h19rs5u--default preset--group--divi-text--divi-font-body--h1yjkjr--default\"><div class=\"et_pb_text_inner\"><h2 style=\"text-align: center;\">Mesas para Examen<\/h2>\n<\/div><\/div>\n<\/div>\n<\/div>\n\n<div class=\"et_pb_row_4 et_pb_row et_pb_row_nested et_flex_row\" id=\"sillas\">\n<div class=\"et_pb_column_7 et_pb_column et_flex_column et_pb_css_mix_blend_mode_passthrough et_flex_column_12_24 et_flex_column_12_24_tablet et_flex_column_24_24_phone\">\n<div class=\"et_pb_image_4 et_pb_image et_pb_module et_block_module mi-contenedor\"><a href=\"https:\/\/imexcomed.com.bo\/index.php\/sillas-hospitalarias\/\"><span class=\"et_pb_image_wrap\"><img loading=\"lazy\" decoding=\"async\" src=\"https:\/\/imexcomed.com.bo\/wp-content\/uploads\/2026\/03\/M5-SILLAS-HOSPITALARIAS.png\" title=\"M5 - SILLAS HOSPITALARIAS\" width=\"400\" height=\"400\" srcset=\"https:\/\/imexcomed.com.bo\/wp-content\/uploads\/2026\/03\/M5-SILLAS-HOSPITALARIAS.png 400w, https:\/\/imexcomed.com.bo\/wp-content\/uploads\/2026\/03\/M5-SILLAS-HOSPITALARIAS-300x300.png 300w, https:\/\/imexcomed.com.bo\/wp-content\/uploads\/2026\/03\/M5-SILLAS-HOSPITALARIAS-150x150.png 150w\" sizes=\"(max-width: 400px) 100vw, 400px\" class=\"wp-image-711\" \/><\/span><\/a><\/div>\n\n<div class=\"et_pb_text_5 et_pb_text et_pb_bg_layout_light et_clickable et_pb_module et_flex_module preset--group--divi-text--divi-font-body--h19rs5u--default preset--group--divi-text--divi-font-body--h1yjkjr--default\"><div class=\"et_pb_text_inner\"><h2 style=\"text-align: center;\">Sillas Hospitalarias<\/h2>\n<\/div><\/div>\n<\/div>\n\n<div class=\"et_pb_column_8 et_pb_column et-last-child et_flex_column et_pb_css_mix_blend_mode_passthrough et_flex_column_12_24 et_flex_column_12_24_tablet et_flex_column_24_24_phone\">\n<div class=\"et_pb_image_5 et_pb_image et_pb_module et_block_module mi-contenedor\"><a href=\"https:\/\/imexcomed.com.bo\/index.php\/complementos\/\"><span class=\"et_pb_image_wrap\"><img loading=\"lazy\" decoding=\"async\" src=\"https:\/\/imexcomed.com.bo\/wp-content\/uploads\/2026\/03\/M6-COMPLEMENTOS.png\" title=\"M6 - COMPLEMENTOS\" width=\"400\" height=\"400\" srcset=\"https:\/\/imexcomed.com.bo\/wp-content\/uploads\/2026\/03\/M6-COMPLEMENTOS.png 400w, https:\/\/imexcomed.com.bo\/wp-content\/uploads\/2026\/03\/M6-COMPLEMENTOS-300x300.png 300w, https:\/\/imexcomed.com.bo\/wp-content\/uploads\/2026\/03\/M6-COMPLEMENTOS-150x150.png 150w\" sizes=\"(max-width: 400px) 100vw, 400px\" class=\"wp-image-712\" \/><\/span><\/a><\/div>\n\n<div class=\"et_pb_text_6 et_pb_text et_pb_bg_layout_light et_clickable et_pb_module et_flex_module preset--group--divi-text--divi-font-body--h19rs5u--default preset--group--divi-text--divi-font-body--h1yjkjr--default\"><div class=\"et_pb_text_inner\"><h2 style=\"text-align: center;\">Complementos<\/h2>\n<\/div><\/div>\n<\/div>\n<\/div>\n<\/div>\n\n<div class=\"et_pb_column_9 et_pb_column et-last-child et_flex_column et_pb_css_mix_blend_mode_passthrough et_flex_column_6_24 et_flex_column_8_24_tablet et_flex_column_24_24_phone\">\n<div class=\"et_pb_text_7 et_pb_text et_pb_bg_layout_light et_pb_module et_block_module preset--group--divi-text--divi-font-body--h19rs5u--default preset--group--divi-text--divi-font-body--h1yjkjr--default preset--module--divi-text--699cb4dcd6faa\"><div class=\"et_pb_text_inner\"><p>Tambi\u00e9n te puede interesar<\/p>\n<\/div><\/div>\n\n<div class=\"et_pb_text_8 et_pb_text et_pb_bg_layout_light et_pb_module et_block_module preset--group--divi-text--divi-font-body--h19rs5u--default preset--group--divi-text--divi-font-body--h1yjkjr--default preset--module--divi-text--699cb4dcd6faa\"><div class=\"et_pb_text_inner\"><table border=\"1\" style=\"width: 100%; border-collapse: collapse; border-style: none; height: 249px;\">\n<tbody>\n<tr style=\"height: 24px;\">\n<td style=\"width: 10%; padding-right: 5px; border-style: none; height: 28px; text-align: right;\"><img loading=\"lazy\" decoding=\"async\" src=\"https:\/\/imexcomed.com.bo\/wp-content\/uploads\/2026\/03\/flecha-verde-left.png\" width=\"14\" height=\"21\" alt=\"\" class=\"wp-image-771 aligncenter size-full\" \/><\/td>\n<td style=\"width: 80%; padding-left: 0%; border-style: none none solid; border-bottom-width: 1px; border-bottom-color: #cccccc; height: 24px;\"><a href=\"https:\/\/imexcomed.com.bo\/index.php\/cirugia-minimamente-invasiva\/\">Cirug\u00eda M\u00ednimamente Invasiva<\/a><\/td>\n<\/tr>\n<tr style=\"height: 25px;\">\n<td style=\"width: 10%; padding-right: 5px; border-style: none; height: 28px; text-align: right;\"><img loading=\"lazy\" decoding=\"async\" src=\"https:\/\/imexcomed.com.bo\/wp-content\/uploads\/2026\/03\/flecha-verde-left.png\" width=\"14\" height=\"21\" alt=\"\" class=\"wp-image-771 aligncenter size-full\" \/><\/td>\n<td style=\"width: 80%; padding-left: 0%; border-style: none none solid; border-bottom-width: 1px; border-bottom-color: #cccccc; height: 25px;\"><a href=\"https:\/\/imexcomed.com.bo\/index.php\/instrumentos-quirurgicos-y-sistemas-de-contenedores-esteriles\/\">Instrumentos Quir\u00fargicos y Sistemas de Contenedores Est\u00e9riles<\/a><\/td>\n<\/tr>\n<tr style=\"height: 25px;\">\n<td style=\"width: 10%; padding-right: 5px; border-style: none; height: 28px; text-align: right;\"><img loading=\"lazy\" decoding=\"async\" src=\"https:\/\/imexcomed.com.bo\/wp-content\/uploads\/2026\/03\/flecha-verde-left.png\" width=\"14\" height=\"21\" alt=\"\" class=\"wp-image-771 aligncenter size-full\" \/><\/td>\n<td style=\"width: 80%; padding-left: 0%; border-style: none none solid; border-bottom-width: 1px; border-bottom-color: #cccccc; height: 25px;\"><a href=\"https:\/\/imexcomed.com.bo\/index.php\/neurocirugia\/\">Neurocirug\u00eda<\/a><\/td>\n<\/tr>\n<tr style=\"height: 25px;\">\n<td style=\"width: 10%; padding-right: 5px; border-style: none; height: 28px; text-align: right;\"><img loading=\"lazy\" decoding=\"async\" src=\"https:\/\/imexcomed.com.bo\/wp-content\/uploads\/2026\/03\/flecha-verde-left.png\" width=\"14\" height=\"21\" alt=\"\" class=\"wp-image-771 aligncenter size-full\" \/><\/td>\n<td style=\"width: 80%; padding-left: 0%; border-style: none none solid; border-bottom-width: 1px; border-bottom-color: #cccccc; height: 25px;\"><a href=\"https:\/\/imexcomed.com.bo\/index.php\/electrocirugia\/\">Electrocirug\u00eda<\/a><\/td>\n<\/tr>\n<tr style=\"height: 25px;\">\n<td style=\"width: 10%; padding-right: 5px; border-style: none; height: 28px; text-align: right;\"><img loading=\"lazy\" decoding=\"async\" src=\"https:\/\/imexcomed.com.bo\/wp-content\/uploads\/2026\/03\/flecha-verde-left.png\" width=\"14\" height=\"21\" alt=\"\" class=\"wp-image-771 aligncenter size-full\" \/><\/td>\n<td style=\"width: 80%; padding-left: 0%; border-style: none none solid; border-bottom-width: 1px; border-bottom-color: #cccccc; height: 25px;\"><a href=\"https:\/\/imexcomed.com.bo\/index.php\/suturas-y-especialidades-quirurgicas\/\">Suturas y Especialidades Quir\u00fargicas<\/a><\/td>\n<\/tr>\n<tr style=\"height: 25px;\">\n<td style=\"width: 10%; padding-right: 5px; border-style: none; height: 28px; text-align: right;\"><img loading=\"lazy\" decoding=\"async\" src=\"https:\/\/imexcomed.com.bo\/wp-content\/uploads\/2026\/03\/flecha-verde-left.png\" width=\"14\" height=\"21\" alt=\"\" class=\"wp-image-771 aligncenter size-full\" \/><\/td>\n<td style=\"width: 80%; padding-left: 0%; border-style: none none solid; border-bottom-width: 1px; border-bottom-color: #cccccc; height: 25px;\"><a href=\"https:\/\/imexcomed.com.bo\/index.php\/oncologia\/\">Oncolog\u00eda<\/a><\/td>\n<\/tr>\n<tr style=\"height: 25px;\">\n<td style=\"width: 10%; padding-right: 5px; border-style: none; height: 28px; text-align: right;\"><img loading=\"lazy\" decoding=\"async\" src=\"https:\/\/imexcomed.com.bo\/wp-content\/uploads\/2026\/03\/flecha-verde-left.png\" width=\"14\" height=\"21\" alt=\"\" class=\"wp-image-771 aligncenter size-full\" \/><\/td>\n<td style=\"width: 80%; padding-left: 0%; border-style: none none solid; border-bottom-width: 1px; border-bottom-color: #cccccc; height: 25px;\"><a href=\"https:\/\/imexcomed.com.bo\/index.php\/cirugia-ortopedica\/\">Cirug\u00eda Ortop\u00e9dica<\/a><\/td>\n<\/tr>\n<tr style=\"height: 25px;\">\n<td style=\"width: 10%; padding-right: 5px; border-style: none; height: 28px; text-align: right;\"><img loading=\"lazy\" decoding=\"async\" src=\"https:\/\/imexcomed.com.bo\/wp-content\/uploads\/2026\/03\/flecha-verde-left.png\" width=\"14\" height=\"21\" alt=\"\" class=\"wp-image-771 aligncenter size-full\" \/><\/td>\n<td style=\"width: 80%; padding-left: 0%; border-style: none none solid; border-bottom-width: 1px; border-bottom-color: #cccccc; height: 25px;\"><a href=\"https:\/\/imexcomed.com.bo\/index.php\/cirugia-de-columna\/\">Cirug\u00eda de Columna<\/a><\/td>\n<\/tr>\n<tr style=\"height: 25px;\">\n<td style=\"width: 10%; padding-right: 5px; border-style: none; height: 28px; text-align: right;\"><img loading=\"lazy\" decoding=\"async\" src=\"https:\/\/imexcomed.com.bo\/wp-content\/uploads\/2026\/03\/flecha-verde-left.png\" width=\"14\" height=\"21\" alt=\"\" class=\"wp-image-771 aligncenter size-full\" \/><\/td>\n<td style=\"width: 80%; padding-left: 0%; border-style: none none solid; border-bottom-width: 1px; border-bottom-color: #cccccc; height: 25px;\"><a href=\"https:\/\/imexcomed.com.bo\/index.php\/reprocesamiento-de-material-esteril\/\">Reprocesamiento de Material Est\u00e9ril<\/a><\/td>\n<\/tr>\n<tr style=\"height: 25px;\">\n<td style=\"width: 10%; padding-right: 5px; border-style: none; height: 28px; text-align: right;\"><img loading=\"lazy\" decoding=\"async\" src=\"https:\/\/imexcomed.com.bo\/wp-content\/uploads\/2026\/03\/flecha-verde-left.png\" width=\"14\" height=\"21\" alt=\"\" class=\"wp-image-771 aligncenter size-full\" \/><\/td>\n<td style=\"width: 80%; padding-left: 0%; border-style: none none solid; border-bottom-width: 1px; border-bottom-color: #cccccc; height: 25px;\"><a href=\"https:\/\/imexcomed.com.bo\/index.php\/mobiliario\/\">Mobiliario<\/a><\/td>\n<\/tr>\n<\/tbody>\n<\/table>\n<p>\u00a0<\/p>\n<\/div><\/div>\n<\/div>\n<\/div>\n<\/div>\n\n<div class=\"et_pb_section_2 et_pb_section et_section_regular et_flex_section\"><\/div>\n\n<div class=\"et_pb_section_3 et_pb_section et_section_regular et_flex_section\">\n<div class=\"et_pb_row_5 et_pb_row et_flex_row\">\n<div class=\"et_pb_column_10 et_pb_column et-last-child et_flex_column et_pb_css_mix_blend_mode_passthrough et_flex_column_24_24 et_flex_column_24_24_tablet et_flex_column_24_24_phone\">\n<div class=\"et_pb_text_9 et_pb_text et_pb_bg_layout_light et_pb_module et_flex_module preset--group--divi-text--divi-font-body--h19rs5u--default preset--group--divi-text--divi-font-body--h1yjkjr--default\"><div class=\"et_pb_text_inner\"><h1>Mobiliario<\/h1>\n<p style=\"text-align: justify;\">Tecnolog\u00eda que se adapta a las diferentes necesidades y procedimientos en hospitalizaci\u00f3n. Nuestras camas hospitalarias contribuyen a la pronta recuperaci\u00f3n del paciente y brindan apoyo al personal de cuidado de manera pr\u00e1ctica, segura, c\u00f3moda, f\u00e1cil de usar y duradera para garantizar la continuidad del servicio.<\/p>\n<\/div><\/div>\n<\/div>\n<\/div>\n<\/div>\n\n<div class=\"et_pb_section_4 et_pb_section et_section_regular et_flex_section\">\n<div class=\"et_pb_row_6 et_pb_row et_flex_row\">\n<div class=\"et_pb_column_11 et_pb_column et-last-child et_flex_column et_pb_css_mix_blend_mode_passthrough et_flex_column_24_24 et_flex_column_24_24_tablet et_flex_column_24_24_phone\">\n<div class=\"et_pb_image_6 et_pb_image et_pb_module et_block_module mi-contenedor\"><a href=\"https:\/\/imexcomed.com.bo\/index.php\/camas-hospitalarias\/\"><span class=\"et_pb_image_wrap\"><img loading=\"lazy\" decoding=\"async\" src=\"https:\/\/imexcomed.com.bo\/wp-content\/uploads\/2026\/03\/M1-CAMAS-HOSPITALARIAS.png\" title=\"M1 - CAMAS HOSPITALARIAS\" width=\"400\" height=\"400\" srcset=\"https:\/\/imexcomed.com.bo\/wp-content\/uploads\/2026\/03\/M1-CAMAS-HOSPITALARIAS.png 400w, https:\/\/imexcomed.com.bo\/wp-content\/uploads\/2026\/03\/M1-CAMAS-HOSPITALARIAS-300x300.png 300w, https:\/\/imexcomed.com.bo\/wp-content\/uploads\/2026\/03\/M1-CAMAS-HOSPITALARIAS-150x150.png 150w\" sizes=\"(max-width: 400px) 100vw, 400px\" class=\"wp-image-707\" \/><\/span><\/a><\/div>\n\n<div class=\"et_pb_text_10 et_pb_text et_pb_bg_layout_light et_clickable et_pb_module et_flex_module preset--group--divi-text--divi-font-body--h19rs5u--default preset--group--divi-text--divi-font-body--h1yjkjr--default\"><div class=\"et_pb_text_inner\"><h2 style=\"text-align: center;\"><a href=\"https:\/\/imexcomed.com.bo\/index.php\/camas-hospitalarias\/\">Camas Hospitalarias<\/a><\/h2>\n<\/div><\/div>\n\n<div class=\"et_pb_image_7 et_pb_image et_pb_module et_block_module mi-contenedor\"><a href=\"https:\/\/imexcomed.com.bo\/index.php\/camillas-hospitalarias\/\"><span class=\"et_pb_image_wrap\"><img loading=\"lazy\" decoding=\"async\" src=\"https:\/\/imexcomed.com.bo\/wp-content\/uploads\/2026\/03\/M2-CAMILLAS-HOSPITALARIAS.png\" title=\"M1 - CAMAS HOSPITALARIAS\" width=\"400\" height=\"400\" srcset=\"https:\/\/imexcomed.com.bo\/wp-content\/uploads\/2026\/03\/M2-CAMILLAS-HOSPITALARIAS.png 400w, https:\/\/imexcomed.com.bo\/wp-content\/uploads\/2026\/03\/M2-CAMILLAS-HOSPITALARIAS-300x300.png 300w, https:\/\/imexcomed.com.bo\/wp-content\/uploads\/2026\/03\/M2-CAMILLAS-HOSPITALARIAS-150x150.png 150w\" sizes=\"(max-width: 400px) 100vw, 400px\" class=\"wp-image-708\" \/><\/span><\/a><\/div>\n\n<div class=\"et_pb_text_11 et_pb_text et_pb_bg_layout_light et_pb_module et_flex_module preset--group--divi-text--divi-font-body--h19rs5u--default preset--group--divi-text--divi-font-body--h1yjkjr--default\"><div class=\"et_pb_text_inner\"><h2 style=\"text-align: center;\"><a href=\"https:\/\/imexcomed.com.bo\/index.php\/camillas-hospitalarias\/\">Camillas Hospitalarias<\/a><\/h2>\n<\/div><\/div>\n\n<div class=\"et_pb_image_8 et_pb_image et_pb_module et_block_module mi-contenedor\"><a href=\"https:\/\/imexcomed.com.bo\/index.php\/cunas-neonato\/\"><span class=\"et_pb_image_wrap\"><img loading=\"lazy\" decoding=\"async\" src=\"https:\/\/imexcomed.com.bo\/wp-content\/uploads\/2026\/03\/M3-CUNAS-NEONATO.png\" title=\"M3 - CUNAS NEONATO\" width=\"400\" height=\"400\" srcset=\"https:\/\/imexcomed.com.bo\/wp-content\/uploads\/2026\/03\/M3-CUNAS-NEONATO.png 400w, https:\/\/imexcomed.com.bo\/wp-content\/uploads\/2026\/03\/M3-CUNAS-NEONATO-300x300.png 300w, https:\/\/imexcomed.com.bo\/wp-content\/uploads\/2026\/03\/M3-CUNAS-NEONATO-150x150.png 150w\" sizes=\"(max-width: 400px) 100vw, 400px\" class=\"wp-image-709\" \/><\/span><\/a><\/div>\n\n<div class=\"et_pb_text_12 et_pb_text et_pb_bg_layout_light et_clickable et_pb_module et_flex_module preset--group--divi-text--divi-font-body--h19rs5u--default preset--group--divi-text--divi-font-body--h1yjkjr--default\"><div class=\"et_pb_text_inner\"><h2 style=\"text-align: center;\">Cunas Neonato<\/h2>\n<\/div><\/div>\n\n<div class=\"et_pb_image_9 et_pb_image et_pb_module et_block_module mi-contenedor\"><a href=\"https:\/\/imexcomed.com.bo\/index.php\/mesas-para-examen\/\"><span class=\"et_pb_image_wrap\"><img loading=\"lazy\" decoding=\"async\" src=\"https:\/\/imexcomed.com.bo\/wp-content\/uploads\/2026\/03\/M4-MESAS-PARA-EXAMEN.png\" title=\"M4 - MESAS PARA EXAMEN\" width=\"400\" height=\"400\" srcset=\"https:\/\/imexcomed.com.bo\/wp-content\/uploads\/2026\/03\/M4-MESAS-PARA-EXAMEN.png 400w, https:\/\/imexcomed.com.bo\/wp-content\/uploads\/2026\/03\/M4-MESAS-PARA-EXAMEN-300x300.png 300w, https:\/\/imexcomed.com.bo\/wp-content\/uploads\/2026\/03\/M4-MESAS-PARA-EXAMEN-150x150.png 150w\" sizes=\"(max-width: 400px) 100vw, 400px\" class=\"wp-image-710\" \/><\/span><\/a><\/div>\n\n<div class=\"et_pb_text_13 et_pb_text et_pb_bg_layout_light et_clickable et_pb_module et_flex_module preset--group--divi-text--divi-font-body--h19rs5u--default preset--group--divi-text--divi-font-body--h1yjkjr--default\"><div class=\"et_pb_text_inner\"><h2 style=\"text-align: center;\">Mesas para Examen<\/h2>\n<\/div><\/div>\n\n<div class=\"et_pb_image_10 et_pb_image et_pb_module et_block_module mi-contenedor\"><a href=\"https:\/\/imexcomed.com.bo\/index.php\/sillas-hospitalarias\/\"><span class=\"et_pb_image_wrap\"><img loading=\"lazy\" decoding=\"async\" src=\"https:\/\/imexcomed.com.bo\/wp-content\/uploads\/2026\/03\/M5-SILLAS-HOSPITALARIAS.png\" title=\"M5 - SILLAS HOSPITALARIAS\" width=\"400\" height=\"400\" srcset=\"https:\/\/imexcomed.com.bo\/wp-content\/uploads\/2026\/03\/M5-SILLAS-HOSPITALARIAS.png 400w, https:\/\/imexcomed.com.bo\/wp-content\/uploads\/2026\/03\/M5-SILLAS-HOSPITALARIAS-300x300.png 300w, https:\/\/imexcomed.com.bo\/wp-content\/uploads\/2026\/03\/M5-SILLAS-HOSPITALARIAS-150x150.png 150w\" sizes=\"(max-width: 400px) 100vw, 400px\" class=\"wp-image-711\" \/><\/span><\/a><\/div>\n\n<div class=\"et_pb_text_14 et_pb_text et_pb_bg_layout_light et_clickable et_pb_module et_flex_module preset--group--divi-text--divi-font-body--h19rs5u--default preset--group--divi-text--divi-font-body--h1yjkjr--default\"><div class=\"et_pb_text_inner\"><h2 style=\"text-align: center;\">Sillas Hospitalarias<\/h2>\n<\/div><\/div>\n\n<div class=\"et_pb_image_11 et_pb_image et_pb_module et_block_module mi-contenedor\"><a href=\"https:\/\/imexcomed.com.bo\/index.php\/complementos\/\"><span class=\"et_pb_image_wrap\"><img loading=\"lazy\" decoding=\"async\" src=\"https:\/\/imexcomed.com.bo\/wp-content\/uploads\/2026\/03\/M6-COMPLEMENTOS.png\" title=\"M6 - COMPLEMENTOS\" width=\"400\" height=\"400\" srcset=\"https:\/\/imexcomed.com.bo\/wp-content\/uploads\/2026\/03\/M6-COMPLEMENTOS.png 400w, https:\/\/imexcomed.com.bo\/wp-content\/uploads\/2026\/03\/M6-COMPLEMENTOS-300x300.png 300w, https:\/\/imexcomed.com.bo\/wp-content\/uploads\/2026\/03\/M6-COMPLEMENTOS-150x150.png 150w\" sizes=\"(max-width: 400px) 100vw, 400px\" class=\"wp-image-712\" \/><\/span><\/a><\/div>\n\n<div class=\"et_pb_text_15 et_pb_text et_pb_bg_layout_light et_clickable et_pb_module et_flex_module preset--group--divi-text--divi-font-body--h19rs5u--default preset--group--divi-text--divi-font-body--h1yjkjr--default\"><div class=\"et_pb_text_inner\"><h2 style=\"text-align: center;\">Complementos<\/h2>\n<\/div><\/div>\n<\/div>\n<\/div>\n<\/div>","protected":false},"excerpt":{"rendered":"","protected":false},"author":2,"featured_media":0,"parent":0,"menu_order":0,"comment_status":"closed","ping_status":"closed","template":"","meta":{"footnotes":""},"class_list":["post-70","page","type-page","status-publish","hentry"],"_links":{"self":[{"href":"https:\/\/imexcomed.com.bo\/index.php\/wp-json\/wp\/v2\/pages\/70","targetHints":{"allow":["GET"]}}],"collection":[{"href":"https:\/\/imexcomed.com.bo\/index.php\/wp-json\/wp\/v2\/pages"}],"about":[{"href":"https:\/\/imexcomed.com.bo\/index.php\/wp-json\/wp\/v2\/types\/page"}],"author":[{"embeddable":true,"href":"https:\/\/imexcomed.com.bo\/index.php\/wp-json\/wp\/v2\/users\/2"}],"replies":[{"embeddable":true,"href":"https:\/\/imexcomed.com.bo\/index.php\/wp-json\/wp\/v2\/comments?post=70"}],"version-history":[{"count":53,"href":"https:\/\/imexcomed.com.bo\/index.php\/wp-json\/wp\/v2\/pages\/70\/revisions"}],"predecessor-version":[{"id":1597,"href":"https:\/\/imexcomed.com.bo\/index.php\/wp-json\/wp\/v2\/pages\/70\/revisions\/1597"}],"wp:attachment":[{"href":"https:\/\/imexcomed.com.bo\/index.php\/wp-json\/wp\/v2\/media?parent=70"}],"curies":[{"name":"wp","href":"https:\/\/api.w.org\/{rel}","templated":true}]}}