{"id":930,"date":"2026-03-10T21:42:37","date_gmt":"2026-03-11T01:42:37","guid":{"rendered":"https:\/\/imexcomed.com.bo\/?page_id=930"},"modified":"2026-04-08T12:36:45","modified_gmt":"2026-04-08T16:36:45","slug":"sillas-hospitalarias","status":"publish","type":"page","link":"https:\/\/imexcomed.com.bo\/index.php\/sillas-hospitalarias\/","title":{"rendered":"Sillas Hospitalarias"},"content":{"rendered":"<div class=\"et_pb_section_0 et_pb_section et_section_regular et_flex_section\">\n<div class=\"et_pb_row_0 et_pb_row et_flex_row\">\n<div class=\"et_pb_column_0 et_pb_column et_flex_column et_pb_css_mix_blend_mode_passthrough et_flex_column_18_24 et_flex_column_16_24_tablet et_flex_column_24_24_phone\">\n<div class=\"et_pb_row_1 et_pb_row et_pb_row_nested et_flex_row\">\n<div class=\"et_pb_column_1 et_pb_column et_flex_column et_pb_column_empty et_pb_css_mix_blend_mode_passthrough et_flex_column_12_24 et_flex_column_12_24_tablet et_flex_column_24_24_phone\"><\/div>\n\n<div class=\"et_pb_column_2 et_pb_column et-last-child et_flex_column et_pb_css_mix_blend_mode_passthrough et_flex_column_12_24 et_flex_column_12_24_tablet et_flex_column_24_24_phone\">\n<div class=\"et_pb_text_0 et_pb_text et_pb_bg_layout_light et_pb_module et_block_module preset--group--divi-text--divi-font-body--h19rs5u--default preset--group--divi-text--divi-font-body--h1yjkjr--default preset--module--divi-text--699cb4dcd6faa\"><div class=\"et_pb_text_inner\"><h2>Sillas Hospitalarias<\/h2>\n<\/div><\/div>\n<\/div>\n<\/div>\n\n<div class=\"et_pb_row_2 et_pb_row et_pb_row_nested et_flex_row\">\n<div class=\"et_pb_column_3 et_pb_column et_flex_column et_pb_css_mix_blend_mode_passthrough et_flex_column_12_24 et_flex_column_12_24_tablet et_flex_column_24_24_phone\">\n<div class=\"et_pb_image_0 et_pb_image et_pb_module et_flex_module mi-contenedor\"><span class=\"et_pb_image_wrap\"><img loading=\"lazy\" decoding=\"async\" src=\"https:\/\/imexcomed.com.bo\/wp-content\/uploads\/2026\/03\/Genova.jpg\" title=\"Genova\" width=\"410\" height=\"280\" srcset=\"https:\/\/imexcomed.com.bo\/wp-content\/uploads\/2026\/03\/Genova.jpg 410w, https:\/\/imexcomed.com.bo\/wp-content\/uploads\/2026\/03\/Genova-300x205.jpg 300w\" sizes=\"(max-width: 410px) 100vw, 410px\" class=\"wp-image-905\" \/><\/span><\/div>\n<\/div>\n\n<div class=\"et_pb_column_4 et_pb_column et-last-child et_flex_column et_pb_css_mix_blend_mode_passthrough et_flex_column_12_24 et_flex_column_12_24_tablet et_flex_column_24_24_phone\">\n<div class=\"et_pb_text_1 et_pb_text et_pb_bg_layout_light et_pb_module et_block_module preset--group--divi-text--divi-font-body--h19rs5u--default preset--group--divi-text--divi-font-body--h1yjkjr--default preset--module--divi-text--699cb4dcd6faa\"><div class=\"et_pb_text_inner\"><h2>Genova<\/h2>\n<ul>\n<li style=\"text-align: justify;\">Mecanismo de reclinaci\u00f3n de pantorrilla accionable hacia atr\u00e1s.<\/li>\n<li style=\"text-align: justify;\">Espaldar y coj\u00edn de poliuretano moldeado en fr\u00edo<\/li>\n<li style=\"text-align: justify;\">Resorte Nosag en la zona lumbar del espaldar<\/li>\n<li style=\"text-align: justify;\">Paneles en triplex de 9cm, reforzados con piezas en forma de C, en l\u00e1mina de acero CR calibre 3mm<\/li>\n<li style=\"text-align: justify;\">Base con deslizadores fijos.<\/li>\n<li style=\"text-align: justify;\">Tapicer\u00eda f\u00e1cil de desmontar y limpiar en vinilo con protecci\u00f3n antibacterial.<\/li>\n<\/ul>\n<\/div><\/div>\n<\/div>\n<\/div>\n\n<div class=\"et_pb_row_3 et_pb_row et_pb_row_nested et_flex_row\">\n<div class=\"et_pb_column_5 et_pb_column et_flex_column et_pb_css_mix_blend_mode_passthrough et_flex_column_12_24 et_flex_column_12_24_tablet et_flex_column_24_24_phone\">\n<div class=\"et_pb_text_2 et_pb_text et_pb_bg_layout_light et_pb_module et_block_module preset--group--divi-text--divi-font-body--h19rs5u--default preset--group--divi-text--divi-font-body--h1yjkjr--default preset--module--divi-text--699cb4dcd6faa\"><div class=\"et_pb_text_inner\"><h2>Kronos<\/h2>\n<ul>\n<li style=\"text-align: justify;\">Mecanismo lounger.<\/li>\n<li style=\"text-align: justify;\">Marco estructural en tuber\u00eda redonda de acero colled rolled de alta calidad.<\/li>\n<li style=\"text-align: justify;\">Resortes Nosag para reforzar el soporte lumbar y capacidad portante del coj\u00edn.<\/li>\n<li style=\"text-align: justify;\">Componentes estructurales met\u00e1licos en l\u00e1minas de acero.<\/li>\n<li style=\"text-align: justify;\">Opci\u00f3n de versi\u00f3n ultra-compacta con mecanismo de abatimiento por contrapeso, insonoro y libre de mantenimiento.<\/li>\n<li style=\"text-align: justify;\">Est\u00e1 disponible una opci\u00f3n con respaldo fijo.<\/li>\n<\/ul>\n<\/div><\/div>\n<\/div>\n\n<div class=\"et_pb_column_6 et_pb_column et-last-child et_flex_column et_pb_css_mix_blend_mode_passthrough et_flex_column_12_24 et_flex_column_12_24_tablet et_flex_column_24_24_phone\">\n<div class=\"et_pb_image_1 et_pb_image et_pb_module et_flex_module mi-contenedor\"><span class=\"et_pb_image_wrap\"><img loading=\"lazy\" decoding=\"async\" src=\"https:\/\/imexcomed.com.bo\/wp-content\/uploads\/2026\/03\/Kronos.jpg\" title=\"Kronos\" width=\"410\" height=\"280\" srcset=\"https:\/\/imexcomed.com.bo\/wp-content\/uploads\/2026\/03\/Kronos.jpg 410w, https:\/\/imexcomed.com.bo\/wp-content\/uploads\/2026\/03\/Kronos-300x205.jpg 300w\" sizes=\"(max-width: 410px) 100vw, 410px\" class=\"wp-image-906\" \/><\/span><\/div>\n<\/div>\n<\/div>\n\n<div class=\"et_pb_row_4 et_pb_row et_pb_row_nested et_flex_row\">\n<div class=\"et_pb_column_7 et_pb_column et_flex_column et_pb_css_mix_blend_mode_passthrough et_flex_column_12_24 et_flex_column_12_24_tablet et_flex_column_24_24_phone\">\n<div class=\"et_pb_image_2 et_pb_image et_pb_module et_flex_module mi-contenedor\"><span class=\"et_pb_image_wrap\"><img loading=\"lazy\" decoding=\"async\" src=\"https:\/\/imexcomed.com.bo\/wp-content\/uploads\/2026\/03\/Syriux.jpg\" title=\"Syriux\" width=\"410\" height=\"280\" srcset=\"https:\/\/imexcomed.com.bo\/wp-content\/uploads\/2026\/03\/Syriux.jpg 410w, https:\/\/imexcomed.com.bo\/wp-content\/uploads\/2026\/03\/Syriux-300x205.jpg 300w\" sizes=\"(max-width: 410px) 100vw, 410px\" class=\"wp-image-907\" \/><\/span><\/div>\n<\/div>\n\n<div class=\"et_pb_column_8 et_pb_column et-last-child et_flex_column et_pb_css_mix_blend_mode_passthrough et_flex_column_12_24 et_flex_column_12_24_tablet et_flex_column_24_24_phone\">\n<div class=\"et_pb_text_3 et_pb_text et_pb_bg_layout_light et_pb_module et_block_module preset--group--divi-text--divi-font-body--h19rs5u--default preset--group--divi-text--divi-font-body--h1yjkjr--default preset--module--divi-text--699cb4dcd6faa\"><div class=\"et_pb_text_inner\"><h2>Syriux<\/h2>\n<ul>\n<li style=\"text-align: justify;\">Estructura en acero de alta resistencia para lograr una mayor estabilidad del paciente.<\/li>\n<li style=\"text-align: justify;\">Soporte para gran capacidad de carga segura.<br \/>Brinde bienestar y comodidad con el cabecero y piecero.<\/li>\n<li style=\"text-align: justify;\">Apoya brazos y apoya cabezas para reposo del paciente durante procedimientos.<\/li>\n<li style=\"text-align: justify;\">Estructura fabricada en l\u00e1mina Cold Rolled para mejor higiene y desinfecci\u00f3n.<\/li>\n<\/ul>\n<\/div><\/div>\n<\/div>\n<\/div>\n\n<div class=\"et_pb_row_5 et_pb_row et_pb_row_nested et_flex_row\">\n<div class=\"et_pb_column_9 et_pb_column et_flex_column et_pb_css_mix_blend_mode_passthrough et_flex_column_12_24 et_flex_column_12_24_tablet et_flex_column_24_24_phone\">\n<div class=\"et_pb_text_4 et_pb_text et_pb_bg_layout_light et_pb_module et_block_module preset--group--divi-text--divi-font-body--h19rs5u--default preset--group--divi-text--divi-font-body--h1yjkjr--default preset--module--divi-text--699cb4dcd6faa\"><div class=\"et_pb_text_inner\"><h2>Unika<\/h2>\n<ul>\n<li style=\"text-align: justify;\">Mecanismo de reclinaci\u00f3n, de pantorrilla accionable hacia atr\u00e1s.<\/li>\n<li style=\"text-align: justify;\">Espaldar y coj\u00edn de poliuretano moldeado en fr\u00edo<\/li>\n<li style=\"text-align: justify;\">Resorte Nosag en la zona lumbar del espaldar.<\/li>\n<li style=\"text-align: justify;\">Marco estructural construido en acero de alto calibre.<\/li>\n<li style=\"text-align: justify;\">Tapizado en vinilo con protecci\u00f3n antibacterial.<\/li>\n<li style=\"text-align: justify;\">Piezas de refuerzo met\u00e1licos para incrementar soporte y resistencia.<\/li>\n<\/ul>\n<\/div><\/div>\n<\/div>\n\n<div class=\"et_pb_column_10 et_pb_column et-last-child et_flex_column et_pb_css_mix_blend_mode_passthrough et_flex_column_12_24 et_flex_column_12_24_tablet et_flex_column_24_24_phone\">\n<div class=\"et_pb_image_3 et_pb_image et_pb_module et_flex_module mi-contenedor\"><span class=\"et_pb_image_wrap\"><img loading=\"lazy\" decoding=\"async\" src=\"https:\/\/imexcomed.com.bo\/wp-content\/uploads\/2026\/03\/Unika.jpg\" title=\"Unika\" width=\"410\" height=\"280\" srcset=\"https:\/\/imexcomed.com.bo\/wp-content\/uploads\/2026\/03\/Unika.jpg 410w, https:\/\/imexcomed.com.bo\/wp-content\/uploads\/2026\/03\/Unika-300x205.jpg 300w\" sizes=\"(max-width: 410px) 100vw, 410px\" class=\"wp-image-908\" \/><\/span><\/div>\n<\/div>\n<\/div>\n\n<div class=\"et_pb_module et_pb_button_module_wrapper et_pb_button_0_wrapper\"><a class=\"et_pb_button_0 et_pb_button et_pb_bg_layout_light et_pb_module et_flex_module\" href=\"https:\/\/imexcomed.com.bo\/index.php\/mobiliario\/#sillas\">Retornar<\/a><\/div>\n<\/div>\n\n<div class=\"et_pb_column_11 et_pb_column et-last-child et_flex_column et_pb_css_mix_blend_mode_passthrough et_flex_column_6_24 et_flex_column_8_24_tablet et_flex_column_24_24_phone\">\n<div class=\"et_pb_text_5 et_pb_text et_pb_bg_layout_light et_pb_module et_block_module preset--group--divi-text--divi-font-body--h19rs5u--default preset--group--divi-text--divi-font-body--h1yjkjr--default preset--module--divi-text--699cb4dcd6faa\"><div class=\"et_pb_text_inner\"><p>Tambi\u00e9n te puede interesar<\/p>\n<\/div><\/div>\n\n<div class=\"et_pb_text_6 et_pb_text et_pb_bg_layout_light et_pb_module et_block_module preset--group--divi-text--divi-font-body--h19rs5u--default preset--group--divi-text--divi-font-body--h1yjkjr--default preset--module--divi-text--699cb4dcd6faa\"><div class=\"et_pb_text_inner\"><table border=\"1\" style=\"width: 100%; border-collapse: collapse; border-style: none; height: 249px;\">\n<tbody>\n<tr style=\"height: 24px;\">\n<td style=\"width: 10%; padding-right: 5px; border-style: none; height: 28px; text-align: right;\"><img loading=\"lazy\" decoding=\"async\" src=\"https:\/\/imexcomed.com.bo\/wp-content\/uploads\/2026\/02\/flecha-verde.png\" width=\"9\" height=\"14\" alt=\"\" class=\"wp-image-242030 aligncenter size-full\" \/><\/td>\n<td style=\"width: 80%; padding-left: 0%; border-style: none none solid; border-bottom-width: 1px; border-bottom-color: #cccccc; height: 24px;\"><a href=\"https:\/\/imexcomed.com.bo\/index.php\/cirugia-minimamente-invasiva\/\">Cirug\u00eda M\u00ednimamente Invasiva<\/a><\/td>\n<\/tr>\n<tr style=\"height: 25px;\">\n<td style=\"width: 10%; padding-right: 5px; border-style: none; height: 28px; text-align: right;\"><img loading=\"lazy\" decoding=\"async\" src=\"https:\/\/imexcomed.com.bo\/wp-content\/uploads\/2026\/02\/flecha-verde.png\" width=\"9\" height=\"14\" alt=\"\" class=\"wp-image-242030 aligncenter size-full\" \/><\/td>\n<td style=\"width: 80%; padding-left: 0%; border-style: none none solid; border-bottom-width: 1px; border-bottom-color: #cccccc; height: 25px;\"><a href=\"https:\/\/imexcomed.com.bo\/index.php\/instrumentos-quirurgicos-y-sistemas-de-contenedores-esteriles\/\">Instrumentos Quir\u00fargicos y Sistemas de Contenedores Est\u00e9riles<\/a><\/td>\n<\/tr>\n<tr style=\"height: 25px;\">\n<td style=\"width: 10%; padding-right: 5px; border-style: none; height: 28px; text-align: right;\"><img loading=\"lazy\" decoding=\"async\" src=\"https:\/\/imexcomed.com.bo\/wp-content\/uploads\/2026\/02\/flecha-verde.png\" width=\"9\" height=\"14\" alt=\"\" class=\"wp-image-242030 aligncenter size-full\" \/><\/td>\n<td style=\"width: 80%; padding-left: 0%; border-style: none none solid; border-bottom-width: 1px; border-bottom-color: #cccccc; height: 25px;\"><a href=\"https:\/\/imexcomed.com.bo\/index.php\/neurocirugia\/\">Neurocirug\u00eda<\/a><\/td>\n<\/tr>\n<tr style=\"height: 25px;\">\n<td style=\"width: 10%; padding-right: 5px; border-style: none; height: 28px; text-align: right;\"><img loading=\"lazy\" decoding=\"async\" src=\"https:\/\/imexcomed.com.bo\/wp-content\/uploads\/2026\/02\/flecha-verde.png\" width=\"9\" height=\"14\" alt=\"\" class=\"wp-image-242030 aligncenter size-full\" \/><\/td>\n<td style=\"width: 80%; padding-left: 0%; border-style: none none solid; border-bottom-width: 1px; border-bottom-color: #cccccc; height: 25px;\"><a href=\"https:\/\/imexcomed.com.bo\/index.php\/electrocirugia\/\">Electrocirug\u00eda<\/a><\/td>\n<\/tr>\n<tr style=\"height: 25px;\">\n<td style=\"width: 10%; padding-right: 5px; border-style: none; height: 28px; text-align: right;\"><img loading=\"lazy\" decoding=\"async\" src=\"https:\/\/imexcomed.com.bo\/wp-content\/uploads\/2026\/02\/flecha-verde.png\" width=\"9\" height=\"14\" alt=\"\" class=\"wp-image-242030 aligncenter size-full\" \/><\/td>\n<td style=\"width: 80%; padding-left: 0%; border-style: none none solid; border-bottom-width: 1px; border-bottom-color: #cccccc; height: 25px;\"><a href=\"https:\/\/imexcomed.com.bo\/index.php\/suturas-y-especialidades-quirurgicas\/\">Suturas y Especialidades Quir\u00fargicas<\/a><\/td>\n<\/tr>\n<tr style=\"height: 25px;\">\n<td style=\"width: 10%; padding-right: 5px; border-style: none; height: 28px; text-align: right;\"><img loading=\"lazy\" decoding=\"async\" src=\"https:\/\/imexcomed.com.bo\/wp-content\/uploads\/2026\/02\/flecha-verde.png\" width=\"9\" height=\"14\" alt=\"\" class=\"wp-image-242030 aligncenter size-full\" \/><\/td>\n<td style=\"width: 80%; padding-left: 0%; border-style: none none solid; border-bottom-width: 1px; border-bottom-color: #cccccc; height: 25px;\"><a href=\"https:\/\/imexcomed.com.bo\/index.php\/oncologia\/\">Oncolog\u00eda<\/a><\/td>\n<\/tr>\n<tr style=\"height: 25px;\">\n<td style=\"width: 10%; padding-right: 5px; border-style: none; height: 28px; text-align: right;\"><img loading=\"lazy\" decoding=\"async\" src=\"https:\/\/imexcomed.com.bo\/wp-content\/uploads\/2026\/02\/flecha-verde.png\" width=\"9\" height=\"14\" alt=\"\" class=\"wp-image-242030 aligncenter size-full\" \/><\/td>\n<td style=\"width: 80%; padding-left: 0%; border-style: none none solid; border-bottom-width: 1px; border-bottom-color: #cccccc; height: 25px;\"><a href=\"https:\/\/imexcomed.com.bo\/index.php\/cirugia-ortopedica\/\">Cirug\u00eda Ortop\u00e9dica<\/a><\/td>\n<\/tr>\n<tr style=\"height: 25px;\">\n<td style=\"width: 10%; padding-right: 5px; border-style: none; height: 28px; text-align: right;\"><img loading=\"lazy\" decoding=\"async\" src=\"https:\/\/imexcomed.com.bo\/wp-content\/uploads\/2026\/02\/flecha-verde.png\" width=\"9\" height=\"14\" alt=\"\" class=\"wp-image-242030 aligncenter size-full\" \/><\/td>\n<td style=\"width: 80%; padding-left: 0%; border-style: none none solid; border-bottom-width: 1px; border-bottom-color: #cccccc; height: 25px;\"><a href=\"https:\/\/imexcomed.com.bo\/index.php\/cirugia-de-columna\/\">Cirug\u00eda de Columna<\/a><\/td>\n<\/tr>\n<tr style=\"height: 25px;\">\n<td style=\"width: 10%; padding-right: 5px; border-style: none; height: 28px; text-align: right;\"><img loading=\"lazy\" decoding=\"async\" src=\"https:\/\/imexcomed.com.bo\/wp-content\/uploads\/2026\/02\/flecha-verde.png\" width=\"9\" height=\"14\" alt=\"\" class=\"wp-image-242030 aligncenter size-full\" \/><\/td>\n<td style=\"width: 80%; padding-left: 0%; border-style: none none solid; border-bottom-width: 1px; border-bottom-color: #cccccc; height: 25px;\"><a href=\"https:\/\/imexcomed.com.bo\/index.php\/reprocesamiento-de-material-esteril\/\">Reprocesamiento de Material Est\u00e9ril<\/a><\/td>\n<\/tr>\n<tr style=\"height: 25px;\">\n<td style=\"width: 10%; padding-right: 5px; border-style: none; height: 28px; text-align: right;\"><img loading=\"lazy\" decoding=\"async\" src=\"https:\/\/imexcomed.com.bo\/wp-content\/uploads\/2026\/02\/flecha-verde.png\" width=\"9\" height=\"14\" alt=\"\" class=\"wp-image-242030 aligncenter size-full\" \/><\/td>\n<td style=\"width: 80%; padding-left: 0%; border-style: none none solid; border-bottom-width: 1px; border-bottom-color: #cccccc; height: 25px;\"><a href=\"https:\/\/imexcomed.com.bo\/index.php\/mobiliario\/\">Mobiliario<\/a><\/td>\n<\/tr>\n<\/tbody>\n<\/table>\n<\/div><\/div>\n<\/div>\n<\/div>\n<\/div>\n\n<div class=\"et_pb_section_1 et_pb_section et_section_regular et_flex_section\">\n<div class=\"et_pb_row_6 et_pb_row et_pb_gutters1 et_block_row\">\n<div class=\"et_pb_column_12 et_pb_column et_pb_column_4_4 et-last-child et_block_column et_pb_css_mix_blend_mode_passthrough\">\n<div class=\"et_pb_text_7 et_pb_text et_pb_bg_layout_light et_pb_module et_block_module preset--group--divi-text--divi-font-body--h19rs5u--default preset--group--divi-text--divi-font-body--h1yjkjr--default preset--module--divi-text--699cb4dcd6faa\"><div class=\"et_pb_text_inner\"><h2 style=\"text-align: center;\">Sillas Hospitalarias<\/h2>\n<\/div><\/div>\n\n<div class=\"et_pb_image_4 et_pb_image et_pb_module et_flex_module mi-contenedor\"><span class=\"et_pb_image_wrap\"><img loading=\"lazy\" decoding=\"async\" src=\"https:\/\/imexcomed.com.bo\/wp-content\/uploads\/2026\/03\/Genova.jpg\" title=\"Genova\" width=\"410\" height=\"280\" srcset=\"https:\/\/imexcomed.com.bo\/wp-content\/uploads\/2026\/03\/Genova.jpg 410w, https:\/\/imexcomed.com.bo\/wp-content\/uploads\/2026\/03\/Genova-300x205.jpg 300w\" sizes=\"(max-width: 410px) 100vw, 410px\" class=\"wp-image-905\" \/><\/span><\/div>\n\n<div class=\"et_pb_text_8 et_pb_text et_pb_bg_layout_light et_pb_module et_block_module preset--group--divi-text--divi-font-body--h19rs5u--default preset--group--divi-text--divi-font-body--h1yjkjr--default preset--module--divi-text--699cb4dcd6faa\"><div class=\"et_pb_text_inner\"><h2>Genova<\/h2>\n<ul>\n<li style=\"text-align: justify;\">Mecanismo de reclinaci\u00f3n de pantorrilla accionable hacia atr\u00e1s.<\/li>\n<li style=\"text-align: justify;\">Espaldar y coj\u00edn de poliuretano moldeado en fr\u00edo<\/li>\n<li style=\"text-align: justify;\">Resorte Nosag en la zona lumbar del espaldar<\/li>\n<li style=\"text-align: justify;\">Paneles en triplex de 9cm, reforzados con piezas en forma de C, en l\u00e1mina de acero CR calibre 3mm<\/li>\n<li style=\"text-align: justify;\">Base con deslizadores fijos.<\/li>\n<li style=\"text-align: justify;\">Tapicer\u00eda f\u00e1cil de desmontar y limpiar en vinilo con protecci\u00f3n antibacterial.<\/li>\n<\/ul>\n<\/div><\/div>\n\n<div class=\"et_pb_image_5 et_pb_image et_pb_module et_flex_module mi-contenedor\"><span class=\"et_pb_image_wrap\"><img loading=\"lazy\" decoding=\"async\" src=\"https:\/\/imexcomed.com.bo\/wp-content\/uploads\/2026\/03\/Kronos.jpg\" title=\"Kronos\" width=\"410\" height=\"280\" srcset=\"https:\/\/imexcomed.com.bo\/wp-content\/uploads\/2026\/03\/Kronos.jpg 410w, https:\/\/imexcomed.com.bo\/wp-content\/uploads\/2026\/03\/Kronos-300x205.jpg 300w\" sizes=\"(max-width: 410px) 100vw, 410px\" class=\"wp-image-906\" \/><\/span><\/div>\n\n<div class=\"et_pb_text_9 et_pb_text et_pb_bg_layout_light et_pb_module et_block_module preset--group--divi-text--divi-font-body--h19rs5u--default preset--group--divi-text--divi-font-body--h1yjkjr--default preset--module--divi-text--699cb4dcd6faa\"><div class=\"et_pb_text_inner\"><h2>Kronos<\/h2>\n<ul>\n<li style=\"text-align: justify;\">Mecanismo lounger.<\/li>\n<li style=\"text-align: justify;\">Marco estructural en tuber\u00eda redonda de acero colled rolled de alta calidad.<\/li>\n<li style=\"text-align: justify;\">Resortes Nosag para reforzar el soporte lumbar y capacidad portante del coj\u00edn.<\/li>\n<li style=\"text-align: justify;\">Componentes estructurales met\u00e1licos en l\u00e1minas de acero.<\/li>\n<li style=\"text-align: justify;\">Opci\u00f3n de versi\u00f3n ultra-compacta con mecanismo de abatimiento por contrapeso, insonoro y libre de mantenimiento.<\/li>\n<li style=\"text-align: justify;\">Est\u00e1 disponible una opci\u00f3n con respaldo fijo.<\/li>\n<\/ul>\n<\/div><\/div>\n\n<div class=\"et_pb_image_6 et_pb_image et_pb_module et_flex_module mi-contenedor\"><span class=\"et_pb_image_wrap\"><img loading=\"lazy\" decoding=\"async\" src=\"https:\/\/imexcomed.com.bo\/wp-content\/uploads\/2026\/03\/Syriux.jpg\" title=\"Syriux\" width=\"410\" height=\"280\" srcset=\"https:\/\/imexcomed.com.bo\/wp-content\/uploads\/2026\/03\/Syriux.jpg 410w, https:\/\/imexcomed.com.bo\/wp-content\/uploads\/2026\/03\/Syriux-300x205.jpg 300w\" sizes=\"(max-width: 410px) 100vw, 410px\" class=\"wp-image-907\" \/><\/span><\/div>\n\n<div class=\"et_pb_text_10 et_pb_text et_pb_bg_layout_light et_pb_module et_block_module preset--group--divi-text--divi-font-body--h19rs5u--default preset--group--divi-text--divi-font-body--h1yjkjr--default preset--module--divi-text--699cb4dcd6faa\"><div class=\"et_pb_text_inner\"><h2>Syriux<\/h2>\n<ul>\n<li style=\"text-align: justify;\">Estructura en acero de alta resistencia para lograr una mayor estabilidad del paciente.<\/li>\n<li style=\"text-align: justify;\">Soporte para gran capacidad de carga segura.<br \/>Brinde bienestar y comodidad con el cabecero y piecero.<\/li>\n<li style=\"text-align: justify;\">Apoya brazos y apoya cabezas para reposo del paciente durante procedimientos.<\/li>\n<li style=\"text-align: justify;\">Estructura fabricada en l\u00e1mina Cold Rolled para mejor higiene y desinfecci\u00f3n.<\/li>\n<\/ul>\n<\/div><\/div>\n\n<div class=\"et_pb_image_7 et_pb_image et_pb_module et_flex_module mi-contenedor\"><span class=\"et_pb_image_wrap\"><img loading=\"lazy\" decoding=\"async\" src=\"https:\/\/imexcomed.com.bo\/wp-content\/uploads\/2026\/03\/Unika.jpg\" title=\"Unika\" width=\"410\" height=\"280\" srcset=\"https:\/\/imexcomed.com.bo\/wp-content\/uploads\/2026\/03\/Unika.jpg 410w, https:\/\/imexcomed.com.bo\/wp-content\/uploads\/2026\/03\/Unika-300x205.jpg 300w\" sizes=\"(max-width: 410px) 100vw, 410px\" class=\"wp-image-908\" \/><\/span><\/div>\n\n<div class=\"et_pb_text_11 et_pb_text et_pb_bg_layout_light et_pb_module et_block_module preset--group--divi-text--divi-font-body--h19rs5u--default preset--group--divi-text--divi-font-body--h1yjkjr--default preset--module--divi-text--699cb4dcd6faa\"><div class=\"et_pb_text_inner\"><h2>Unika<\/h2>\n<ul>\n<li style=\"text-align: justify;\">Mecanismo de reclinaci\u00f3n, de pantorrilla accionable hacia atr\u00e1s.<\/li>\n<li style=\"text-align: justify;\">Espaldar y coj\u00edn de poliuretano moldeado en fr\u00edo<\/li>\n<li style=\"text-align: justify;\">Resorte Nosag en la zona lumbar del espaldar.<\/li>\n<li style=\"text-align: justify;\">Marco estructural construido en acero de alto calibre.<\/li>\n<li style=\"text-align: justify;\">Tapizado en vinilo con protecci\u00f3n antibacterial.<\/li>\n<li style=\"text-align: justify;\">Piezas de refuerzo met\u00e1licos para incrementar soporte y resistencia.<\/li>\n<\/ul>\n<\/div><\/div>\n\n<div class=\"et_pb_module et_pb_button_module_wrapper et_pb_button_1_wrapper\"><a class=\"et_pb_button_1 et_pb_button et_pb_bg_layout_light et_pb_module et_flex_module\" href=\"https:\/\/imexcomed.com.bo\/index.php\/mobiliario\/#sillas\">Retornar<\/a><\/div>\n<\/div>\n<\/div>\n<\/div>","protected":false},"excerpt":{"rendered":"","protected":false},"author":2,"featured_media":0,"parent":0,"menu_order":0,"comment_status":"closed","ping_status":"closed","template":"","meta":{"footnotes":""},"class_list":["post-930","page","type-page","status-publish","hentry"],"_links":{"self":[{"href":"https:\/\/imexcomed.com.bo\/index.php\/wp-json\/wp\/v2\/pages\/930","targetHints":{"allow":["GET"]}}],"collection":[{"href":"https:\/\/imexcomed.com.bo\/index.php\/wp-json\/wp\/v2\/pages"}],"about":[{"href":"https:\/\/imexcomed.com.bo\/index.php\/wp-json\/wp\/v2\/types\/page"}],"author":[{"embeddable":true,"href":"https:\/\/imexcomed.com.bo\/index.php\/wp-json\/wp\/v2\/users\/2"}],"replies":[{"embeddable":true,"href":"https:\/\/imexcomed.com.bo\/index.php\/wp-json\/wp\/v2\/comments?post=930"}],"version-history":[{"count":10,"href":"https:\/\/imexcomed.com.bo\/index.php\/wp-json\/wp\/v2\/pages\/930\/revisions"}],"predecessor-version":[{"id":1603,"href":"https:\/\/imexcomed.com.bo\/index.php\/wp-json\/wp\/v2\/pages\/930\/revisions\/1603"}],"wp:attachment":[{"href":"https:\/\/imexcomed.com.bo\/index.php\/wp-json\/wp\/v2\/media?parent=930"}],"curies":[{"name":"wp","href":"https:\/\/api.w.org\/{rel}","templated":true}]}}