{"id":933,"date":"2026-03-10T21:43:16","date_gmt":"2026-03-11T01:43:16","guid":{"rendered":"https:\/\/imexcomed.com.bo\/?page_id=933"},"modified":"2026-04-08T12:37:08","modified_gmt":"2026-04-08T16:37:08","slug":"complementos","status":"publish","type":"page","link":"https:\/\/imexcomed.com.bo\/index.php\/complementos\/","title":{"rendered":"Complementos"},"content":{"rendered":"<div class=\"et_pb_section_0 et_pb_section et_section_regular et_flex_section\">\n<div class=\"et_pb_row_0 et_pb_row et_flex_row\">\n<div class=\"et_pb_column_0 et_pb_column et_flex_column et_pb_css_mix_blend_mode_passthrough et_flex_column_18_24 et_flex_column_16_24_tablet et_flex_column_24_24_phone\">\n<div class=\"et_pb_row_1 et_pb_row et_pb_row_nested et_flex_row\">\n<div class=\"et_pb_column_1 et_pb_column et_flex_column et_pb_column_empty et_pb_css_mix_blend_mode_passthrough et_flex_column_12_24 et_flex_column_12_24_tablet et_flex_column_24_24_phone\"><\/div>\n\n<div class=\"et_pb_column_2 et_pb_column et-last-child et_flex_column et_pb_css_mix_blend_mode_passthrough et_flex_column_12_24 et_flex_column_12_24_tablet et_flex_column_24_24_phone\">\n<div class=\"et_pb_text_0 et_pb_text et_pb_bg_layout_light et_pb_module et_block_module preset--group--divi-text--divi-font-body--h19rs5u--default preset--group--divi-text--divi-font-body--h1yjkjr--default preset--module--divi-text--699cb4dcd6faa\"><div class=\"et_pb_text_inner\"><h2>Complementos<\/h2>\n<\/div><\/div>\n<\/div>\n<\/div>\n\n<div class=\"et_pb_row_2 et_pb_row et_pb_row_nested et_flex_row\">\n<div class=\"et_pb_column_3 et_pb_column et_flex_column et_pb_css_mix_blend_mode_passthrough et_flex_column_12_24 et_flex_column_12_24_tablet et_flex_column_24_24_phone\">\n<div class=\"et_pb_image_0 et_pb_image et_pb_module et_flex_module mi-contenedor\"><span class=\"et_pb_image_wrap\"><img loading=\"lazy\" decoding=\"async\" src=\"https:\/\/imexcomed.com.bo\/wp-content\/uploads\/2026\/03\/Atril.jpg\" title=\"Atril\" width=\"410\" height=\"280\" srcset=\"https:\/\/imexcomed.com.bo\/wp-content\/uploads\/2026\/03\/Atril.jpg 410w, https:\/\/imexcomed.com.bo\/wp-content\/uploads\/2026\/03\/Atril-300x205.jpg 300w\" sizes=\"(max-width: 410px) 100vw, 410px\" class=\"wp-image-909\" \/><\/span><\/div>\n<\/div>\n\n<div class=\"et_pb_column_4 et_pb_column et-last-child et_flex_column et_pb_css_mix_blend_mode_passthrough et_flex_column_12_24 et_flex_column_12_24_tablet et_flex_column_24_24_phone\">\n<div class=\"et_pb_text_1 et_pb_text et_pb_bg_layout_light et_pb_module et_block_module preset--group--divi-text--divi-font-body--h19rs5u--default preset--group--divi-text--divi-font-body--h1yjkjr--default preset--module--divi-text--699cb4dcd6faa\"><div class=\"et_pb_text_inner\"><h2>Atril<\/h2>\n<ul>\n<li style=\"text-align: justify;\">Capacidad de carga segura 20 kg (40 lb).<\/li>\n<li style=\"text-align: justify;\">Bandeja auxiliar en l\u00e1mina de acero inoxidable<\/li>\n<li style=\"text-align: justify;\">Porta suero con gancho de doble servicio<\/li>\n<li style=\"text-align: justify;\">Base tipo ara\u00f1a en nylon<\/li>\n<li style=\"text-align: justify;\">Ruedas en poliuretano libres de mantenimiento<\/li>\n<li style=\"text-align: justify;\">Estructura fabricada en acero inoxidable<\/li>\n<\/ul>\n<\/div><\/div>\n<\/div>\n<\/div>\n\n<div class=\"et_pb_row_3 et_pb_row et_pb_row_nested et_flex_row\">\n<div class=\"et_pb_column_5 et_pb_column et_flex_column et_pb_css_mix_blend_mode_passthrough et_flex_column_12_24 et_flex_column_12_24_tablet et_flex_column_24_24_phone\">\n<div class=\"et_pb_text_2 et_pb_text et_pb_bg_layout_light et_pb_module et_block_module preset--group--divi-text--divi-font-body--h19rs5u--default preset--group--divi-text--divi-font-body--h1yjkjr--default preset--module--divi-text--699cb4dcd6faa\"><div class=\"et_pb_text_inner\"><h2>Mesa de Curaci\u00f3n<\/h2>\n<ul>\n<li style=\"text-align: justify;\">Capacidad de carga hasta 15 kg (33 lb).<\/li>\n<li style=\"text-align: justify;\">Estructura fabricada en acero inoxidable.<\/li>\n<li style=\"text-align: justify;\">Acabado pintura en polvo epoxi poli\u00e9ster de aplicaci\u00f3n electrost\u00e1tica.<\/li>\n<li style=\"text-align: justify;\">Bandejas para la clasificaci\u00f3n de material.<\/li>\n<li style=\"text-align: justify;\">Ruedas en poliuretano libre de mantenimiento.<\/li>\n<\/ul>\n<\/div><\/div>\n<\/div>\n\n<div class=\"et_pb_column_6 et_pb_column et-last-child et_flex_column et_pb_css_mix_blend_mode_passthrough et_flex_column_12_24 et_flex_column_12_24_tablet et_flex_column_24_24_phone\">\n<div class=\"et_pb_image_1 et_pb_image et_pb_module et_flex_module mi-contenedor\"><span class=\"et_pb_image_wrap\"><img loading=\"lazy\" decoding=\"async\" src=\"https:\/\/imexcomed.com.bo\/wp-content\/uploads\/2026\/03\/Mesa-de-Curacion.jpg\" title=\"Mesa de Curacio\u0301n\" width=\"410\" height=\"280\" srcset=\"https:\/\/imexcomed.com.bo\/wp-content\/uploads\/2026\/03\/Mesa-de-Curacion.jpg 410w, https:\/\/imexcomed.com.bo\/wp-content\/uploads\/2026\/03\/Mesa-de-Curacion-300x205.jpg 300w\" sizes=\"(max-width: 410px) 100vw, 410px\" class=\"wp-image-911\" \/><\/span><\/div>\n<\/div>\n<\/div>\n\n<div class=\"et_pb_row_4 et_pb_row et_pb_row_nested et_flex_row\">\n<div class=\"et_pb_column_7 et_pb_column et_flex_column et_pb_css_mix_blend_mode_passthrough et_flex_column_12_24 et_flex_column_12_24_tablet et_flex_column_24_24_phone\">\n<div class=\"et_pb_image_2 et_pb_image et_pb_module et_flex_module mi-contenedor\"><span class=\"et_pb_image_wrap\"><img loading=\"lazy\" decoding=\"async\" src=\"https:\/\/imexcomed.com.bo\/wp-content\/uploads\/2026\/03\/Carro-de-Paro.jpg\" title=\"Carro de Paro\" width=\"410\" height=\"280\" srcset=\"https:\/\/imexcomed.com.bo\/wp-content\/uploads\/2026\/03\/Carro-de-Paro.jpg 410w, https:\/\/imexcomed.com.bo\/wp-content\/uploads\/2026\/03\/Carro-de-Paro-300x205.jpg 300w\" sizes=\"(max-width: 410px) 100vw, 410px\" class=\"wp-image-910\" \/><\/span><\/div>\n<\/div>\n\n<div class=\"et_pb_column_8 et_pb_column et-last-child et_flex_column et_pb_css_mix_blend_mode_passthrough et_flex_column_12_24 et_flex_column_12_24_tablet et_flex_column_24_24_phone\">\n<div class=\"et_pb_text_3 et_pb_text et_pb_bg_layout_light et_pb_module et_block_module preset--group--divi-text--divi-font-body--h19rs5u--default preset--group--divi-text--divi-font-body--h1yjkjr--default preset--module--divi-text--699cb4dcd6faa\"><div class=\"et_pb_text_inner\"><h2>Carro de Paro<\/h2>\n<ul>\n<li style=\"text-align: justify;\">Estructura fabricada en l\u00e1mina y tuber\u00eda estructural de acero Cold Rolled de alta resistencia para mejor durabilidad del producto.<\/li>\n<li style=\"text-align: justify;\">Gavetas y\/o canastilla para almacenamiento y transporte de medicamentos y material m\u00e9dico.<\/li>\n<li style=\"text-align: justify;\">Barandilla de seguridad con manillar met\u00e1lico para el f\u00e1cil transporte del carro por parte del personal asistencial.<\/li>\n<li style=\"text-align: justify;\">Reduzca costos con las ruedas de 5\u2033, libres de mantenimiento con bloqueo central para la seguridad del personal asistencial que la transporta.<\/li>\n<li style=\"text-align: justify;\">Capacidad de carga: 50 kg (110 lb).<\/li>\n<li style=\"text-align: justify;\">Suministre energ\u00eda a trav\u00e9s del cable de poder de 3 mt (3000 mm).<\/li>\n<li style=\"text-align: justify;\">Movilizaci\u00f3n segura gracias al para choque perimetral.<\/li>\n<\/ul>\n<\/div><\/div>\n<\/div>\n<\/div>\n\n<div class=\"et_pb_row_5 et_pb_row et_pb_row_nested et_flex_row\">\n<div class=\"et_pb_column_9 et_pb_column et_flex_column et_pb_css_mix_blend_mode_passthrough et_flex_column_12_24 et_flex_column_12_24_tablet et_flex_column_24_24_phone\">\n<div class=\"et_pb_text_4 et_pb_text et_pb_bg_layout_light et_pb_module et_block_module preset--group--divi-text--divi-font-body--h19rs5u--default preset--group--divi-text--divi-font-body--h1yjkjr--default preset--module--divi-text--699cb4dcd6faa\"><div class=\"et_pb_text_inner\"><h2>Mesa de Noche<\/h2>\n<ul>\n<li style=\"text-align: justify;\">Practicidad y funcionalidad en ambientes hospitalarios.<\/li>\n<li style=\"text-align: justify;\">Capacidad de carga hasta 30 kg (66 lb).<\/li>\n<li style=\"text-align: justify;\">Estructura fabricada en acero inoxidable.<\/li>\n<li style=\"text-align: justify;\">Acabado pintura en polvo epoxi poli\u00e9ster de aplicaci\u00f3n electrost\u00e1tica.<\/li>\n<\/ul>\n<\/div><\/div>\n<\/div>\n\n<div class=\"et_pb_column_10 et_pb_column et-last-child et_flex_column et_pb_css_mix_blend_mode_passthrough et_flex_column_12_24 et_flex_column_12_24_tablet et_flex_column_24_24_phone\">\n<div class=\"et_pb_image_3 et_pb_image et_pb_module et_flex_module mi-contenedor\"><span class=\"et_pb_image_wrap\"><img loading=\"lazy\" decoding=\"async\" src=\"https:\/\/imexcomed.com.bo\/wp-content\/uploads\/2026\/03\/Mesa-de-Noche.jpg\" title=\"Mesa de Noche\" width=\"410\" height=\"280\" srcset=\"https:\/\/imexcomed.com.bo\/wp-content\/uploads\/2026\/03\/Mesa-de-Noche.jpg 410w, https:\/\/imexcomed.com.bo\/wp-content\/uploads\/2026\/03\/Mesa-de-Noche-300x205.jpg 300w\" sizes=\"(max-width: 410px) 100vw, 410px\" class=\"wp-image-912\" \/><\/span><\/div>\n<\/div>\n<\/div>\n\n<div class=\"et_pb_row_6 et_pb_row et_pb_row_nested et_flex_row\">\n<div class=\"et_pb_column_11 et_pb_column et_flex_column et_pb_css_mix_blend_mode_passthrough et_flex_column_12_24 et_flex_column_12_24_tablet et_flex_column_24_24_phone\">\n<div class=\"et_pb_image_4 et_pb_image et_pb_module et_flex_module mi-contenedor\"><span class=\"et_pb_image_wrap\"><img loading=\"lazy\" decoding=\"async\" src=\"https:\/\/imexcomed.com.bo\/wp-content\/uploads\/2026\/03\/Mesa-Mayo.jpg\" title=\"Mesa Mayo\" width=\"410\" height=\"280\" srcset=\"https:\/\/imexcomed.com.bo\/wp-content\/uploads\/2026\/03\/Mesa-Mayo.jpg 410w, https:\/\/imexcomed.com.bo\/wp-content\/uploads\/2026\/03\/Mesa-Mayo-300x205.jpg 300w\" sizes=\"(max-width: 410px) 100vw, 410px\" class=\"wp-image-913\" \/><\/span><\/div>\n<\/div>\n\n<div class=\"et_pb_column_12 et_pb_column et-last-child et_flex_column et_pb_css_mix_blend_mode_passthrough et_flex_column_12_24 et_flex_column_12_24_tablet et_flex_column_24_24_phone\">\n<div class=\"et_pb_text_5 et_pb_text et_pb_bg_layout_light et_pb_module et_block_module preset--group--divi-text--divi-font-body--h19rs5u--default preset--group--divi-text--divi-font-body--h1yjkjr--default preset--module--divi-text--699cb4dcd6faa\"><div class=\"et_pb_text_inner\"><h2>Mesa de Mayo<\/h2>\n<ul>\n<li style=\"text-align: justify;\">Mesa instrumental que facilita la labor del personal asistencial.<\/li>\n<li style=\"text-align: justify;\">Estructura en acero inoxidable para mejor durabilidad del producto.<\/li>\n<li style=\"text-align: justify;\">Ruedas en poliuretano.<\/li>\n<\/ul>\n<\/div><\/div>\n<\/div>\n<\/div>\n\n<div class=\"et_pb_module et_pb_button_module_wrapper et_pb_button_0_wrapper\"><a class=\"et_pb_button_0 et_pb_button et_pb_bg_layout_light et_pb_module et_flex_module\" href=\"https:\/\/imexcomed.com.bo\/index.php\/mobiliario\/#sillas\">Retornar<\/a><\/div>\n<\/div>\n\n<div class=\"et_pb_column_13 et_pb_column et-last-child et_flex_column et_pb_css_mix_blend_mode_passthrough et_flex_column_6_24 et_flex_column_8_24_tablet et_flex_column_24_24_phone\">\n<div class=\"et_pb_text_6 et_pb_text et_pb_bg_layout_light et_pb_module et_block_module preset--group--divi-text--divi-font-body--h19rs5u--default preset--group--divi-text--divi-font-body--h1yjkjr--default preset--module--divi-text--699cb4dcd6faa\"><div class=\"et_pb_text_inner\"><p>Tambi\u00e9n te puede interesar<\/p>\n<\/div><\/div>\n\n<div class=\"et_pb_text_7 et_pb_text et_pb_bg_layout_light et_pb_module et_block_module preset--group--divi-text--divi-font-body--h19rs5u--default preset--group--divi-text--divi-font-body--h1yjkjr--default preset--module--divi-text--699cb4dcd6faa\"><div class=\"et_pb_text_inner\"><table border=\"1\" style=\"width: 100%; border-collapse: collapse; border-style: none; height: 249px;\">\n<tbody>\n<tr style=\"height: 24px;\">\n<td style=\"width: 10%; padding-right: 5px; border-style: none; height: 28px; text-align: right;\"><img loading=\"lazy\" decoding=\"async\" src=\"https:\/\/imexcomed.com.bo\/wp-content\/uploads\/2026\/02\/flecha-verde.png\" width=\"9\" height=\"14\" alt=\"\" class=\"wp-image-242030 aligncenter size-full\" \/><\/td>\n<td style=\"width: 80%; padding-left: 0%; border-style: none none solid; border-bottom-width: 1px; border-bottom-color: #cccccc; height: 24px;\"><a href=\"https:\/\/imexcomed.com.bo\/index.php\/cirugia-minimamente-invasiva\/\">Cirug\u00eda M\u00ednimamente Invasiva<\/a><\/td>\n<\/tr>\n<tr style=\"height: 25px;\">\n<td style=\"width: 10%; padding-right: 5px; border-style: none; height: 28px; text-align: right;\"><img loading=\"lazy\" decoding=\"async\" src=\"https:\/\/imexcomed.com.bo\/wp-content\/uploads\/2026\/02\/flecha-verde.png\" width=\"9\" height=\"14\" alt=\"\" class=\"wp-image-242030 aligncenter size-full\" \/><\/td>\n<td style=\"width: 80%; padding-left: 0%; border-style: none none solid; border-bottom-width: 1px; border-bottom-color: #cccccc; height: 25px;\"><a href=\"https:\/\/imexcomed.com.bo\/index.php\/instrumentos-quirurgicos-y-sistemas-de-contenedores-esteriles\/\">Instrumentos Quir\u00fargicos y Sistemas de Contenedores Est\u00e9riles<\/a><\/td>\n<\/tr>\n<tr style=\"height: 25px;\">\n<td style=\"width: 10%; padding-right: 5px; border-style: none; height: 28px; text-align: right;\"><img loading=\"lazy\" decoding=\"async\" src=\"https:\/\/imexcomed.com.bo\/wp-content\/uploads\/2026\/02\/flecha-verde.png\" width=\"9\" height=\"14\" alt=\"\" class=\"wp-image-242030 aligncenter size-full\" \/><\/td>\n<td style=\"width: 80%; padding-left: 0%; border-style: none none solid; border-bottom-width: 1px; border-bottom-color: #cccccc; height: 25px;\"><a href=\"https:\/\/imexcomed.com.bo\/index.php\/neurocirugia\/\">Neurocirug\u00eda<\/a><\/td>\n<\/tr>\n<tr style=\"height: 25px;\">\n<td style=\"width: 10%; padding-right: 5px; border-style: none; height: 28px; text-align: right;\"><img loading=\"lazy\" decoding=\"async\" src=\"https:\/\/imexcomed.com.bo\/wp-content\/uploads\/2026\/02\/flecha-verde.png\" width=\"9\" height=\"14\" alt=\"\" class=\"wp-image-242030 aligncenter size-full\" \/><\/td>\n<td style=\"width: 80%; padding-left: 0%; border-style: none none solid; border-bottom-width: 1px; border-bottom-color: #cccccc; height: 25px;\"><a href=\"https:\/\/imexcomed.com.bo\/index.php\/electrocirugia\/\">Electrocirug\u00eda<\/a><\/td>\n<\/tr>\n<tr style=\"height: 25px;\">\n<td style=\"width: 10%; padding-right: 5px; border-style: none; height: 28px; text-align: right;\"><img loading=\"lazy\" decoding=\"async\" src=\"https:\/\/imexcomed.com.bo\/wp-content\/uploads\/2026\/02\/flecha-verde.png\" width=\"9\" height=\"14\" alt=\"\" class=\"wp-image-242030 aligncenter size-full\" \/><\/td>\n<td style=\"width: 80%; padding-left: 0%; border-style: none none solid; border-bottom-width: 1px; border-bottom-color: #cccccc; height: 25px;\"><a href=\"https:\/\/imexcomed.com.bo\/index.php\/suturas-y-especialidades-quirurgicas\/\">Suturas y Especialidades Quir\u00fargicas<\/a><\/td>\n<\/tr>\n<tr style=\"height: 25px;\">\n<td style=\"width: 10%; padding-right: 5px; border-style: none; height: 28px; text-align: right;\"><img loading=\"lazy\" decoding=\"async\" src=\"https:\/\/imexcomed.com.bo\/wp-content\/uploads\/2026\/02\/flecha-verde.png\" width=\"9\" height=\"14\" alt=\"\" class=\"wp-image-242030 aligncenter size-full\" \/><\/td>\n<td style=\"width: 80%; padding-left: 0%; border-style: none none solid; border-bottom-width: 1px; border-bottom-color: #cccccc; height: 25px;\"><a href=\"https:\/\/imexcomed.com.bo\/index.php\/oncologia\/\">Oncolog\u00eda<\/a><\/td>\n<\/tr>\n<tr style=\"height: 25px;\">\n<td style=\"width: 10%; padding-right: 5px; border-style: none; height: 28px; text-align: right;\"><img loading=\"lazy\" decoding=\"async\" src=\"https:\/\/imexcomed.com.bo\/wp-content\/uploads\/2026\/02\/flecha-verde.png\" width=\"9\" height=\"14\" alt=\"\" class=\"wp-image-242030 aligncenter size-full\" \/><\/td>\n<td style=\"width: 80%; padding-left: 0%; border-style: none none solid; border-bottom-width: 1px; border-bottom-color: #cccccc; height: 25px;\"><a href=\"https:\/\/imexcomed.com.bo\/index.php\/cirugia-ortopedica\/\">Cirug\u00eda Ortop\u00e9dica<\/a><\/td>\n<\/tr>\n<tr style=\"height: 25px;\">\n<td style=\"width: 10%; padding-right: 5px; border-style: none; height: 28px; text-align: right;\"><img loading=\"lazy\" decoding=\"async\" src=\"https:\/\/imexcomed.com.bo\/wp-content\/uploads\/2026\/02\/flecha-verde.png\" width=\"9\" height=\"14\" alt=\"\" class=\"wp-image-242030 aligncenter size-full\" \/><\/td>\n<td style=\"width: 80%; padding-left: 0%; border-style: none none solid; border-bottom-width: 1px; border-bottom-color: #cccccc; height: 25px;\"><a href=\"https:\/\/imexcomed.com.bo\/index.php\/cirugia-de-columna\/\">Cirug\u00eda de Columna<\/a><\/td>\n<\/tr>\n<tr style=\"height: 25px;\">\n<td style=\"width: 10%; padding-right: 5px; border-style: none; height: 28px; text-align: right;\"><img loading=\"lazy\" decoding=\"async\" src=\"https:\/\/imexcomed.com.bo\/wp-content\/uploads\/2026\/02\/flecha-verde.png\" width=\"9\" height=\"14\" alt=\"\" class=\"wp-image-242030 aligncenter size-full\" \/><\/td>\n<td style=\"width: 80%; padding-left: 0%; border-style: none none solid; border-bottom-width: 1px; border-bottom-color: #cccccc; height: 25px;\"><a href=\"https:\/\/imexcomed.com.bo\/index.php\/reprocesamiento-de-material-esteril\/\">Reprocesamiento de Material Est\u00e9ril<\/a><\/td>\n<\/tr>\n<tr style=\"height: 25px;\">\n<td style=\"width: 10%; padding-right: 5px; border-style: none; height: 28px; text-align: right;\"><img loading=\"lazy\" decoding=\"async\" src=\"https:\/\/imexcomed.com.bo\/wp-content\/uploads\/2026\/02\/flecha-verde.png\" width=\"9\" height=\"14\" alt=\"\" class=\"wp-image-242030 aligncenter size-full\" \/><\/td>\n<td style=\"width: 80%; padding-left: 0%; border-style: none none solid; border-bottom-width: 1px; border-bottom-color: #cccccc; height: 25px;\"><a href=\"https:\/\/imexcomed.com.bo\/index.php\/mobiliario\/\">Mobiliario<\/a><\/td>\n<\/tr>\n<\/tbody>\n<\/table>\n<\/div><\/div>\n<\/div>\n<\/div>\n<\/div>\n\n<div class=\"et_pb_section_1 et_pb_section et_section_regular et_flex_section\">\n<div class=\"et_pb_row_7 et_pb_row et_pb_gutters1 et_block_row\">\n<div class=\"et_pb_column_14 et_pb_column et_pb_column_4_4 et-last-child et_block_column et_pb_css_mix_blend_mode_passthrough\">\n<div class=\"et_pb_text_8 et_pb_text et_pb_bg_layout_light et_pb_module et_block_module preset--group--divi-text--divi-font-body--h19rs5u--default preset--group--divi-text--divi-font-body--h1yjkjr--default preset--module--divi-text--699cb4dcd6faa\"><div class=\"et_pb_text_inner\"><h2 style=\"text-align: center;\">Complementos<\/h2>\n<\/div><\/div>\n\n<div class=\"et_pb_image_5 et_pb_image et_pb_module et_flex_module mi-contenedor\"><span class=\"et_pb_image_wrap\"><img loading=\"lazy\" decoding=\"async\" src=\"https:\/\/imexcomed.com.bo\/wp-content\/uploads\/2026\/03\/Atril.jpg\" title=\"Atril\" width=\"410\" height=\"280\" srcset=\"https:\/\/imexcomed.com.bo\/wp-content\/uploads\/2026\/03\/Atril.jpg 410w, https:\/\/imexcomed.com.bo\/wp-content\/uploads\/2026\/03\/Atril-300x205.jpg 300w\" sizes=\"(max-width: 410px) 100vw, 410px\" class=\"wp-image-909\" \/><\/span><\/div>\n\n<div class=\"et_pb_text_9 et_pb_text et_pb_bg_layout_light et_pb_module et_block_module preset--group--divi-text--divi-font-body--h19rs5u--default preset--group--divi-text--divi-font-body--h1yjkjr--default preset--module--divi-text--699cb4dcd6faa\"><div class=\"et_pb_text_inner\"><h2>Atril<\/h2>\n<ul>\n<li style=\"text-align: justify;\">Capacidad de carga segura 20 kg (40 lb).<\/li>\n<li style=\"text-align: justify;\">Bandeja auxiliar en l\u00e1mina de acero inoxidable<\/li>\n<li style=\"text-align: justify;\">Porta suero con gancho de doble servicio<\/li>\n<li style=\"text-align: justify;\">Base tipo ara\u00f1a en nylon<\/li>\n<li style=\"text-align: justify;\">Ruedas en poliuretano libres de mantenimiento<\/li>\n<li style=\"text-align: justify;\">Estructura fabricada en acero inoxidable<\/li>\n<\/ul>\n<\/div><\/div>\n\n<div class=\"et_pb_image_6 et_pb_image et_pb_module et_flex_module mi-contenedor\"><span class=\"et_pb_image_wrap\"><img loading=\"lazy\" decoding=\"async\" src=\"https:\/\/imexcomed.com.bo\/wp-content\/uploads\/2026\/03\/Mesa-de-Curacion.jpg\" title=\"Mesa de Curacio\u0301n\" width=\"410\" height=\"280\" srcset=\"https:\/\/imexcomed.com.bo\/wp-content\/uploads\/2026\/03\/Mesa-de-Curacion.jpg 410w, https:\/\/imexcomed.com.bo\/wp-content\/uploads\/2026\/03\/Mesa-de-Curacion-300x205.jpg 300w\" sizes=\"(max-width: 410px) 100vw, 410px\" class=\"wp-image-911\" \/><\/span><\/div>\n\n<div class=\"et_pb_text_10 et_pb_text et_pb_bg_layout_light et_pb_module et_block_module preset--group--divi-text--divi-font-body--h19rs5u--default preset--group--divi-text--divi-font-body--h1yjkjr--default preset--module--divi-text--699cb4dcd6faa\"><div class=\"et_pb_text_inner\"><h2>Mesa de Curaci\u00f3n<\/h2>\n<ul>\n<li style=\"text-align: justify;\">Capacidad de carga hasta 15 kg (33 lb).<\/li>\n<li style=\"text-align: justify;\">Estructura fabricada en acero inoxidable.<\/li>\n<li style=\"text-align: justify;\">Acabado pintura en polvo epoxi poli\u00e9ster de aplicaci\u00f3n electrost\u00e1tica.<\/li>\n<li style=\"text-align: justify;\">Bandejas para la clasificaci\u00f3n de material.<\/li>\n<li style=\"text-align: justify;\">Ruedas en poliuretano libre de mantenimiento.<\/li>\n<\/ul>\n<\/div><\/div>\n\n<div class=\"et_pb_image_7 et_pb_image et_pb_module et_flex_module mi-contenedor\"><span class=\"et_pb_image_wrap\"><img loading=\"lazy\" decoding=\"async\" src=\"https:\/\/imexcomed.com.bo\/wp-content\/uploads\/2026\/03\/Carro-de-Paro.jpg\" title=\"Carro de Paro\" width=\"410\" height=\"280\" srcset=\"https:\/\/imexcomed.com.bo\/wp-content\/uploads\/2026\/03\/Carro-de-Paro.jpg 410w, https:\/\/imexcomed.com.bo\/wp-content\/uploads\/2026\/03\/Carro-de-Paro-300x205.jpg 300w\" sizes=\"(max-width: 410px) 100vw, 410px\" class=\"wp-image-910\" \/><\/span><\/div>\n\n<div class=\"et_pb_text_11 et_pb_text et_pb_bg_layout_light et_pb_module et_block_module preset--group--divi-text--divi-font-body--h19rs5u--default preset--group--divi-text--divi-font-body--h1yjkjr--default preset--module--divi-text--699cb4dcd6faa\"><div class=\"et_pb_text_inner\"><h2>Carro de Paro<\/h2>\n<ul>\n<li style=\"text-align: justify;\">Estructura fabricada en l\u00e1mina y tuber\u00eda estructural de acero Cold Rolled de alta resistencia para mejor durabilidad del producto.<\/li>\n<li style=\"text-align: justify;\">Gavetas y\/o canastilla para almacenamiento y transporte de medicamentos y material m\u00e9dico.<\/li>\n<li style=\"text-align: justify;\">Barandilla de seguridad con manillar met\u00e1lico para el f\u00e1cil transporte del carro por parte del personal asistencial.<\/li>\n<li style=\"text-align: justify;\">Reduzca costos con las ruedas de 5\u2033, libres de mantenimiento con bloqueo central para la seguridad del personal asistencial que la transporta.<\/li>\n<li style=\"text-align: justify;\">Capacidad de carga: 50 kg (110 lb).<\/li>\n<li style=\"text-align: justify;\">Suministre energ\u00eda a trav\u00e9s del cable de poder de 3 mt (3000 mm).<\/li>\n<li style=\"text-align: justify;\">Movilizaci\u00f3n segura gracias al para choque perimetral.<\/li>\n<\/ul>\n<\/div><\/div>\n\n<div class=\"et_pb_image_8 et_pb_image et_pb_module et_flex_module mi-contenedor\"><span class=\"et_pb_image_wrap\"><img loading=\"lazy\" decoding=\"async\" src=\"https:\/\/imexcomed.com.bo\/wp-content\/uploads\/2026\/03\/Mesa-de-Noche.jpg\" title=\"Mesa de Noche\" width=\"410\" height=\"280\" srcset=\"https:\/\/imexcomed.com.bo\/wp-content\/uploads\/2026\/03\/Mesa-de-Noche.jpg 410w, https:\/\/imexcomed.com.bo\/wp-content\/uploads\/2026\/03\/Mesa-de-Noche-300x205.jpg 300w\" sizes=\"(max-width: 410px) 100vw, 410px\" class=\"wp-image-912\" \/><\/span><\/div>\n\n<div class=\"et_pb_text_12 et_pb_text et_pb_bg_layout_light et_pb_module et_block_module preset--group--divi-text--divi-font-body--h19rs5u--default preset--group--divi-text--divi-font-body--h1yjkjr--default preset--module--divi-text--699cb4dcd6faa\"><div class=\"et_pb_text_inner\"><h2>Mesa de Noche<\/h2>\n<ul>\n<li style=\"text-align: justify;\">Practicidad y funcionalidad en ambientes hospitalarios.<\/li>\n<li style=\"text-align: justify;\">Capacidad de carga hasta 30 kg (66 lb).<\/li>\n<li style=\"text-align: justify;\">Estructura fabricada en acero inoxidable.<\/li>\n<li style=\"text-align: justify;\">Acabado pintura en polvo epoxi poli\u00e9ster de aplicaci\u00f3n electrost\u00e1tica.<\/li>\n<\/ul>\n<\/div><\/div>\n\n<div class=\"et_pb_image_9 et_pb_image et_pb_module et_flex_module mi-contenedor\"><span class=\"et_pb_image_wrap\"><img loading=\"lazy\" decoding=\"async\" src=\"https:\/\/imexcomed.com.bo\/wp-content\/uploads\/2026\/03\/Mesa-Mayo.jpg\" title=\"Mesa Mayo\" width=\"410\" height=\"280\" srcset=\"https:\/\/imexcomed.com.bo\/wp-content\/uploads\/2026\/03\/Mesa-Mayo.jpg 410w, https:\/\/imexcomed.com.bo\/wp-content\/uploads\/2026\/03\/Mesa-Mayo-300x205.jpg 300w\" sizes=\"(max-width: 410px) 100vw, 410px\" class=\"wp-image-913\" \/><\/span><\/div>\n\n<div class=\"et_pb_text_13 et_pb_text et_pb_bg_layout_light et_pb_module et_block_module preset--group--divi-text--divi-font-body--h19rs5u--default preset--group--divi-text--divi-font-body--h1yjkjr--default preset--module--divi-text--699cb4dcd6faa\"><div class=\"et_pb_text_inner\"><h2>Mesa de Mayo<\/h2>\n<ul>\n<li style=\"text-align: justify;\">Mesa instrumental que facilita la labor del personal asistencial.<\/li>\n<li style=\"text-align: justify;\">Estructura en acero inoxidable para mejor durabilidad del producto.<\/li>\n<li style=\"text-align: justify;\">Ruedas en poliuretano.<\/li>\n<\/ul>\n<\/div><\/div>\n\n<div class=\"et_pb_module et_pb_button_module_wrapper et_pb_button_1_wrapper\"><a class=\"et_pb_button_1 et_pb_button et_pb_bg_layout_light et_pb_module et_flex_module\" href=\"https:\/\/imexcomed.com.bo\/index.php\/mobiliario\/#sillas\">Retornar<\/a><\/div>\n<\/div>\n<\/div>\n<\/div>","protected":false},"excerpt":{"rendered":"","protected":false},"author":2,"featured_media":0,"parent":0,"menu_order":0,"comment_status":"closed","ping_status":"closed","template":"","meta":{"footnotes":""},"class_list":["post-933","page","type-page","status-publish","hentry"],"_links":{"self":[{"href":"https:\/\/imexcomed.com.bo\/index.php\/wp-json\/wp\/v2\/pages\/933","targetHints":{"allow":["GET"]}}],"collection":[{"href":"https:\/\/imexcomed.com.bo\/index.php\/wp-json\/wp\/v2\/pages"}],"about":[{"href":"https:\/\/imexcomed.com.bo\/index.php\/wp-json\/wp\/v2\/types\/page"}],"author":[{"embeddable":true,"href":"https:\/\/imexcomed.com.bo\/index.php\/wp-json\/wp\/v2\/users\/2"}],"replies":[{"embeddable":true,"href":"https:\/\/imexcomed.com.bo\/index.php\/wp-json\/wp\/v2\/comments?post=933"}],"version-history":[{"count":13,"href":"https:\/\/imexcomed.com.bo\/index.php\/wp-json\/wp\/v2\/pages\/933\/revisions"}],"predecessor-version":[{"id":1604,"href":"https:\/\/imexcomed.com.bo\/index.php\/wp-json\/wp\/v2\/pages\/933\/revisions\/1604"}],"wp:attachment":[{"href":"https:\/\/imexcomed.com.bo\/index.php\/wp-json\/wp\/v2\/media?parent=933"}],"curies":[{"name":"wp","href":"https:\/\/api.w.org\/{rel}","templated":true}]}}